{"id":42455,"date":"2025-04-26T05:08:44","date_gmt":"2025-04-26T03:08:44","guid":{"rendered":"https:\/\/maderoterapiaonline.org\/producto\/pack-body-anti-cellulite-facial-ebook-wood-therapy-kits\/"},"modified":"2025-09-28T18:22:01","modified_gmt":"2025-09-28T16:22:01","slug":"pack-kits-corporal-anti-cellulite-therapie-faciale-livre","status":"publish","type":"product","link":"https:\/\/maderoterapiaonline.org\/fr\/producto\/pack-kits-corporal-anti-cellulite-therapie-faciale-livre\/","title":{"rendered":"Pack kits Madero th\u00e9rapie Corps + Anticellulite + Visage"},"content":{"rendered":"<p>Si vous \u00eates un amateur de la th\u00e9rapie par le bois sous toutes ses facettes, voici vos <span style=\"color: #000000;\"><strong>kits de pack Th\u00e9rapie par le bois pour le corps, l\u2019anti-cellulite et le soin du visage<\/strong> <\/span>avec lesquels vous pouvez appliquer toutes les techniques et traitements pour obtenir les meilleurs r\u00e9sultats, les \u00e9l\u00e9ments sont en bois de pin et lotus naturel et con\u00e7us par Madero Therapy Aesthetics Spain\u00ae.<\/p>\n<p><span style=\"color: #000000;\"><strong>Kit de th\u00e9rapie du bois<\/strong><\/span><\/p>\n<ol>\n<li>Le kit Body Wood Therapy contient 6 \u00e9l\u00e9ments.<\/li>\n<li>Le kit th\u00e9rapeutique anti-cellulite en bois contient 5 \u00e9l\u00e9ments.<\/li>\n<li>Le kit Maderoterapia facial contient 7 \u00e9l\u00e9ments.<\/li>\n<\/ol>\n<p><span style=\"color: #000000;\"><strong>Ch\u00e8ques-cadeaux inclus<\/strong><\/span><\/p>\n<ul>\n<li style=\"list-style-type: none;\">\n<ul>\n<li>Masterclass de maderoth\u00e9rapie en ligne<\/li>\n<\/ul>\n<\/li>\n<\/ul>\n<p><span style=\"color: #000000;\"><strong>Le pack de 3 kits comprend 18 \u00e9l\u00e9ments :<\/strong><\/span><\/p>\n<ol>\n<li>Rouleau courbe.<\/li>\n<li>Rouleau molet\u00e9<\/li>\n<li>Rouleau \u00e0 godets<\/li>\n<li>Planche \u00e0 moulures dent\u00e9es.<\/li>\n<li>Coupe de Su\u00e8de.<\/li>\n<li><span style=\"vertical-align: inherit;\"><span style=\"vertical-align: inherit;\">Coupe de Su\u00e8de.<\/span><\/span><\/li>\n<li>Gobelet \u00e0 rouleaux.<\/li>\n<li>R\u00e9duire les champignons.<\/li>\n<li><span style=\"vertical-align: inherit;\"><span style=\"vertical-align: inherit;\">R\u00e9duire les champignons.<\/span><\/span><\/li>\n<li>Cylindre anticellulite.<\/li>\n<li><span style=\"vertical-align: inherit;\"><span style=\"vertical-align: inherit;\">Cylindre anticellulite.<\/span><\/span><\/li>\n<li>Mini-rouleau lisse.<\/li>\n<li>Mini-rouleau rainur\u00e9.<\/li>\n<li>Mini-rouleau avec relief.<\/li>\n<li>Mini-rouleau biseaut\u00e9.<\/li>\n<li>Table de mini-mise en forme.<\/li>\n<li>Mini-champignon r\u00e9ducteur.<\/li>\n<li>Mini-coupe su\u00e9doise.<\/li>\n<\/ol>\n","protected":false},"excerpt":{"rendered":"<h3>Vous souhaitez commencer votre parcours professionnel avec Maderoterapia ?<\/h3>\n<p>Si vous \u00eates un amateur de la th\u00e9rapie par le bois sous toutes ses facettes, il <strong>s\u2019agit de votre pack de 3 kits en th\u00e9rapie par le bois pour le corps, l\u2019anti-cellulite et le visage<\/strong> avec lesquels vous pouvez appliquer toutes les techniques et traitements pour obtenir les meilleurs r\u00e9sultats, les \u00e9l\u00e9ments sont en bois de pin et lotus naturel et con\u00e7us par Wood Therapy Aesthetics Spain\u00ae.<\/p>\n<p><strong>Pack 3 kits de th\u00e9rapie par le bois<\/strong><\/p>\n<ol>\n<li>Le kit Body Wood Therapy contient 6 \u00e9l\u00e9ments.<\/li>\n<li>Le kit th\u00e9rapeutique anti-cellulite en bois contient 5 \u00e9l\u00e9ments.<\/li>\n<li>Le kit Maderoterapia facial contient 7 \u00e9l\u00e9ments.<\/li>\n<\/ol>\n<p><strong>Ch\u00e8ques-cadeaux inclus<\/strong><\/p>\n<ol>\n<li><strong>Le ch\u00e8que-cadeau comprend<\/strong>\n<ul>\n<li>Masterclass de maderoth\u00e9rapie en ligne<\/li>\n<\/ul>\n<\/li>\n<\/ol>\n","protected":false},"featured_media":47468,"comment_status":"closed","ping_status":"closed","template":"","meta":{"content-type":""},"product_brand":[],"product_cat":[385,389,388],"product_tag":[],"class_list":{"0":"post-42455","1":"product","2":"type-product","3":"status-publish","4":"has-post-thumbnail","6":"product_cat-kits-de-therapie-par-le-bois","7":"product_cat-offres","8":"product_cat-therapie-du-bois","10":"first","11":"outofstock","12":"sale","13":"taxable","14":"shipping-taxable","15":"purchasable","16":"product-type-simple"},"yoast_head":"<!-- This site is optimized with the Yoast SEO plugin v27.2 - https:\/\/yoast.com\/product\/yoast-seo-wordpress\/ -->\n<title>Pack kits Madero th\u00e9rapie Corps + Anticellulite + Visage - Maderoterapia Online<\/title>\n<meta name=\"description\" content=\"D\u00e9couvrez le Pack Th\u00e9rapie par le Bois, votre alli\u00e9 ultime contre la cellulite. Equip\u00e9 de 11 outils essentiels, ce combo est pr\u00eat \u00e0 r\u00e9volutionner votre pratique esth\u00e9tique. De plus, il comprend un cours en ligne pour perfectionner votre technique !\" \/>\n<meta name=\"robots\" content=\"index, follow, max-snippet:-1, max-image-preview:large, max-video-preview:-1\" \/>\n<link rel=\"canonical\" href=\"https:\/\/maderoterapiaonline.org\/fr\/producto\/pack-kits-corporal-anti-cellulite-therapie-faciale-livre\/\" \/>\n<meta property=\"og:locale\" content=\"fr_FR\" \/>\n<meta property=\"og:type\" content=\"article\" \/>\n<meta property=\"og:title\" content=\"Pack kits Madero th\u00e9rapie Corps + Anticellulite + Visage - Maderoterapia Online\" \/>\n<meta property=\"og:description\" content=\"D\u00e9couvrez le Pack Th\u00e9rapie par le Bois, votre alli\u00e9 ultime contre la cellulite. Equip\u00e9 de 11 outils essentiels, ce combo est pr\u00eat \u00e0 r\u00e9volutionner votre pratique esth\u00e9tique. De plus, il comprend un cours en ligne pour perfectionner votre technique !\" \/>\n<meta property=\"og:url\" content=\"https:\/\/maderoterapiaonline.org\/fr\/producto\/pack-kits-corporal-anti-cellulite-therapie-faciale-livre\/\" \/>\n<meta property=\"og:site_name\" content=\"Maderoterapia Online\" \/>\n<meta property=\"article:modified_time\" content=\"2025-09-28T16:22:01+00:00\" \/>\n<meta property=\"og:image\" content=\"https:\/\/maderoterapiaonline.org\/wp-content\/uploads\/2023\/07\/1-13.jpg\" \/>\n\t<meta property=\"og:image:width\" content=\"1080\" \/>\n\t<meta property=\"og:image:height\" content=\"1080\" \/>\n\t<meta property=\"og:image:type\" content=\"image\/jpeg\" \/>\n<meta name=\"twitter:card\" content=\"summary_large_image\" \/>\n<meta name=\"twitter:label1\" content=\"Dur\u00e9e de lecture estim\u00e9e\" \/>\n\t<meta name=\"twitter:data1\" content=\"1 minute\" \/>\n<script type=\"application\/ld+json\" class=\"yoast-schema-graph\">{\"@context\":\"https:\/\/schema.org\",\"@graph\":[{\"@type\":\"WebPage\",\"@id\":\"https:\/\/maderoterapiaonline.org\/fr\/producto\/pack-kits-corporal-anti-cellulite-therapie-faciale-livre\/\",\"url\":\"https:\/\/maderoterapiaonline.org\/fr\/producto\/pack-kits-corporal-anti-cellulite-therapie-faciale-livre\/\",\"name\":\"Pack kits Madero th\u00e9rapie Corps + Anticellulite + Visage - Maderoterapia Online\",\"isPartOf\":{\"@id\":\"https:\/\/maderoterapiaonline.org\/fr\/#website\"},\"primaryImageOfPage\":{\"@id\":\"https:\/\/maderoterapiaonline.org\/fr\/producto\/pack-kits-corporal-anti-cellulite-therapie-faciale-livre\/#primaryimage\"},\"image\":{\"@id\":\"https:\/\/maderoterapiaonline.org\/fr\/producto\/pack-kits-corporal-anti-cellulite-therapie-faciale-livre\/#primaryimage\"},\"thumbnailUrl\":\"https:\/\/maderoterapiaonline.org\/wp-content\/uploads\/2025\/03\/Frances.jpg\",\"datePublished\":\"2025-04-26T03:08:44+00:00\",\"dateModified\":\"2025-09-28T16:22:01+00:00\",\"description\":\"D\u00e9couvrez le Pack Th\u00e9rapie par le Bois, votre alli\u00e9 ultime contre la cellulite. Equip\u00e9 de 11 outils essentiels, ce combo est pr\u00eat \u00e0 r\u00e9volutionner votre pratique esth\u00e9tique. De plus, il comprend un cours en ligne pour perfectionner votre technique !\",\"breadcrumb\":{\"@id\":\"https:\/\/maderoterapiaonline.org\/fr\/producto\/pack-kits-corporal-anti-cellulite-therapie-faciale-livre\/#breadcrumb\"},\"inLanguage\":\"fr-FR\",\"potentialAction\":[{\"@type\":\"ReadAction\",\"target\":[\"https:\/\/maderoterapiaonline.org\/fr\/producto\/pack-kits-corporal-anti-cellulite-therapie-faciale-livre\/\"]}]},{\"@type\":\"ImageObject\",\"inLanguage\":\"fr-FR\",\"@id\":\"https:\/\/maderoterapiaonline.org\/fr\/producto\/pack-kits-corporal-anti-cellulite-therapie-faciale-livre\/#primaryimage\",\"url\":\"https:\/\/maderoterapiaonline.org\/wp-content\/uploads\/2025\/03\/Frances.jpg\",\"contentUrl\":\"https:\/\/maderoterapiaonline.org\/wp-content\/uploads\/2025\/03\/Frances.jpg\",\"width\":1080,\"height\":1080,\"caption\":\"kit completo maderoterapia online 18 piezas\"},{\"@type\":\"BreadcrumbList\",\"@id\":\"https:\/\/maderoterapiaonline.org\/fr\/producto\/pack-kits-corporal-anti-cellulite-therapie-faciale-livre\/#breadcrumb\",\"itemListElement\":[{\"@type\":\"ListItem\",\"position\":1,\"name\":\"Portada\",\"item\":\"https:\/\/maderoterapiaonline.org\/fr\/\"},{\"@type\":\"ListItem\",\"position\":2,\"name\":\"Boutique\",\"item\":\"https:\/\/maderoterapiaonline.org\/kits-maderas\/\"},{\"@type\":\"ListItem\",\"position\":3,\"name\":\"Pack kits Madero th\u00e9rapie Corps + Anticellulite + Visage\"}]},{\"@type\":\"WebSite\",\"@id\":\"https:\/\/maderoterapiaonline.org\/fr\/#website\",\"url\":\"https:\/\/maderoterapiaonline.org\/fr\/\",\"name\":\"Maderoterapia Online\",\"description\":\"Compra tu kit de Maderoterapia Profesional. Env\u00edos 24\/48h. Atenci\u00f3n al cliente por profesionales Maderoterapeutas\",\"publisher\":{\"@id\":\"https:\/\/maderoterapiaonline.org\/fr\/#organization\"},\"alternateName\":\"Maderoterapiaonline.org\",\"potentialAction\":[{\"@type\":\"SearchAction\",\"target\":{\"@type\":\"EntryPoint\",\"urlTemplate\":\"https:\/\/maderoterapiaonline.org\/fr\/?s={search_term_string}\"},\"query-input\":{\"@type\":\"PropertyValueSpecification\",\"valueRequired\":true,\"valueName\":\"search_term_string\"}}],\"inLanguage\":\"fr-FR\"},{\"@type\":\"Organization\",\"@id\":\"https:\/\/maderoterapiaonline.org\/fr\/#organization\",\"name\":\"Maderoterapia Est\u00e9tica Espa\u00f1a \u2013 Dori L\u00f3pez\u00ae y Escuela Profesional Maderoterapia Online\u00ae.\",\"url\":\"https:\/\/maderoterapiaonline.org\/fr\/\",\"logo\":{\"@type\":\"ImageObject\",\"inLanguage\":\"fr-FR\",\"@id\":\"https:\/\/maderoterapiaonline.org\/fr\/#\/schema\/logo\/image\/\",\"url\":\"https:\/\/maderoterapiaonline.org\/wp-content\/uploads\/2025\/03\/Logo-M-1.png\",\"contentUrl\":\"https:\/\/maderoterapiaonline.org\/wp-content\/uploads\/2025\/03\/Logo-M-1.png\",\"width\":1464,\"height\":1051,\"caption\":\"Maderoterapia Est\u00e9tica Espa\u00f1a \u2013 Dori L\u00f3pez\u00ae y Escuela Profesional Maderoterapia Online\u00ae.\"},\"image\":{\"@id\":\"https:\/\/maderoterapiaonline.org\/fr\/#\/schema\/logo\/image\/\"}}]}<\/script>\n<!-- \/ Yoast SEO plugin. -->","yoast_head_json":{"title":"Pack kits Madero th\u00e9rapie Corps + Anticellulite + Visage - Maderoterapia Online","description":"D\u00e9couvrez le Pack Th\u00e9rapie par le Bois, votre alli\u00e9 ultime contre la cellulite. Equip\u00e9 de 11 outils essentiels, ce combo est pr\u00eat \u00e0 r\u00e9volutionner votre pratique esth\u00e9tique. De plus, il comprend un cours en ligne pour perfectionner votre technique !","robots":{"index":"index","follow":"follow","max-snippet":"max-snippet:-1","max-image-preview":"max-image-preview:large","max-video-preview":"max-video-preview:-1"},"canonical":"https:\/\/maderoterapiaonline.org\/fr\/producto\/pack-kits-corporal-anti-cellulite-therapie-faciale-livre\/","og_locale":"fr_FR","og_type":"article","og_title":"Pack kits Madero th\u00e9rapie Corps + Anticellulite + Visage - Maderoterapia Online","og_description":"D\u00e9couvrez le Pack Th\u00e9rapie par le Bois, votre alli\u00e9 ultime contre la cellulite. Equip\u00e9 de 11 outils essentiels, ce combo est pr\u00eat \u00e0 r\u00e9volutionner votre pratique esth\u00e9tique. De plus, il comprend un cours en ligne pour perfectionner votre technique !","og_url":"https:\/\/maderoterapiaonline.org\/fr\/producto\/pack-kits-corporal-anti-cellulite-therapie-faciale-livre\/","og_site_name":"Maderoterapia Online","article_modified_time":"2025-09-28T16:22:01+00:00","og_image":[{"width":1080,"height":1080,"url":"https:\/\/maderoterapiaonline.org\/wp-content\/uploads\/2023\/07\/1-13.jpg","type":"image\/jpeg"}],"twitter_card":"summary_large_image","twitter_misc":{"Dur\u00e9e de lecture estim\u00e9e":"1 minute"},"schema":{"@context":"https:\/\/schema.org","@graph":[{"@type":"WebPage","@id":"https:\/\/maderoterapiaonline.org\/fr\/producto\/pack-kits-corporal-anti-cellulite-therapie-faciale-livre\/","url":"https:\/\/maderoterapiaonline.org\/fr\/producto\/pack-kits-corporal-anti-cellulite-therapie-faciale-livre\/","name":"Pack kits Madero th\u00e9rapie Corps + Anticellulite + Visage - Maderoterapia Online","isPartOf":{"@id":"https:\/\/maderoterapiaonline.org\/fr\/#website"},"primaryImageOfPage":{"@id":"https:\/\/maderoterapiaonline.org\/fr\/producto\/pack-kits-corporal-anti-cellulite-therapie-faciale-livre\/#primaryimage"},"image":{"@id":"https:\/\/maderoterapiaonline.org\/fr\/producto\/pack-kits-corporal-anti-cellulite-therapie-faciale-livre\/#primaryimage"},"thumbnailUrl":"https:\/\/maderoterapiaonline.org\/wp-content\/uploads\/2025\/03\/Frances.jpg","datePublished":"2025-04-26T03:08:44+00:00","dateModified":"2025-09-28T16:22:01+00:00","description":"D\u00e9couvrez le Pack Th\u00e9rapie par le Bois, votre alli\u00e9 ultime contre la cellulite. Equip\u00e9 de 11 outils essentiels, ce combo est pr\u00eat \u00e0 r\u00e9volutionner votre pratique esth\u00e9tique. De plus, il comprend un cours en ligne pour perfectionner votre technique !","breadcrumb":{"@id":"https:\/\/maderoterapiaonline.org\/fr\/producto\/pack-kits-corporal-anti-cellulite-therapie-faciale-livre\/#breadcrumb"},"inLanguage":"fr-FR","potentialAction":[{"@type":"ReadAction","target":["https:\/\/maderoterapiaonline.org\/fr\/producto\/pack-kits-corporal-anti-cellulite-therapie-faciale-livre\/"]}]},{"@type":"ImageObject","inLanguage":"fr-FR","@id":"https:\/\/maderoterapiaonline.org\/fr\/producto\/pack-kits-corporal-anti-cellulite-therapie-faciale-livre\/#primaryimage","url":"https:\/\/maderoterapiaonline.org\/wp-content\/uploads\/2025\/03\/Frances.jpg","contentUrl":"https:\/\/maderoterapiaonline.org\/wp-content\/uploads\/2025\/03\/Frances.jpg","width":1080,"height":1080,"caption":"kit completo maderoterapia online 18 piezas"},{"@type":"BreadcrumbList","@id":"https:\/\/maderoterapiaonline.org\/fr\/producto\/pack-kits-corporal-anti-cellulite-therapie-faciale-livre\/#breadcrumb","itemListElement":[{"@type":"ListItem","position":1,"name":"Portada","item":"https:\/\/maderoterapiaonline.org\/fr\/"},{"@type":"ListItem","position":2,"name":"Boutique","item":"https:\/\/maderoterapiaonline.org\/kits-maderas\/"},{"@type":"ListItem","position":3,"name":"Pack kits Madero th\u00e9rapie Corps + Anticellulite + Visage"}]},{"@type":"WebSite","@id":"https:\/\/maderoterapiaonline.org\/fr\/#website","url":"https:\/\/maderoterapiaonline.org\/fr\/","name":"Maderoterapia Online","description":"Compra tu kit de Maderoterapia Profesional. Env\u00edos 24\/48h. Atenci\u00f3n al cliente por profesionales Maderoterapeutas","publisher":{"@id":"https:\/\/maderoterapiaonline.org\/fr\/#organization"},"alternateName":"Maderoterapiaonline.org","potentialAction":[{"@type":"SearchAction","target":{"@type":"EntryPoint","urlTemplate":"https:\/\/maderoterapiaonline.org\/fr\/?s={search_term_string}"},"query-input":{"@type":"PropertyValueSpecification","valueRequired":true,"valueName":"search_term_string"}}],"inLanguage":"fr-FR"},{"@type":"Organization","@id":"https:\/\/maderoterapiaonline.org\/fr\/#organization","name":"Maderoterapia Est\u00e9tica Espa\u00f1a \u2013 Dori L\u00f3pez\u00ae y Escuela Profesional Maderoterapia Online\u00ae.","url":"https:\/\/maderoterapiaonline.org\/fr\/","logo":{"@type":"ImageObject","inLanguage":"fr-FR","@id":"https:\/\/maderoterapiaonline.org\/fr\/#\/schema\/logo\/image\/","url":"https:\/\/maderoterapiaonline.org\/wp-content\/uploads\/2025\/03\/Logo-M-1.png","contentUrl":"https:\/\/maderoterapiaonline.org\/wp-content\/uploads\/2025\/03\/Logo-M-1.png","width":1464,"height":1051,"caption":"Maderoterapia Est\u00e9tica Espa\u00f1a \u2013 Dori L\u00f3pez\u00ae y Escuela Profesional Maderoterapia Online\u00ae."},"image":{"@id":"https:\/\/maderoterapiaonline.org\/fr\/#\/schema\/logo\/image\/"}}]}},"_links":{"self":[{"href":"https:\/\/maderoterapiaonline.org\/fr\/wp-json\/wp\/v2\/product\/42455","targetHints":{"allow":["GET"]}}],"collection":[{"href":"https:\/\/maderoterapiaonline.org\/fr\/wp-json\/wp\/v2\/product"}],"about":[{"href":"https:\/\/maderoterapiaonline.org\/fr\/wp-json\/wp\/v2\/types\/product"}],"replies":[{"embeddable":true,"href":"https:\/\/maderoterapiaonline.org\/fr\/wp-json\/wp\/v2\/comments?post=42455"}],"wp:featuredmedia":[{"embeddable":true,"href":"https:\/\/maderoterapiaonline.org\/fr\/wp-json\/wp\/v2\/media\/47468"}],"wp:attachment":[{"href":"https:\/\/maderoterapiaonline.org\/fr\/wp-json\/wp\/v2\/media?parent=42455"}],"wp:term":[{"taxonomy":"product_brand","embeddable":true,"href":"https:\/\/maderoterapiaonline.org\/fr\/wp-json\/wp\/v2\/product_brand?post=42455"},{"taxonomy":"product_cat","embeddable":true,"href":"https:\/\/maderoterapiaonline.org\/fr\/wp-json\/wp\/v2\/product_cat?post=42455"},{"taxonomy":"product_tag","embeddable":true,"href":"https:\/\/maderoterapiaonline.org\/fr\/wp-json\/wp\/v2\/product_tag?post=42455"}],"curies":[{"name":"wp","href":"https:\/\/api.w.org\/{rel}","templated":true}]}}