{"id":42454,"date":"2023-06-21T10:08:59","date_gmt":"2023-06-21T08:08:59","guid":{"rendered":"https:\/\/maderoterapiaonline.org\/producto\/nouveau-kit-facial-bois-et-metal\/"},"modified":"2025-10-08T09:58:56","modified_gmt":"2025-10-08T07:58:56","slug":"nouveau-kit-facial-bois-metal","status":"publish","type":"product","link":"https:\/\/maderoterapiaonline.org\/fr\/producto\/nouveau-kit-facial-bois-metal\/","title":{"rendered":"Nouveau kit de th\u00e9rapie pour le visage en bois et en m\u00e9tal"},"content":{"rendered":"<p>Une peau ferme, lisse et \u00e9clatante ?<\/p>\n<p>L&rsquo;Escuela Maderoterapia Est\u00e9tica Espa\u00f1a\u00ae pr\u00e9sente le nouveau KIT FACIAL Bois &amp; M\u00e9tal, qui rajeunit le visage de votre cliente en lui donnant une peau raffermie, ferme et sans impuret\u00e9s, sans avoir recours \u00e0 la chirurgie.<\/p>\n<p>D\u00e9couvrez comment, gr\u00e2ce au m\u00e9tal, vous pouvez multiplier les r\u00e9sultats du kit de th\u00e9rapie du bois, gr\u00e2ce \u00e0 son effet anti-inflammatoire, il raffermit la peau du visage et r\u00e9duit l&rsquo;inflammation de mani\u00e8re naturelle.<\/p>\n<p>Offrez \u00e0 votre cliente le visage qu&rsquo;elle d\u00e9sire gr\u00e2ce \u00e0 tous les bienfaits de la th\u00e9rapie faciale bois et m\u00e9tal.<\/p>\n<p><img decoding=\"async\" class=\"emoji\" role=\"img\" draggable=\"false\" src=\"https:\/\/s.w.org\/images\/core\/emoji\/14.0.0\/svg\/2705.svg\" alt=\"\u2705\"> \u00c9liminer les lignes d&rsquo;expression<br \/>\n<img decoding=\"async\" class=\"emoji\" role=\"img\" draggable=\"false\" src=\"https:\/\/s.w.org\/images\/core\/emoji\/14.0.0\/svg\/2705.svg\" alt=\"\u2705\">  Hausser les sourcils<br \/>\n<img decoding=\"async\" class=\"emoji\" role=\"img\" draggable=\"false\" src=\"https:\/\/s.w.org\/images\/core\/emoji\/14.0.0\/svg\/2705.svg\" alt=\"\u2705\"> Remplir les pommettes<br \/>\n<img decoding=\"async\" class=\"emoji\" role=\"img\" draggable=\"false\" src=\"https:\/\/s.w.org\/images\/core\/emoji\/14.0.0\/svg\/2705.svg\" alt=\"\u2705\"> Am\u00e9liorer et \u00e9liminer les cernes sous les yeux<br \/>\n<img decoding=\"async\" class=\"emoji\" role=\"img\" draggable=\"false\" src=\"https:\/\/s.w.org\/images\/core\/emoji\/14.0.0\/svg\/2705.svg\" alt=\"\u2705\">  \u00c9limine le coin de la bouche<br \/>\n<img decoding=\"async\" class=\"emoji\" role=\"img\" draggable=\"false\" src=\"https:\/\/s.w.org\/images\/core\/emoji\/14.0.0\/svg\/2705.svg\" alt=\"\u2705\"> R\u00e9duit le double menton<br \/>\n<img decoding=\"async\" class=\"emoji\" role=\"img\" draggable=\"false\" src=\"https:\/\/s.w.org\/images\/core\/emoji\/14.0.0\/svg\/2705.svg\" alt=\"\u2705\"> Tonifie, raffermit et rajeunit la peau<br \/>\n<img decoding=\"async\" class=\"emoji\" role=\"img\" draggable=\"false\" src=\"https:\/\/s.w.org\/images\/core\/emoji\/14.0.0\/svg\/2705.svg\" alt=\"\u2705\"> Nettoie les impuret\u00e9s<\/p>\n","protected":false},"excerpt":{"rendered":"<p>Une peau ferme, lisse et \u00e9clatante ?<\/p>\n<p>L\u2019\u00e9cole de th\u00e9rapie esth\u00e9tique Madero Espagne\u00ae pr\u00e9sente le nouveau KIT FACIAL DE MAD\u00c9ROTH\u00c9RAPIE Bois &amp; M\u00e9tal, rajeunit le visage de votre client@ en obtenant une peau ferme, ferme et exempte d\u2019impuret\u00e9s sans passer par la salle d\u2019op\u00e9ration.<\/p>\n<p>D\u00e9couvrez comment, gr\u00e2ce au m\u00e9tal, vous pouvez multiplier les r\u00e9sultats du kit de th\u00e9rapie du bois, gr\u00e2ce \u00e0 son effet anti-inflammatoire, il raffermit la peau du visage et r\u00e9duit l&rsquo;inflammation de mani\u00e8re naturelle.<\/p>\n<p>Offrez \u00e0 votre cliente le visage qu&rsquo;elle d\u00e9sire gr\u00e2ce \u00e0 tous les bienfaits de la th\u00e9rapie faciale bois et m\u00e9tal.<\/p>\n<p><img decoding=\"async\" class=\"emoji\" role=\"img\" draggable=\"false\" src=\"https:\/\/s.w.org\/images\/core\/emoji\/14.0.0\/svg\/2705.svg\" alt=\"\u2705\"> \u00c9liminer les lignes d&rsquo;expression<br \/>\n<img decoding=\"async\" class=\"emoji\" role=\"img\" draggable=\"false\" src=\"https:\/\/s.w.org\/images\/core\/emoji\/14.0.0\/svg\/2705.svg\" alt=\"\u2705\">  Hausser les sourcils<br \/>\n<img decoding=\"async\" class=\"emoji\" role=\"img\" draggable=\"false\" src=\"https:\/\/s.w.org\/images\/core\/emoji\/14.0.0\/svg\/2705.svg\" alt=\"\u2705\"> Remplir les pommettes<br \/>\n<img decoding=\"async\" class=\"emoji\" role=\"img\" draggable=\"false\" src=\"https:\/\/s.w.org\/images\/core\/emoji\/14.0.0\/svg\/2705.svg\" alt=\"\u2705\"> Am\u00e9liorer et \u00e9liminer les cernes sous les yeux<br \/>\n<img decoding=\"async\" class=\"emoji\" role=\"img\" draggable=\"false\" src=\"https:\/\/s.w.org\/images\/core\/emoji\/14.0.0\/svg\/2705.svg\" alt=\"\u2705\">  \u00c9limine le coin de la bouche<br \/>\n<img decoding=\"async\" class=\"emoji\" role=\"img\" draggable=\"false\" src=\"https:\/\/s.w.org\/images\/core\/emoji\/14.0.0\/svg\/2705.svg\" alt=\"\u2705\"> R\u00e9duit le double menton<br \/>\n<img decoding=\"async\" class=\"emoji\" role=\"img\" draggable=\"false\" src=\"https:\/\/s.w.org\/images\/core\/emoji\/14.0.0\/svg\/2705.svg\" alt=\"\u2705\"> Tonifie, raffermit et rajeunit la peau<br \/>\n<img decoding=\"async\" class=\"emoji\" role=\"img\" draggable=\"false\" src=\"https:\/\/s.w.org\/images\/core\/emoji\/14.0.0\/svg\/2705.svg\" alt=\"\u2705\"> Nettoie les impuret\u00e9s<\/p>\n","protected":false},"featured_media":49288,"comment_status":"closed","ping_status":"closed","template":"","meta":{"content-type":""},"product_brand":[],"product_cat":[385,384],"product_tag":[],"class_list":{"0":"post-42454","1":"product","2":"type-product","3":"status-publish","4":"has-post-thumbnail","6":"product_cat-kits-de-therapie-par-le-bois","7":"product_cat-metatherapie","9":"first","10":"instock","11":"sale","12":"taxable","13":"shipping-taxable","14":"purchasable","15":"product-type-simple"},"yoast_head":"<!-- This site is optimized with the Yoast SEO plugin v27.2 - https:\/\/yoast.com\/product\/yoast-seo-wordpress\/ -->\n<title>Nouveau kit de th\u00e9rapie pour le visage en bois et en m\u00e9tal - Maderoterapia Online<\/title>\n<meta name=\"robots\" content=\"index, follow, max-snippet:-1, max-image-preview:large, max-video-preview:-1\" \/>\n<link rel=\"canonical\" href=\"https:\/\/maderoterapiaonline.org\/fr\/producto\/nouveau-kit-facial-bois-metal\/\" \/>\n<meta property=\"og:locale\" content=\"fr_FR\" \/>\n<meta property=\"og:type\" content=\"article\" \/>\n<meta property=\"og:title\" content=\"Nouveau kit de th\u00e9rapie pour le visage en bois et en m\u00e9tal - Maderoterapia Online\" \/>\n<meta property=\"og:description\" content=\"Une peau ferme, lisse et \u00e9clatante ? L\u2019\u00e9cole de th\u00e9rapie esth\u00e9tique Madero Espagne\u00ae pr\u00e9sente le nouveau KIT FACIAL DE MAD\u00c9ROTH\u00c9RAPIE Bois &amp; M\u00e9tal, rajeunit le visage de votre client@ en obtenant une peau ferme, ferme et exempte d\u2019impuret\u00e9s sans passer par la salle d\u2019op\u00e9ration. D\u00e9couvrez comment, gr\u00e2ce au m\u00e9tal, vous pouvez multiplier les r\u00e9sultats du kit de th\u00e9rapie du bois, gr\u00e2ce \u00e0 son effet anti-inflammatoire, il raffermit la peau du visage et r\u00e9duit l&#039;inflammation de mani\u00e8re naturelle. Offrez \u00e0 votre cliente le visage qu&#039;elle d\u00e9sire gr\u00e2ce \u00e0 tous les bienfaits de la th\u00e9rapie faciale bois et m\u00e9tal.  \u00c9liminer les lignes d&#039;expression  Hausser les sourcils Remplir les pommettes Am\u00e9liorer et \u00e9liminer les cernes sous les yeux  \u00c9limine le coin de la bouche R\u00e9duit le double menton Tonifie, raffermit et rajeunit la peau Nettoie les impuret\u00e9s\" \/>\n<meta property=\"og:url\" content=\"https:\/\/maderoterapiaonline.org\/fr\/producto\/nouveau-kit-facial-bois-metal\/\" \/>\n<meta property=\"og:site_name\" content=\"Maderoterapia Online\" \/>\n<meta property=\"article:modified_time\" content=\"2025-10-08T07:58:56+00:00\" \/>\n<meta property=\"og:image\" content=\"https:\/\/maderoterapiaonline.org\/wp-content\/uploads\/2023\/06\/2.jpg\" \/>\n\t<meta property=\"og:image:width\" content=\"1080\" \/>\n\t<meta property=\"og:image:height\" content=\"1080\" \/>\n\t<meta property=\"og:image:type\" content=\"image\/jpeg\" \/>\n<meta name=\"twitter:card\" content=\"summary_large_image\" \/>\n<meta name=\"twitter:label1\" content=\"Dur\u00e9e de lecture estim\u00e9e\" \/>\n\t<meta name=\"twitter:data1\" content=\"1 minute\" \/>\n<script type=\"application\/ld+json\" class=\"yoast-schema-graph\">{\"@context\":\"https:\/\/schema.org\",\"@graph\":[{\"@type\":\"WebPage\",\"@id\":\"https:\/\/maderoterapiaonline.org\/fr\/producto\/nouveau-kit-facial-bois-metal\/\",\"url\":\"https:\/\/maderoterapiaonline.org\/fr\/producto\/nouveau-kit-facial-bois-metal\/\",\"name\":\"Nouveau kit de th\u00e9rapie pour le visage en bois et en m\u00e9tal - Maderoterapia Online\",\"isPartOf\":{\"@id\":\"https:\/\/maderoterapiaonline.org\/fr\/#website\"},\"primaryImageOfPage\":{\"@id\":\"https:\/\/maderoterapiaonline.org\/fr\/producto\/nouveau-kit-facial-bois-metal\/#primaryimage\"},\"image\":{\"@id\":\"https:\/\/maderoterapiaonline.org\/fr\/producto\/nouveau-kit-facial-bois-metal\/#primaryimage\"},\"thumbnailUrl\":\"https:\/\/maderoterapiaonline.org\/wp-content\/uploads\/2023\/06\/2.jpg\",\"datePublished\":\"2023-06-21T08:08:59+00:00\",\"dateModified\":\"2025-10-08T07:58:56+00:00\",\"breadcrumb\":{\"@id\":\"https:\/\/maderoterapiaonline.org\/fr\/producto\/nouveau-kit-facial-bois-metal\/#breadcrumb\"},\"inLanguage\":\"fr-FR\",\"potentialAction\":[{\"@type\":\"ReadAction\",\"target\":[\"https:\/\/maderoterapiaonline.org\/fr\/producto\/nouveau-kit-facial-bois-metal\/\"]}]},{\"@type\":\"ImageObject\",\"inLanguage\":\"fr-FR\",\"@id\":\"https:\/\/maderoterapiaonline.org\/fr\/producto\/nouveau-kit-facial-bois-metal\/#primaryimage\",\"url\":\"https:\/\/maderoterapiaonline.org\/wp-content\/uploads\/2023\/06\/2.jpg\",\"contentUrl\":\"https:\/\/maderoterapiaonline.org\/wp-content\/uploads\/2023\/06\/2.jpg\",\"width\":1080,\"height\":1080,\"caption\":\"Kit facial metalterapia y maderoterapia 10 elementos\"},{\"@type\":\"BreadcrumbList\",\"@id\":\"https:\/\/maderoterapiaonline.org\/fr\/producto\/nouveau-kit-facial-bois-metal\/#breadcrumb\",\"itemListElement\":[{\"@type\":\"ListItem\",\"position\":1,\"name\":\"Portada\",\"item\":\"https:\/\/maderoterapiaonline.org\/fr\/\"},{\"@type\":\"ListItem\",\"position\":2,\"name\":\"Boutique\",\"item\":\"https:\/\/maderoterapiaonline.org\/kits-maderas\/\"},{\"@type\":\"ListItem\",\"position\":3,\"name\":\"Nouveau kit de th\u00e9rapie pour le visage en bois et en m\u00e9tal\"}]},{\"@type\":\"WebSite\",\"@id\":\"https:\/\/maderoterapiaonline.org\/fr\/#website\",\"url\":\"https:\/\/maderoterapiaonline.org\/fr\/\",\"name\":\"Maderoterapia Online\",\"description\":\"Compra tu kit de Maderoterapia Profesional. Env\u00edos 24\/48h. Atenci\u00f3n al cliente por profesionales Maderoterapeutas\",\"publisher\":{\"@id\":\"https:\/\/maderoterapiaonline.org\/fr\/#organization\"},\"alternateName\":\"Maderoterapiaonline.org\",\"potentialAction\":[{\"@type\":\"SearchAction\",\"target\":{\"@type\":\"EntryPoint\",\"urlTemplate\":\"https:\/\/maderoterapiaonline.org\/fr\/?s={search_term_string}\"},\"query-input\":{\"@type\":\"PropertyValueSpecification\",\"valueRequired\":true,\"valueName\":\"search_term_string\"}}],\"inLanguage\":\"fr-FR\"},{\"@type\":\"Organization\",\"@id\":\"https:\/\/maderoterapiaonline.org\/fr\/#organization\",\"name\":\"Maderoterapia Est\u00e9tica Espa\u00f1a \u2013 Dori L\u00f3pez\u00ae y Escuela Profesional Maderoterapia Online\u00ae.\",\"url\":\"https:\/\/maderoterapiaonline.org\/fr\/\",\"logo\":{\"@type\":\"ImageObject\",\"inLanguage\":\"fr-FR\",\"@id\":\"https:\/\/maderoterapiaonline.org\/fr\/#\/schema\/logo\/image\/\",\"url\":\"https:\/\/maderoterapiaonline.org\/wp-content\/uploads\/2025\/03\/Logo-M-1.png\",\"contentUrl\":\"https:\/\/maderoterapiaonline.org\/wp-content\/uploads\/2025\/03\/Logo-M-1.png\",\"width\":1464,\"height\":1051,\"caption\":\"Maderoterapia Est\u00e9tica Espa\u00f1a \u2013 Dori L\u00f3pez\u00ae y Escuela Profesional Maderoterapia Online\u00ae.\"},\"image\":{\"@id\":\"https:\/\/maderoterapiaonline.org\/fr\/#\/schema\/logo\/image\/\"}}]}<\/script>\n<!-- \/ Yoast SEO plugin. -->","yoast_head_json":{"title":"Nouveau kit de th\u00e9rapie pour le visage en bois et en m\u00e9tal - Maderoterapia Online","robots":{"index":"index","follow":"follow","max-snippet":"max-snippet:-1","max-image-preview":"max-image-preview:large","max-video-preview":"max-video-preview:-1"},"canonical":"https:\/\/maderoterapiaonline.org\/fr\/producto\/nouveau-kit-facial-bois-metal\/","og_locale":"fr_FR","og_type":"article","og_title":"Nouveau kit de th\u00e9rapie pour le visage en bois et en m\u00e9tal - Maderoterapia Online","og_description":"Une peau ferme, lisse et \u00e9clatante ? L\u2019\u00e9cole de th\u00e9rapie esth\u00e9tique Madero Espagne\u00ae pr\u00e9sente le nouveau KIT FACIAL DE MAD\u00c9ROTH\u00c9RAPIE Bois &amp; M\u00e9tal, rajeunit le visage de votre client@ en obtenant une peau ferme, ferme et exempte d\u2019impuret\u00e9s sans passer par la salle d\u2019op\u00e9ration. D\u00e9couvrez comment, gr\u00e2ce au m\u00e9tal, vous pouvez multiplier les r\u00e9sultats du kit de th\u00e9rapie du bois, gr\u00e2ce \u00e0 son effet anti-inflammatoire, il raffermit la peau du visage et r\u00e9duit l'inflammation de mani\u00e8re naturelle. Offrez \u00e0 votre cliente le visage qu'elle d\u00e9sire gr\u00e2ce \u00e0 tous les bienfaits de la th\u00e9rapie faciale bois et m\u00e9tal.  \u00c9liminer les lignes d'expression  Hausser les sourcils Remplir les pommettes Am\u00e9liorer et \u00e9liminer les cernes sous les yeux  \u00c9limine le coin de la bouche R\u00e9duit le double menton Tonifie, raffermit et rajeunit la peau Nettoie les impuret\u00e9s","og_url":"https:\/\/maderoterapiaonline.org\/fr\/producto\/nouveau-kit-facial-bois-metal\/","og_site_name":"Maderoterapia Online","article_modified_time":"2025-10-08T07:58:56+00:00","og_image":[{"width":1080,"height":1080,"url":"https:\/\/maderoterapiaonline.org\/wp-content\/uploads\/2023\/06\/2.jpg","type":"image\/jpeg"}],"twitter_card":"summary_large_image","twitter_misc":{"Dur\u00e9e de lecture estim\u00e9e":"1 minute"},"schema":{"@context":"https:\/\/schema.org","@graph":[{"@type":"WebPage","@id":"https:\/\/maderoterapiaonline.org\/fr\/producto\/nouveau-kit-facial-bois-metal\/","url":"https:\/\/maderoterapiaonline.org\/fr\/producto\/nouveau-kit-facial-bois-metal\/","name":"Nouveau kit de th\u00e9rapie pour le visage en bois et en m\u00e9tal - Maderoterapia Online","isPartOf":{"@id":"https:\/\/maderoterapiaonline.org\/fr\/#website"},"primaryImageOfPage":{"@id":"https:\/\/maderoterapiaonline.org\/fr\/producto\/nouveau-kit-facial-bois-metal\/#primaryimage"},"image":{"@id":"https:\/\/maderoterapiaonline.org\/fr\/producto\/nouveau-kit-facial-bois-metal\/#primaryimage"},"thumbnailUrl":"https:\/\/maderoterapiaonline.org\/wp-content\/uploads\/2023\/06\/2.jpg","datePublished":"2023-06-21T08:08:59+00:00","dateModified":"2025-10-08T07:58:56+00:00","breadcrumb":{"@id":"https:\/\/maderoterapiaonline.org\/fr\/producto\/nouveau-kit-facial-bois-metal\/#breadcrumb"},"inLanguage":"fr-FR","potentialAction":[{"@type":"ReadAction","target":["https:\/\/maderoterapiaonline.org\/fr\/producto\/nouveau-kit-facial-bois-metal\/"]}]},{"@type":"ImageObject","inLanguage":"fr-FR","@id":"https:\/\/maderoterapiaonline.org\/fr\/producto\/nouveau-kit-facial-bois-metal\/#primaryimage","url":"https:\/\/maderoterapiaonline.org\/wp-content\/uploads\/2023\/06\/2.jpg","contentUrl":"https:\/\/maderoterapiaonline.org\/wp-content\/uploads\/2023\/06\/2.jpg","width":1080,"height":1080,"caption":"Kit facial metalterapia y maderoterapia 10 elementos"},{"@type":"BreadcrumbList","@id":"https:\/\/maderoterapiaonline.org\/fr\/producto\/nouveau-kit-facial-bois-metal\/#breadcrumb","itemListElement":[{"@type":"ListItem","position":1,"name":"Portada","item":"https:\/\/maderoterapiaonline.org\/fr\/"},{"@type":"ListItem","position":2,"name":"Boutique","item":"https:\/\/maderoterapiaonline.org\/kits-maderas\/"},{"@type":"ListItem","position":3,"name":"Nouveau kit de th\u00e9rapie pour le visage en bois et en m\u00e9tal"}]},{"@type":"WebSite","@id":"https:\/\/maderoterapiaonline.org\/fr\/#website","url":"https:\/\/maderoterapiaonline.org\/fr\/","name":"Maderoterapia Online","description":"Compra tu kit de Maderoterapia Profesional. Env\u00edos 24\/48h. Atenci\u00f3n al cliente por profesionales Maderoterapeutas","publisher":{"@id":"https:\/\/maderoterapiaonline.org\/fr\/#organization"},"alternateName":"Maderoterapiaonline.org","potentialAction":[{"@type":"SearchAction","target":{"@type":"EntryPoint","urlTemplate":"https:\/\/maderoterapiaonline.org\/fr\/?s={search_term_string}"},"query-input":{"@type":"PropertyValueSpecification","valueRequired":true,"valueName":"search_term_string"}}],"inLanguage":"fr-FR"},{"@type":"Organization","@id":"https:\/\/maderoterapiaonline.org\/fr\/#organization","name":"Maderoterapia Est\u00e9tica Espa\u00f1a \u2013 Dori L\u00f3pez\u00ae y Escuela Profesional Maderoterapia Online\u00ae.","url":"https:\/\/maderoterapiaonline.org\/fr\/","logo":{"@type":"ImageObject","inLanguage":"fr-FR","@id":"https:\/\/maderoterapiaonline.org\/fr\/#\/schema\/logo\/image\/","url":"https:\/\/maderoterapiaonline.org\/wp-content\/uploads\/2025\/03\/Logo-M-1.png","contentUrl":"https:\/\/maderoterapiaonline.org\/wp-content\/uploads\/2025\/03\/Logo-M-1.png","width":1464,"height":1051,"caption":"Maderoterapia Est\u00e9tica Espa\u00f1a \u2013 Dori L\u00f3pez\u00ae y Escuela Profesional Maderoterapia Online\u00ae."},"image":{"@id":"https:\/\/maderoterapiaonline.org\/fr\/#\/schema\/logo\/image\/"}}]}},"_links":{"self":[{"href":"https:\/\/maderoterapiaonline.org\/fr\/wp-json\/wp\/v2\/product\/42454","targetHints":{"allow":["GET"]}}],"collection":[{"href":"https:\/\/maderoterapiaonline.org\/fr\/wp-json\/wp\/v2\/product"}],"about":[{"href":"https:\/\/maderoterapiaonline.org\/fr\/wp-json\/wp\/v2\/types\/product"}],"replies":[{"embeddable":true,"href":"https:\/\/maderoterapiaonline.org\/fr\/wp-json\/wp\/v2\/comments?post=42454"}],"wp:featuredmedia":[{"embeddable":true,"href":"https:\/\/maderoterapiaonline.org\/fr\/wp-json\/wp\/v2\/media\/49288"}],"wp:attachment":[{"href":"https:\/\/maderoterapiaonline.org\/fr\/wp-json\/wp\/v2\/media?parent=42454"}],"wp:term":[{"taxonomy":"product_brand","embeddable":true,"href":"https:\/\/maderoterapiaonline.org\/fr\/wp-json\/wp\/v2\/product_brand?post=42454"},{"taxonomy":"product_cat","embeddable":true,"href":"https:\/\/maderoterapiaonline.org\/fr\/wp-json\/wp\/v2\/product_cat?post=42454"},{"taxonomy":"product_tag","embeddable":true,"href":"https:\/\/maderoterapiaonline.org\/fr\/wp-json\/wp\/v2\/product_tag?post=42454"}],"curies":[{"name":"wp","href":"https:\/\/api.w.org\/{rel}","templated":true}]}}