{"id":42453,"date":"2023-06-21T11:08:55","date_gmt":"2023-06-21T09:08:55","guid":{"rendered":"https:\/\/maderoterapiaonline.org\/producto\/kit-professionnel-de-therapie-metallique-raffermissante\/"},"modified":"2025-06-12T13:58:34","modified_gmt":"2025-06-12T11:58:34","slug":"kit-therapie-metallique-fermeture-professionnelle","status":"publish","type":"product","link":"https:\/\/maderoterapiaonline.org\/fr\/producto\/kit-therapie-metallique-fermeture-professionnelle\/","title":{"rendered":"Kit professionnel de M\u00e9talth\u00e9rapie raffermissante"},"content":{"rendered":"<p>Pr\u00e9parez-vous \u00e0 une r\u00e9volution dans le monde de <strong>l&rsquo;esth\u00e9tique<\/strong> avec l&rsquo;\u00e9blouissant <strong>Kit Corps M\u00e9talth\u00e9rapie<\/strong>, le \u00ab\u00a0costume de super-h\u00e9ros\u00a0\u00bb que tout professionnel passionn\u00e9 de <strong>Maderoth\u00e9rapie<\/strong> aimerait avoir ! Fabriqu\u00e9 en <strong>aluminium<\/strong> de premi\u00e8re qualit\u00e9, plus brillant que le sourire de vos clients satisfaits, ce kit est un ticket de premi\u00e8re classe pour des <strong>r\u00e9sultats stellaires<\/strong>, con\u00e7u exclusivement par les ma\u00eetres de <strong>Maderoterapia Est\u00e9tica Espa\u00f1a\u00ae<\/strong> !<\/p>\n<p>Pr\u00eat \u00e0 vous \u00e9merveiller ? Au sein de ce tr\u00e9sor, vous trouverez trois alli\u00e9s puissants : la <strong>coupe du sculpteur su\u00e9dois<\/strong>, qui mod\u00e8le ces corps comme s\u2019il s\u2019agissait d\u2019un artiste talentueux de la Renaissance ; le <strong>champignon r\u00e9ducteur<\/strong>, qui non seulement combat l\u2019inflammation, mais danse \u00e9galement le cha-cha-cha sur la peau, la laissant douce et \u00e9clatante ; et la <strong>tablette raffermissante<\/strong>, qui d\u00e9clare : \u00ab Adieu la flaccidit\u00e9, bonjour la fermet\u00e9 divine ! \u00bb<\/p>\n<p>Mais ce n&rsquo;est pas tout. Ce trio merveilleux est m\u00e9ticuleusement con\u00e7u pour \u00e9pouser les courbes humaines, assurant un <strong>traitement paradisiaque<\/strong> pour les jambes, l&rsquo;abdomen, les fesses et bien plus encore, sans le moindre signe d&rsquo;inconfort. Et le secret suppl\u00e9mentaire ? Un <strong>effet anti-inflammatoire nature<\/strong>l qui fait chanter des hymnes de joie \u00e0 la peau.   <\/p>\n<p>Ce n&rsquo;est pas qu&rsquo;un kit, c&rsquo;est la <strong>cl\u00e9 d&rsquo;or<\/strong> qui vous ouvrira les portes \u00e0 une client\u00e8le \u00e9blouie et fid\u00e8le. Attention professionnels, le moment est venu de briller avec la puissance de <strong>l\u2019aluminium<\/strong> ! <\/p>\n<p><iframe loading=\"lazy\" title=\"Vid\u00e9o YouTube\" src=\"https:\/\/www.youtube.com\/embed\/uFMSU7FFrQA?si=ka9Wftkoeb4Dw90h\" width=\"560\" height=\"315\" frameborder=\"0\" allowfullscreen=\"allowfullscreen\"><\/iframe><\/p>\n","protected":false},"excerpt":{"rendered":"<p style=\"margin-top: 10.2pt; background: white; vertical-align: baseline;\"><span style=\"font-family: 'Helvetica',sans-serif; color: #141827;\"><strong>Remodeler votre corps<\/strong>,<strong>r\u00e9duire la cellulite<\/strong>, <strong>\u00e9liminer les graisses<\/strong> localis\u00e9es et <strong>raffermir<\/strong> votre peau n&rsquo;a jamais \u00e9t\u00e9 aussi facile avec le <em>KIT PROFESSIONNEL DE R\u00c9AFFIRMATION DE LA M\u00c9TALLITE<\/em>.<\/span><\/p>\n<p style=\"margin-top: 10.2pt; background: white; vertical-align: baseline;\"><span style=\"font-family: 'Helvetica',sans-serif; color: #141827;\">D\u00e9couvrez comment <strong>activer le syst\u00e8me lymphatique<\/strong> et circulatoire de mani\u00e8re professionnelle et obtenez les r\u00e9sultats souhait\u00e9s gr\u00e2ce \u00e0 ce KIT <strong>tr\u00e8s efficace<\/strong> aux <strong>r\u00e9sultats<\/strong> prouv\u00e9s. <\/span><\/p>\n<p style=\"margin-top: 10.2pt; background: white; vertical-align: baseline;\"><span style=\"font-family: 'Helvetica',sans-serif; color: #141827;\">Le kit se compose de<strong> 3 \u00e9l\u00e9ments<\/strong>:<\/span><\/p>\n<p style=\"margin-top: 10.2pt; background: white; vertical-align: baseline;\"><span style=\"font-family: 'Helvetica',sans-serif; color: #141827;\">Coupe m\u00e9tallique su\u00e9doise : tr\u00e8s efficace pour la r\u00e9duction localis\u00e9e des graisses, la cellulite tenace, le modelage du corps par marquage, le raffermissement de la peau, le drainage h\u00e9molymphatique et la r\u00e9duction des fesses.<\/span><\/p>\n<p style=\"margin-top: 10.2pt; background: white; vertical-align: baseline;\"><span style=\"font-family: 'Helvetica',sans-serif; color: #141827;\">Champignon anti-inflammatoire r\u00e9duisant les m\u00e9taux : le champignon anti-inflammatoire aide \u00e0 r\u00e9duire l&rsquo;inflammation des graisses encapsul\u00e9es et de la cellulite, c&rsquo;est pourquoi il est le premier \u00e9l\u00e9ment \u00e0 \u00eatre utilis\u00e9 lors d&rsquo;une s\u00e9ance. Il raffermit et tonifie \u00e9galement lorsqu&rsquo;il est utilis\u00e9 en conjonction avec la coupe su\u00e9doise en effectuant des mouvements doux.<\/span><\/p>\n<p style=\"margin-top: 10.2pt; background: white; vertical-align: baseline;\"><span style=\"font-family: 'Helvetica',sans-serif; color: #141827;\">Table \u00e0 dents en m\u00e9tal : Cette table permet de raffermir, de tonifier la peau et de modeler les fesses. Gr\u00e2ce \u00e0 sa forme, il peut \u00eatre utilis\u00e9 sur toutes les parties du corps.<\/span><\/p>\n","protected":false},"featured_media":41995,"comment_status":"closed","ping_status":"closed","template":"","meta":{"content-type":""},"product_brand":[],"product_cat":[384],"product_tag":[],"class_list":{"0":"post-42453","1":"product","2":"type-product","3":"status-publish","4":"has-post-thumbnail","6":"product_cat-metatherapie","8":"first","9":"instock","10":"sale","11":"taxable","12":"shipping-taxable","13":"purchasable","14":"product-type-simple"},"yoast_head":"<!-- This site is optimized with the Yoast SEO plugin v27.4 - https:\/\/yoast.com\/product\/yoast-seo-wordpress\/ -->\n<title>Kit professionnel de M\u00e9talth\u00e9rapie raffermissante - Maderoterapia Online<\/title>\n<meta name=\"description\" content=\"D\u00e9couvrez le kit exclusif de m\u00e9talth\u00e9rapie corporelle de Maderoterapia Est\u00e9tica Espa\u00f1a\u00ae, une r\u00e9volution dans les soins esth\u00e9tiques. Raffermissez et sculptez avec ses outils en aluminium, con\u00e7us pour un confort in\u00e9gal\u00e9. \u00c9levez vos services de Mad\u00e9roth\u00e9rapie et ravissez vos clients avec des r\u00e9sultats extraordinaires !\" \/>\n<meta name=\"robots\" content=\"index, follow, max-snippet:-1, max-image-preview:large, max-video-preview:-1\" \/>\n<link rel=\"canonical\" href=\"https:\/\/maderoterapiaonline.org\/fr\/producto\/kit-therapie-metallique-fermeture-professionnelle\/\" \/>\n<meta property=\"og:locale\" content=\"fr_FR\" \/>\n<meta property=\"og:type\" content=\"article\" \/>\n<meta property=\"og:title\" content=\"Kit professionnel de M\u00e9talth\u00e9rapie raffermissante - Maderoterapia Online\" \/>\n<meta property=\"og:description\" content=\"D\u00e9couvrez le kit exclusif de m\u00e9talth\u00e9rapie corporelle de Maderoterapia Est\u00e9tica Espa\u00f1a\u00ae, une r\u00e9volution dans les soins esth\u00e9tiques. Raffermissez et sculptez avec ses outils en aluminium, con\u00e7us pour un confort in\u00e9gal\u00e9. \u00c9levez vos services de Mad\u00e9roth\u00e9rapie et ravissez vos clients avec des r\u00e9sultats extraordinaires !\" \/>\n<meta property=\"og:url\" content=\"https:\/\/maderoterapiaonline.org\/fr\/producto\/kit-therapie-metallique-fermeture-professionnelle\/\" \/>\n<meta property=\"og:site_name\" content=\"Maderoterapia Online\" \/>\n<meta property=\"article:modified_time\" content=\"2025-06-12T11:58:34+00:00\" \/>\n<meta property=\"og:image\" content=\"https:\/\/maderoterapiaonline.org\/wp-content\/uploads\/2023\/04\/1.png\" \/>\n\t<meta property=\"og:image:width\" content=\"1080\" \/>\n\t<meta property=\"og:image:height\" content=\"1080\" \/>\n\t<meta property=\"og:image:type\" content=\"image\/png\" \/>\n<meta name=\"twitter:card\" content=\"summary_large_image\" \/>\n<meta name=\"twitter:label1\" content=\"Dur\u00e9e de lecture estim\u00e9e\" \/>\n\t<meta name=\"twitter:data1\" content=\"1 minute\" \/>\n<script type=\"application\/ld+json\" class=\"yoast-schema-graph\">{\"@context\":\"https:\\\/\\\/schema.org\",\"@graph\":[{\"@type\":\"WebPage\",\"@id\":\"https:\\\/\\\/maderoterapiaonline.org\\\/fr\\\/producto\\\/kit-therapie-metallique-fermeture-professionnelle\\\/\",\"url\":\"https:\\\/\\\/maderoterapiaonline.org\\\/fr\\\/producto\\\/kit-therapie-metallique-fermeture-professionnelle\\\/\",\"name\":\"Kit professionnel de M\u00e9talth\u00e9rapie raffermissante - Maderoterapia Online\",\"isPartOf\":{\"@id\":\"https:\\\/\\\/maderoterapiaonline.org\\\/fr\\\/#website\"},\"primaryImageOfPage\":{\"@id\":\"https:\\\/\\\/maderoterapiaonline.org\\\/fr\\\/producto\\\/kit-therapie-metallique-fermeture-professionnelle\\\/#primaryimage\"},\"image\":{\"@id\":\"https:\\\/\\\/maderoterapiaonline.org\\\/fr\\\/producto\\\/kit-therapie-metallique-fermeture-professionnelle\\\/#primaryimage\"},\"thumbnailUrl\":\"https:\\\/\\\/maderoterapiaonline.org\\\/wp-content\\\/uploads\\\/2023\\\/04\\\/1.png\",\"datePublished\":\"2023-06-21T09:08:55+00:00\",\"dateModified\":\"2025-06-12T11:58:34+00:00\",\"description\":\"D\u00e9couvrez le kit exclusif de m\u00e9talth\u00e9rapie corporelle de Maderoterapia Est\u00e9tica Espa\u00f1a\u00ae, une r\u00e9volution dans les soins esth\u00e9tiques. Raffermissez et sculptez avec ses outils en aluminium, con\u00e7us pour un confort in\u00e9gal\u00e9. \u00c9levez vos services de Mad\u00e9roth\u00e9rapie et ravissez vos clients avec des r\u00e9sultats extraordinaires !\",\"breadcrumb\":{\"@id\":\"https:\\\/\\\/maderoterapiaonline.org\\\/fr\\\/producto\\\/kit-therapie-metallique-fermeture-professionnelle\\\/#breadcrumb\"},\"inLanguage\":\"fr-FR\",\"potentialAction\":[{\"@type\":\"ReadAction\",\"target\":[\"https:\\\/\\\/maderoterapiaonline.org\\\/fr\\\/producto\\\/kit-therapie-metallique-fermeture-professionnelle\\\/\"]}]},{\"@type\":\"ImageObject\",\"inLanguage\":\"fr-FR\",\"@id\":\"https:\\\/\\\/maderoterapiaonline.org\\\/fr\\\/producto\\\/kit-therapie-metallique-fermeture-professionnelle\\\/#primaryimage\",\"url\":\"https:\\\/\\\/maderoterapiaonline.org\\\/wp-content\\\/uploads\\\/2023\\\/04\\\/1.png\",\"contentUrl\":\"https:\\\/\\\/maderoterapiaonline.org\\\/wp-content\\\/uploads\\\/2023\\\/04\\\/1.png\",\"width\":1080,\"height\":1080,\"caption\":\"Kit Metalterapia Reafirmante Profesional\"},{\"@type\":\"BreadcrumbList\",\"@id\":\"https:\\\/\\\/maderoterapiaonline.org\\\/fr\\\/producto\\\/kit-therapie-metallique-fermeture-professionnelle\\\/#breadcrumb\",\"itemListElement\":[{\"@type\":\"ListItem\",\"position\":1,\"name\":\"Portada\",\"item\":\"https:\\\/\\\/maderoterapiaonline.org\\\/fr\\\/\"},{\"@type\":\"ListItem\",\"position\":2,\"name\":\"Boutique\",\"item\":\"https:\\\/\\\/maderoterapiaonline.org\\\/kits-maderas\\\/\"},{\"@type\":\"ListItem\",\"position\":3,\"name\":\"Kit professionnel de M\u00e9talth\u00e9rapie raffermissante\"}]},{\"@type\":\"WebSite\",\"@id\":\"https:\\\/\\\/maderoterapiaonline.org\\\/fr\\\/#website\",\"url\":\"https:\\\/\\\/maderoterapiaonline.org\\\/fr\\\/\",\"name\":\"Maderoterapia Online\",\"description\":\"Compra tu kit de Maderoterapia Profesional. Env\u00edos 24\\\/48h. Atenci\u00f3n al cliente por profesionales Maderoterapeutas\",\"publisher\":{\"@id\":\"https:\\\/\\\/maderoterapiaonline.org\\\/fr\\\/#organization\"},\"alternateName\":\"Maderoterapiaonline.org\",\"potentialAction\":[{\"@type\":\"SearchAction\",\"target\":{\"@type\":\"EntryPoint\",\"urlTemplate\":\"https:\\\/\\\/maderoterapiaonline.org\\\/fr\\\/?s={search_term_string}\"},\"query-input\":{\"@type\":\"PropertyValueSpecification\",\"valueRequired\":true,\"valueName\":\"search_term_string\"}}],\"inLanguage\":\"fr-FR\"},{\"@type\":\"Organization\",\"@id\":\"https:\\\/\\\/maderoterapiaonline.org\\\/fr\\\/#organization\",\"name\":\"Maderoterapia Est\u00e9tica Espa\u00f1a \u2013 Dori L\u00f3pez\u00ae y Escuela Profesional Maderoterapia Online\u00ae.\",\"url\":\"https:\\\/\\\/maderoterapiaonline.org\\\/fr\\\/\",\"logo\":{\"@type\":\"ImageObject\",\"inLanguage\":\"fr-FR\",\"@id\":\"https:\\\/\\\/maderoterapiaonline.org\\\/fr\\\/#\\\/schema\\\/logo\\\/image\\\/\",\"url\":\"https:\\\/\\\/maderoterapiaonline.org\\\/wp-content\\\/uploads\\\/2025\\\/03\\\/Logo-M-1.png\",\"contentUrl\":\"https:\\\/\\\/maderoterapiaonline.org\\\/wp-content\\\/uploads\\\/2025\\\/03\\\/Logo-M-1.png\",\"width\":1464,\"height\":1051,\"caption\":\"Maderoterapia Est\u00e9tica Espa\u00f1a \u2013 Dori L\u00f3pez\u00ae y Escuela Profesional Maderoterapia Online\u00ae.\"},\"image\":{\"@id\":\"https:\\\/\\\/maderoterapiaonline.org\\\/fr\\\/#\\\/schema\\\/logo\\\/image\\\/\"}}]}<\/script>\n<!-- \/ Yoast SEO plugin. -->","yoast_head_json":{"title":"Kit professionnel de M\u00e9talth\u00e9rapie raffermissante - Maderoterapia Online","description":"D\u00e9couvrez le kit exclusif de m\u00e9talth\u00e9rapie corporelle de Maderoterapia Est\u00e9tica Espa\u00f1a\u00ae, une r\u00e9volution dans les soins esth\u00e9tiques. Raffermissez et sculptez avec ses outils en aluminium, con\u00e7us pour un confort in\u00e9gal\u00e9. \u00c9levez vos services de Mad\u00e9roth\u00e9rapie et ravissez vos clients avec des r\u00e9sultats extraordinaires !","robots":{"index":"index","follow":"follow","max-snippet":"max-snippet:-1","max-image-preview":"max-image-preview:large","max-video-preview":"max-video-preview:-1"},"canonical":"https:\/\/maderoterapiaonline.org\/fr\/producto\/kit-therapie-metallique-fermeture-professionnelle\/","og_locale":"fr_FR","og_type":"article","og_title":"Kit professionnel de M\u00e9talth\u00e9rapie raffermissante - Maderoterapia Online","og_description":"D\u00e9couvrez le kit exclusif de m\u00e9talth\u00e9rapie corporelle de Maderoterapia Est\u00e9tica Espa\u00f1a\u00ae, une r\u00e9volution dans les soins esth\u00e9tiques. Raffermissez et sculptez avec ses outils en aluminium, con\u00e7us pour un confort in\u00e9gal\u00e9. \u00c9levez vos services de Mad\u00e9roth\u00e9rapie et ravissez vos clients avec des r\u00e9sultats extraordinaires !","og_url":"https:\/\/maderoterapiaonline.org\/fr\/producto\/kit-therapie-metallique-fermeture-professionnelle\/","og_site_name":"Maderoterapia Online","article_modified_time":"2025-06-12T11:58:34+00:00","og_image":[{"width":1080,"height":1080,"url":"https:\/\/maderoterapiaonline.org\/wp-content\/uploads\/2023\/04\/1.png","type":"image\/png"}],"twitter_card":"summary_large_image","twitter_misc":{"Dur\u00e9e de lecture estim\u00e9e":"1 minute"},"schema":{"@context":"https:\/\/schema.org","@graph":[{"@type":"WebPage","@id":"https:\/\/maderoterapiaonline.org\/fr\/producto\/kit-therapie-metallique-fermeture-professionnelle\/","url":"https:\/\/maderoterapiaonline.org\/fr\/producto\/kit-therapie-metallique-fermeture-professionnelle\/","name":"Kit professionnel de M\u00e9talth\u00e9rapie raffermissante - Maderoterapia Online","isPartOf":{"@id":"https:\/\/maderoterapiaonline.org\/fr\/#website"},"primaryImageOfPage":{"@id":"https:\/\/maderoterapiaonline.org\/fr\/producto\/kit-therapie-metallique-fermeture-professionnelle\/#primaryimage"},"image":{"@id":"https:\/\/maderoterapiaonline.org\/fr\/producto\/kit-therapie-metallique-fermeture-professionnelle\/#primaryimage"},"thumbnailUrl":"https:\/\/maderoterapiaonline.org\/wp-content\/uploads\/2023\/04\/1.png","datePublished":"2023-06-21T09:08:55+00:00","dateModified":"2025-06-12T11:58:34+00:00","description":"D\u00e9couvrez le kit exclusif de m\u00e9talth\u00e9rapie corporelle de Maderoterapia Est\u00e9tica Espa\u00f1a\u00ae, une r\u00e9volution dans les soins esth\u00e9tiques. Raffermissez et sculptez avec ses outils en aluminium, con\u00e7us pour un confort in\u00e9gal\u00e9. \u00c9levez vos services de Mad\u00e9roth\u00e9rapie et ravissez vos clients avec des r\u00e9sultats extraordinaires !","breadcrumb":{"@id":"https:\/\/maderoterapiaonline.org\/fr\/producto\/kit-therapie-metallique-fermeture-professionnelle\/#breadcrumb"},"inLanguage":"fr-FR","potentialAction":[{"@type":"ReadAction","target":["https:\/\/maderoterapiaonline.org\/fr\/producto\/kit-therapie-metallique-fermeture-professionnelle\/"]}]},{"@type":"ImageObject","inLanguage":"fr-FR","@id":"https:\/\/maderoterapiaonline.org\/fr\/producto\/kit-therapie-metallique-fermeture-professionnelle\/#primaryimage","url":"https:\/\/maderoterapiaonline.org\/wp-content\/uploads\/2023\/04\/1.png","contentUrl":"https:\/\/maderoterapiaonline.org\/wp-content\/uploads\/2023\/04\/1.png","width":1080,"height":1080,"caption":"Kit Metalterapia Reafirmante Profesional"},{"@type":"BreadcrumbList","@id":"https:\/\/maderoterapiaonline.org\/fr\/producto\/kit-therapie-metallique-fermeture-professionnelle\/#breadcrumb","itemListElement":[{"@type":"ListItem","position":1,"name":"Portada","item":"https:\/\/maderoterapiaonline.org\/fr\/"},{"@type":"ListItem","position":2,"name":"Boutique","item":"https:\/\/maderoterapiaonline.org\/kits-maderas\/"},{"@type":"ListItem","position":3,"name":"Kit professionnel de M\u00e9talth\u00e9rapie raffermissante"}]},{"@type":"WebSite","@id":"https:\/\/maderoterapiaonline.org\/fr\/#website","url":"https:\/\/maderoterapiaonline.org\/fr\/","name":"Maderoterapia Online","description":"Compra tu kit de Maderoterapia Profesional. Env\u00edos 24\/48h. Atenci\u00f3n al cliente por profesionales Maderoterapeutas","publisher":{"@id":"https:\/\/maderoterapiaonline.org\/fr\/#organization"},"alternateName":"Maderoterapiaonline.org","potentialAction":[{"@type":"SearchAction","target":{"@type":"EntryPoint","urlTemplate":"https:\/\/maderoterapiaonline.org\/fr\/?s={search_term_string}"},"query-input":{"@type":"PropertyValueSpecification","valueRequired":true,"valueName":"search_term_string"}}],"inLanguage":"fr-FR"},{"@type":"Organization","@id":"https:\/\/maderoterapiaonline.org\/fr\/#organization","name":"Maderoterapia Est\u00e9tica Espa\u00f1a \u2013 Dori L\u00f3pez\u00ae y Escuela Profesional Maderoterapia Online\u00ae.","url":"https:\/\/maderoterapiaonline.org\/fr\/","logo":{"@type":"ImageObject","inLanguage":"fr-FR","@id":"https:\/\/maderoterapiaonline.org\/fr\/#\/schema\/logo\/image\/","url":"https:\/\/maderoterapiaonline.org\/wp-content\/uploads\/2025\/03\/Logo-M-1.png","contentUrl":"https:\/\/maderoterapiaonline.org\/wp-content\/uploads\/2025\/03\/Logo-M-1.png","width":1464,"height":1051,"caption":"Maderoterapia Est\u00e9tica Espa\u00f1a \u2013 Dori L\u00f3pez\u00ae y Escuela Profesional Maderoterapia Online\u00ae."},"image":{"@id":"https:\/\/maderoterapiaonline.org\/fr\/#\/schema\/logo\/image\/"}}]}},"_links":{"self":[{"href":"https:\/\/maderoterapiaonline.org\/fr\/wp-json\/wp\/v2\/product\/42453","targetHints":{"allow":["GET"]}}],"collection":[{"href":"https:\/\/maderoterapiaonline.org\/fr\/wp-json\/wp\/v2\/product"}],"about":[{"href":"https:\/\/maderoterapiaonline.org\/fr\/wp-json\/wp\/v2\/types\/product"}],"replies":[{"embeddable":true,"href":"https:\/\/maderoterapiaonline.org\/fr\/wp-json\/wp\/v2\/comments?post=42453"}],"wp:featuredmedia":[{"embeddable":true,"href":"https:\/\/maderoterapiaonline.org\/fr\/wp-json\/wp\/v2\/media\/41995"}],"wp:attachment":[{"href":"https:\/\/maderoterapiaonline.org\/fr\/wp-json\/wp\/v2\/media?parent=42453"}],"wp:term":[{"taxonomy":"product_brand","embeddable":true,"href":"https:\/\/maderoterapiaonline.org\/fr\/wp-json\/wp\/v2\/product_brand?post=42453"},{"taxonomy":"product_cat","embeddable":true,"href":"https:\/\/maderoterapiaonline.org\/fr\/wp-json\/wp\/v2\/product_cat?post=42453"},{"taxonomy":"product_tag","embeddable":true,"href":"https:\/\/maderoterapiaonline.org\/fr\/wp-json\/wp\/v2\/product_tag?post=42453"}],"curies":[{"name":"wp","href":"https:\/\/api.w.org\/{rel}","templated":true}]}}