{"id":42452,"date":"2025-04-27T05:08:44","date_gmt":"2025-04-27T03:08:44","guid":{"rendered":"https:\/\/maderoterapiaonline.org\/producto\/nouveau-kit-de-therapie-anti-cellulite-par-le-bois-cours-en-ligne\/"},"modified":"2025-06-12T13:58:34","modified_gmt":"2025-06-12T11:58:34","slug":"new-anticellulite-therapy-kit-anticellulite-course-online","status":"publish","type":"product","link":"https:\/\/maderoterapiaonline.org\/fr\/producto\/new-anticellulite-therapy-kit-anticellulite-course-online\/","title":{"rendered":"Nouveau Kit Anti-Cellulite Maderoth\u00e9rapie"},"content":{"rendered":"<p>\u00a1Alerte rouge, professionnels de l&rsquo;esth\u00e9tique! La cellulite, cet envahisseur rus\u00e9 qui touche 90 % des femmes, est sur le point de trouver son ennemi dans notre tout nouveau kit de Maderoth\u00e9rapie Anti-Cellulite. \u00a1Il est temps de faire des \u00e9tincelles dans la salle de massage et de transformer ces amas tenaces en un lointain souvenir !<\/p>\n<p>\u00bfPr\u00eat pour une \u00e9pop\u00e9e de r\u00e9duction et de douceur? Avec ces 6 boucliers en bois de pin et de lotus, forg\u00e9s dans les for\u00eats enchant\u00e9es par les virtuoses de Maderoterapia Est\u00e9tica Espa\u00f1a\u00ae, chaque touche est un pas vers la victoire. Du courageux Shrink Mushroom, qui se bat non pas une, mais deux fois !, \u00e0 la Swedish Roller Cup, une h\u00e9ro\u00efne qui tourne et lisse comme si elle patinait sur la glace, vainquant les imperfections.<\/p>\n<p>Riez face au danger et chatouillez la redoutable cellulite avec le cylindre anti-cellulite, ou d\u00e9fiez les lois de la gravit\u00e9 avec l&rsquo;audacieuse planche de mise en forme dentel\u00e9e ! Ce kit n&rsquo;est pas seulement un ensemble d&rsquo;outils, c&rsquo;est une \u00e9quipe de super-h\u00e9ros attendant d&rsquo;op\u00e9rer leur magie !<\/p>\n<p>Alors, ch\u00e8res guerri\u00e8res de la beaut\u00e9, pr\u00e9parez-vous \u00e0 masser comme jamais et transformez votre c\u0153ur en un bastion de corps renouvel\u00e9s et d&rsquo;\u00e2mes en liesse ! Allez-y et attaquez !<\/p>\n<p style=\"text-align: center;\"><iframe loading=\"lazy\" src=\"https:\/\/www.youtube.com\/embed\/dETOzGCMHZQ\" width=\"560\" height=\"315\" frameborder=\"0\" allowfullscreen=\"allowfullscreen\"><\/iframe><\/p>\n<p>&nbsp;<\/p>\n","protected":false},"excerpt":{"rendered":"<p><span style=\"color: #ff6600;\">Saviez-vous que 90 % des femmes d&rsquo;aujourd&rsquo;hui ont de la cellulite ?<\/span> Avec ce<span style=\"color: #000000;\"><strong>kit de th\u00e9rapie anti-cellulite au bois<\/strong><\/span> vous pourrez appliquer des massages r\u00e9ducteurs et anticellulite de mani\u00e8re professionnelle et obtenir les meilleurs r\u00e9sultats lors de vos s\u00e9ances ou dans un centre sp\u00e9cialis\u00e9.<\/p>\n<p>Le kit<span style=\"color: #000000;\"><strong> Kit professionnel de th\u00e9rapie par le bois anti-cellulite<\/strong><\/span> est compos\u00e9 de 6 \u00e9l\u00e9ments en bois de pin et de lotus naturel con\u00e7us par Maderoterapia Est\u00e9tica Espa\u00f1a\u00ae.<\/p>\n<ul>\n<li><span style=\"color: #000000;\"><strong>Le Kit Maderoth\u00e9rapie Anti-cellulite contient 7 \u00e9l\u00e9ments + Masterclass GRATUITE<\/strong><\/span><\/li>\n<li>2 champignons colombiens<\/li>\n<li>2 cylindres anti-cellulite<\/li>\n<li>2 gobelets \u00e0 roulettes<\/li>\n<li>1 planche dent\u00e9e<\/li>\n<\/ul>\n","protected":false},"featured_media":49121,"comment_status":"closed","ping_status":"closed","template":"","meta":{"content-type":""},"product_brand":[],"product_cat":[385,389,388],"product_tag":[],"class_list":{"0":"post-42452","1":"product","2":"type-product","3":"status-publish","4":"has-post-thumbnail","6":"product_cat-kits-de-therapie-par-le-bois","7":"product_cat-offres","8":"product_cat-therapie-du-bois","10":"first","11":"instock","12":"sale","13":"taxable","14":"shipping-taxable","15":"purchasable","16":"product-type-simple"},"yoast_head":"<!-- This site is optimized with the Yoast SEO plugin v27.2 - https:\/\/yoast.com\/product\/yoast-seo-wordpress\/ -->\n<title>Nouveau Kit Anti-Cellulite Maderoth\u00e9rapie - Maderoterapia Online<\/title>\n<meta name=\"description\" content=\"Revitalisez votre centre de beaut\u00e9 avec le kit innovant de maderoth\u00e9rapie anti-cellulite : la solution d\u00e9finitive pour lutter contre la cellulite. Surprenez vos clients avec des r\u00e9sultats visibles, en utilisant nos outils exclusifs en bois de pin et de lotus. D\u00e9couvrez la magie de la transformation corporelle et \u00e9levez vos services au niveau d\u2019excellence sup\u00e9rieur !\" \/>\n<meta name=\"robots\" content=\"index, follow, max-snippet:-1, max-image-preview:large, max-video-preview:-1\" \/>\n<link rel=\"canonical\" href=\"https:\/\/maderoterapiaonline.org\/fr\/producto\/new-anticellulite-therapy-kit-anticellulite-course-online\/\" \/>\n<meta property=\"og:locale\" content=\"fr_FR\" \/>\n<meta property=\"og:type\" content=\"article\" \/>\n<meta property=\"og:title\" content=\"Nouveau Kit Anti-Cellulite Maderoth\u00e9rapie - Maderoterapia Online\" \/>\n<meta property=\"og:description\" content=\"Revitalisez votre centre de beaut\u00e9 avec le kit innovant de maderoth\u00e9rapie anti-cellulite : la solution d\u00e9finitive pour lutter contre la cellulite. Surprenez vos clients avec des r\u00e9sultats visibles, en utilisant nos outils exclusifs en bois de pin et de lotus. D\u00e9couvrez la magie de la transformation corporelle et \u00e9levez vos services au niveau d\u2019excellence sup\u00e9rieur !\" \/>\n<meta property=\"og:url\" content=\"https:\/\/maderoterapiaonline.org\/fr\/producto\/new-anticellulite-therapy-kit-anticellulite-course-online\/\" \/>\n<meta property=\"og:site_name\" content=\"Maderoterapia Online\" \/>\n<meta property=\"article:modified_time\" content=\"2025-06-12T11:58:34+00:00\" \/>\n<meta property=\"og:image\" content=\"https:\/\/maderoterapiaonline.org\/wp-content\/uploads\/2023\/07\/1-12.jpg\" \/>\n\t<meta property=\"og:image:width\" content=\"1080\" \/>\n\t<meta property=\"og:image:height\" content=\"1080\" \/>\n\t<meta property=\"og:image:type\" content=\"image\/jpeg\" \/>\n<meta name=\"twitter:card\" content=\"summary_large_image\" \/>\n<meta name=\"twitter:label1\" content=\"Dur\u00e9e de lecture estim\u00e9e\" \/>\n\t<meta name=\"twitter:data1\" content=\"1 minute\" \/>\n<script type=\"application\/ld+json\" class=\"yoast-schema-graph\">{\"@context\":\"https:\/\/schema.org\",\"@graph\":[{\"@type\":\"WebPage\",\"@id\":\"https:\/\/maderoterapiaonline.org\/fr\/producto\/new-anticellulite-therapy-kit-anticellulite-course-online\/\",\"url\":\"https:\/\/maderoterapiaonline.org\/fr\/producto\/new-anticellulite-therapy-kit-anticellulite-course-online\/\",\"name\":\"Nouveau Kit Anti-Cellulite Maderoth\u00e9rapie - Maderoterapia Online\",\"isPartOf\":{\"@id\":\"https:\/\/maderoterapiaonline.org\/fr\/#website\"},\"primaryImageOfPage\":{\"@id\":\"https:\/\/maderoterapiaonline.org\/fr\/producto\/new-anticellulite-therapy-kit-anticellulite-course-online\/#primaryimage\"},\"image\":{\"@id\":\"https:\/\/maderoterapiaonline.org\/fr\/producto\/new-anticellulite-therapy-kit-anticellulite-course-online\/#primaryimage\"},\"thumbnailUrl\":\"https:\/\/maderoterapiaonline.org\/wp-content\/uploads\/2023\/07\/1-18.jpg\",\"datePublished\":\"2025-04-27T03:08:44+00:00\",\"dateModified\":\"2025-06-12T11:58:34+00:00\",\"description\":\"Revitalisez votre centre de beaut\u00e9 avec le kit innovant de maderoth\u00e9rapie anti-cellulite : la solution d\u00e9finitive pour lutter contre la cellulite. Surprenez vos clients avec des r\u00e9sultats visibles, en utilisant nos outils exclusifs en bois de pin et de lotus. D\u00e9couvrez la magie de la transformation corporelle et \u00e9levez vos services au niveau d\u2019excellence sup\u00e9rieur !\",\"breadcrumb\":{\"@id\":\"https:\/\/maderoterapiaonline.org\/fr\/producto\/new-anticellulite-therapy-kit-anticellulite-course-online\/#breadcrumb\"},\"inLanguage\":\"fr-FR\",\"potentialAction\":[{\"@type\":\"ReadAction\",\"target\":[\"https:\/\/maderoterapiaonline.org\/fr\/producto\/new-anticellulite-therapy-kit-anticellulite-course-online\/\"]}]},{\"@type\":\"ImageObject\",\"inLanguage\":\"fr-FR\",\"@id\":\"https:\/\/maderoterapiaonline.org\/fr\/producto\/new-anticellulite-therapy-kit-anticellulite-course-online\/#primaryimage\",\"url\":\"https:\/\/maderoterapiaonline.org\/wp-content\/uploads\/2023\/07\/1-18.jpg\",\"contentUrl\":\"https:\/\/maderoterapiaonline.org\/wp-content\/uploads\/2023\/07\/1-18.jpg\",\"width\":1080,\"height\":1080,\"caption\":\"Nuevo Kit Maderoterapia Anticelul\u00edtica\"},{\"@type\":\"BreadcrumbList\",\"@id\":\"https:\/\/maderoterapiaonline.org\/fr\/producto\/new-anticellulite-therapy-kit-anticellulite-course-online\/#breadcrumb\",\"itemListElement\":[{\"@type\":\"ListItem\",\"position\":1,\"name\":\"Portada\",\"item\":\"https:\/\/maderoterapiaonline.org\/fr\/\"},{\"@type\":\"ListItem\",\"position\":2,\"name\":\"Boutique\",\"item\":\"https:\/\/maderoterapiaonline.org\/kits-maderas\/\"},{\"@type\":\"ListItem\",\"position\":3,\"name\":\"Nouveau Kit Anti-Cellulite Maderoth\u00e9rapie\"}]},{\"@type\":\"WebSite\",\"@id\":\"https:\/\/maderoterapiaonline.org\/fr\/#website\",\"url\":\"https:\/\/maderoterapiaonline.org\/fr\/\",\"name\":\"Maderoterapia Online\",\"description\":\"Compra tu kit de Maderoterapia Profesional. Env\u00edos 24\/48h. Atenci\u00f3n al cliente por profesionales Maderoterapeutas\",\"publisher\":{\"@id\":\"https:\/\/maderoterapiaonline.org\/fr\/#organization\"},\"alternateName\":\"Maderoterapiaonline.org\",\"potentialAction\":[{\"@type\":\"SearchAction\",\"target\":{\"@type\":\"EntryPoint\",\"urlTemplate\":\"https:\/\/maderoterapiaonline.org\/fr\/?s={search_term_string}\"},\"query-input\":{\"@type\":\"PropertyValueSpecification\",\"valueRequired\":true,\"valueName\":\"search_term_string\"}}],\"inLanguage\":\"fr-FR\"},{\"@type\":\"Organization\",\"@id\":\"https:\/\/maderoterapiaonline.org\/fr\/#organization\",\"name\":\"Maderoterapia Est\u00e9tica Espa\u00f1a \u2013 Dori L\u00f3pez\u00ae y Escuela Profesional Maderoterapia Online\u00ae.\",\"url\":\"https:\/\/maderoterapiaonline.org\/fr\/\",\"logo\":{\"@type\":\"ImageObject\",\"inLanguage\":\"fr-FR\",\"@id\":\"https:\/\/maderoterapiaonline.org\/fr\/#\/schema\/logo\/image\/\",\"url\":\"https:\/\/maderoterapiaonline.org\/wp-content\/uploads\/2025\/03\/Logo-M-1.png\",\"contentUrl\":\"https:\/\/maderoterapiaonline.org\/wp-content\/uploads\/2025\/03\/Logo-M-1.png\",\"width\":1464,\"height\":1051,\"caption\":\"Maderoterapia Est\u00e9tica Espa\u00f1a \u2013 Dori L\u00f3pez\u00ae y Escuela Profesional Maderoterapia Online\u00ae.\"},\"image\":{\"@id\":\"https:\/\/maderoterapiaonline.org\/fr\/#\/schema\/logo\/image\/\"}}]}<\/script>\n<!-- \/ Yoast SEO plugin. -->","yoast_head_json":{"title":"Nouveau Kit Anti-Cellulite Maderoth\u00e9rapie - Maderoterapia Online","description":"Revitalisez votre centre de beaut\u00e9 avec le kit innovant de maderoth\u00e9rapie anti-cellulite : la solution d\u00e9finitive pour lutter contre la cellulite. Surprenez vos clients avec des r\u00e9sultats visibles, en utilisant nos outils exclusifs en bois de pin et de lotus. D\u00e9couvrez la magie de la transformation corporelle et \u00e9levez vos services au niveau d\u2019excellence sup\u00e9rieur !","robots":{"index":"index","follow":"follow","max-snippet":"max-snippet:-1","max-image-preview":"max-image-preview:large","max-video-preview":"max-video-preview:-1"},"canonical":"https:\/\/maderoterapiaonline.org\/fr\/producto\/new-anticellulite-therapy-kit-anticellulite-course-online\/","og_locale":"fr_FR","og_type":"article","og_title":"Nouveau Kit Anti-Cellulite Maderoth\u00e9rapie - Maderoterapia Online","og_description":"Revitalisez votre centre de beaut\u00e9 avec le kit innovant de maderoth\u00e9rapie anti-cellulite : la solution d\u00e9finitive pour lutter contre la cellulite. Surprenez vos clients avec des r\u00e9sultats visibles, en utilisant nos outils exclusifs en bois de pin et de lotus. D\u00e9couvrez la magie de la transformation corporelle et \u00e9levez vos services au niveau d\u2019excellence sup\u00e9rieur !","og_url":"https:\/\/maderoterapiaonline.org\/fr\/producto\/new-anticellulite-therapy-kit-anticellulite-course-online\/","og_site_name":"Maderoterapia Online","article_modified_time":"2025-06-12T11:58:34+00:00","og_image":[{"width":1080,"height":1080,"url":"https:\/\/maderoterapiaonline.org\/wp-content\/uploads\/2023\/07\/1-12.jpg","type":"image\/jpeg"}],"twitter_card":"summary_large_image","twitter_misc":{"Dur\u00e9e de lecture estim\u00e9e":"1 minute"},"schema":{"@context":"https:\/\/schema.org","@graph":[{"@type":"WebPage","@id":"https:\/\/maderoterapiaonline.org\/fr\/producto\/new-anticellulite-therapy-kit-anticellulite-course-online\/","url":"https:\/\/maderoterapiaonline.org\/fr\/producto\/new-anticellulite-therapy-kit-anticellulite-course-online\/","name":"Nouveau Kit Anti-Cellulite Maderoth\u00e9rapie - Maderoterapia Online","isPartOf":{"@id":"https:\/\/maderoterapiaonline.org\/fr\/#website"},"primaryImageOfPage":{"@id":"https:\/\/maderoterapiaonline.org\/fr\/producto\/new-anticellulite-therapy-kit-anticellulite-course-online\/#primaryimage"},"image":{"@id":"https:\/\/maderoterapiaonline.org\/fr\/producto\/new-anticellulite-therapy-kit-anticellulite-course-online\/#primaryimage"},"thumbnailUrl":"https:\/\/maderoterapiaonline.org\/wp-content\/uploads\/2023\/07\/1-18.jpg","datePublished":"2025-04-27T03:08:44+00:00","dateModified":"2025-06-12T11:58:34+00:00","description":"Revitalisez votre centre de beaut\u00e9 avec le kit innovant de maderoth\u00e9rapie anti-cellulite : la solution d\u00e9finitive pour lutter contre la cellulite. Surprenez vos clients avec des r\u00e9sultats visibles, en utilisant nos outils exclusifs en bois de pin et de lotus. D\u00e9couvrez la magie de la transformation corporelle et \u00e9levez vos services au niveau d\u2019excellence sup\u00e9rieur !","breadcrumb":{"@id":"https:\/\/maderoterapiaonline.org\/fr\/producto\/new-anticellulite-therapy-kit-anticellulite-course-online\/#breadcrumb"},"inLanguage":"fr-FR","potentialAction":[{"@type":"ReadAction","target":["https:\/\/maderoterapiaonline.org\/fr\/producto\/new-anticellulite-therapy-kit-anticellulite-course-online\/"]}]},{"@type":"ImageObject","inLanguage":"fr-FR","@id":"https:\/\/maderoterapiaonline.org\/fr\/producto\/new-anticellulite-therapy-kit-anticellulite-course-online\/#primaryimage","url":"https:\/\/maderoterapiaonline.org\/wp-content\/uploads\/2023\/07\/1-18.jpg","contentUrl":"https:\/\/maderoterapiaonline.org\/wp-content\/uploads\/2023\/07\/1-18.jpg","width":1080,"height":1080,"caption":"Nuevo Kit Maderoterapia Anticelul\u00edtica"},{"@type":"BreadcrumbList","@id":"https:\/\/maderoterapiaonline.org\/fr\/producto\/new-anticellulite-therapy-kit-anticellulite-course-online\/#breadcrumb","itemListElement":[{"@type":"ListItem","position":1,"name":"Portada","item":"https:\/\/maderoterapiaonline.org\/fr\/"},{"@type":"ListItem","position":2,"name":"Boutique","item":"https:\/\/maderoterapiaonline.org\/kits-maderas\/"},{"@type":"ListItem","position":3,"name":"Nouveau Kit Anti-Cellulite Maderoth\u00e9rapie"}]},{"@type":"WebSite","@id":"https:\/\/maderoterapiaonline.org\/fr\/#website","url":"https:\/\/maderoterapiaonline.org\/fr\/","name":"Maderoterapia Online","description":"Compra tu kit de Maderoterapia Profesional. Env\u00edos 24\/48h. Atenci\u00f3n al cliente por profesionales Maderoterapeutas","publisher":{"@id":"https:\/\/maderoterapiaonline.org\/fr\/#organization"},"alternateName":"Maderoterapiaonline.org","potentialAction":[{"@type":"SearchAction","target":{"@type":"EntryPoint","urlTemplate":"https:\/\/maderoterapiaonline.org\/fr\/?s={search_term_string}"},"query-input":{"@type":"PropertyValueSpecification","valueRequired":true,"valueName":"search_term_string"}}],"inLanguage":"fr-FR"},{"@type":"Organization","@id":"https:\/\/maderoterapiaonline.org\/fr\/#organization","name":"Maderoterapia Est\u00e9tica Espa\u00f1a \u2013 Dori L\u00f3pez\u00ae y Escuela Profesional Maderoterapia Online\u00ae.","url":"https:\/\/maderoterapiaonline.org\/fr\/","logo":{"@type":"ImageObject","inLanguage":"fr-FR","@id":"https:\/\/maderoterapiaonline.org\/fr\/#\/schema\/logo\/image\/","url":"https:\/\/maderoterapiaonline.org\/wp-content\/uploads\/2025\/03\/Logo-M-1.png","contentUrl":"https:\/\/maderoterapiaonline.org\/wp-content\/uploads\/2025\/03\/Logo-M-1.png","width":1464,"height":1051,"caption":"Maderoterapia Est\u00e9tica Espa\u00f1a \u2013 Dori L\u00f3pez\u00ae y Escuela Profesional Maderoterapia Online\u00ae."},"image":{"@id":"https:\/\/maderoterapiaonline.org\/fr\/#\/schema\/logo\/image\/"}}]}},"_links":{"self":[{"href":"https:\/\/maderoterapiaonline.org\/fr\/wp-json\/wp\/v2\/product\/42452","targetHints":{"allow":["GET"]}}],"collection":[{"href":"https:\/\/maderoterapiaonline.org\/fr\/wp-json\/wp\/v2\/product"}],"about":[{"href":"https:\/\/maderoterapiaonline.org\/fr\/wp-json\/wp\/v2\/types\/product"}],"replies":[{"embeddable":true,"href":"https:\/\/maderoterapiaonline.org\/fr\/wp-json\/wp\/v2\/comments?post=42452"}],"wp:featuredmedia":[{"embeddable":true,"href":"https:\/\/maderoterapiaonline.org\/fr\/wp-json\/wp\/v2\/media\/49121"}],"wp:attachment":[{"href":"https:\/\/maderoterapiaonline.org\/fr\/wp-json\/wp\/v2\/media?parent=42452"}],"wp:term":[{"taxonomy":"product_brand","embeddable":true,"href":"https:\/\/maderoterapiaonline.org\/fr\/wp-json\/wp\/v2\/product_brand?post=42452"},{"taxonomy":"product_cat","embeddable":true,"href":"https:\/\/maderoterapiaonline.org\/fr\/wp-json\/wp\/v2\/product_cat?post=42452"},{"taxonomy":"product_tag","embeddable":true,"href":"https:\/\/maderoterapiaonline.org\/fr\/wp-json\/wp\/v2\/product_tag?post=42452"}],"curies":[{"name":"wp","href":"https:\/\/api.w.org\/{rel}","templated":true}]}}