{"id":42450,"date":"2025-04-29T05:08:44","date_gmt":"2025-04-29T03:08:44","guid":{"rendered":"https:\/\/maderoterapiaonline.org\/producto\/kit-de-therapie-faciale-au-bois-7-elements-e-book-numerique-en-cadeau\/"},"modified":"2025-09-26T23:35:25","modified_gmt":"2025-09-26T21:35:25","slug":"kit-matherapie-faciale-7-elements-livre-cadeau-numerique","status":"publish","type":"product","link":"https:\/\/maderoterapiaonline.org\/fr\/producto\/kit-matherapie-faciale-7-elements-livre-cadeau-numerique\/","title":{"rendered":"Kit de th\u00e9rapie faciale au bois 7 \u00e9l\u00e9ments + E-book num\u00e9rique en cadeau (en espagnol)"},"content":{"rendered":"<p>Illuminateurs du visage, artistes de la jeunesse \u00e9ternelle, le moment est venu de r\u00e9volutionner votre sanctuaire esth\u00e9tique avec le kit Facial Mad\u00e9roth\u00e9rapie! Oubliez les filtres de beaut\u00e9 ; Avec cette merveille entre les mains, vous \u00eates les magiciens qui \u00e9liminent les ann\u00e9es d&rsquo;un simple coup de bois !<\/p>\n<p>Pr\u00e9sentation de votre nouvelle baguette magique : un ensemble de 7 outils sacr\u00e9s, sculpt\u00e9s dans le mythique bois de lotus et orn\u00e9s de ferrures dor\u00e9es qui feraient rougir Midas lui-m\u00eame. Con\u00e7u par les alchimistes de Maderoterapia Est\u00e9tica Espa\u00f1a\u00ae, ce kit a le pouvoir de faire du miroir le meilleur ami de vos clients.<\/p>\n<p>\u00bfDes sourcils tombants? \u00a1\u00c9levons-les jusqu&rsquo;\u00e0 l&rsquo;Olympe! \u00bfDes pommettes ind\u00e9finies? \u00a1Fa\u00e7onnons-les \u00e0 la perfection divine! Avec des capacit\u00e9s l\u00e9gendaires \u00e0 annihiler les cernes tra\u00eetres, \u00e0 estomper les ridules et \u00e0 transformer un double menton en l\u00e9gende, chaque s\u00e9ance devient un spectacle o\u00f9 la jeunesse est restaur\u00e9e sous les applaudissements et les rires.<\/p>\n<p>Et ce n&rsquo;est pas tout, car \u00e0 chaque kit, un Ch\u00e8que Cadeau se mat\u00e9rialise, \u00e0 l&rsquo;image du lapin que le magicien sort du chapeau. \u00a1Ce n&rsquo;est pas une s\u00e9ance de beaut\u00e9, c&rsquo;est un acte de magie rajeunissante! Saluons l\u2019\u00e9poque o\u00f9 les \u00e9lixirs de jouvence appartiennent au pass\u00e9 et o\u00f9 la Maderoth\u00e9rapie r\u00e8gne en ma\u00eetre !<\/p>\n<p style=\"text-align: center;\"><iframe loading=\"lazy\" src=\"https:\/\/www.youtube.com\/embed\/oBlwWH6cB90\" width=\"560\" height=\"315\" frameborder=\"0\" allowfullscreen=\"allowfullscreen\"><\/iframe><iframe loading=\"lazy\" title=\"Vid\u00e9o YouTube\" src=\"https:\/\/www.youtube.com\/embed\/aZvhs8Zl-7I?si=GWsaVa19U0e8NBAi\" width=\"560\" height=\"315\" frameborder=\"0\" allowfullscreen=\"allowfullscreen\"><\/iframe><\/p>\n<p>&nbsp;<\/p>\n","protected":false},"excerpt":{"rendered":"<p>Si vous vous consacrez \u00e0 l&rsquo;esth\u00e9tique du visage, vous ne pouvez pas manquer dans votre set d&rsquo;\u00e9l\u00e9ments de travail le <strong>kit facial Maderoterapia<\/strong> compos\u00e9 de 7 \u00e9l\u00e9ments en bois de lotus et de ferrures dor\u00e9es de haute qualit\u00e9, con\u00e7u par Maderoterapia Est\u00e9tica Espa\u00f1a\u00ae.<\/p>\n<p>Avec ce <strong>kit de th\u00e9rapie faciale au bois<\/strong> , vous pouvez rendre vos clients beaux et rajeunis apr\u00e8s l\u2019application du traitement, \u00e9liminer les rides d\u2019expression, soulever les sourcils, remplir les pommettes, am\u00e9liorer et \u00e9liminer les cernes, \u00e9liminer les coins des l\u00e8vres, r\u00e9duire le double menton, nettoyer les impuret\u00e9s, d\u00e9tendre les muscles du visage, tonifier et raffermir la peau et bien plus encore&#8230;<\/p>\n<ul>\n<li>Le kit de th\u00e9rapie faciale au bois se compose de 7 \u00e9l\u00e9ments.<\/li>\n<\/ul>\n<p><img decoding=\"async\" class=\"emoji\" role=\"img\" draggable=\"false\" src=\"https:\/\/s.w.org\/images\/core\/emoji\/12.0.0-1\/svg\/2714.svg\" alt=\"\u2714\"><strong> Le ch\u00e8que-cadeau comprend<\/strong><\/p>\n<ul>\n<li>Ebook Cours de base sur le visage num\u00e9rique.<\/li>\n<\/ul>\n","protected":false},"featured_media":49296,"comment_status":"closed","ping_status":"closed","template":"","meta":{"content-type":""},"product_brand":[],"product_cat":[385,388],"product_tag":[],"class_list":{"0":"post-42450","1":"product","2":"type-product","3":"status-publish","4":"has-post-thumbnail","6":"product_cat-kits-de-therapie-par-le-bois","7":"product_cat-therapie-du-bois","9":"first","10":"instock","11":"sale","12":"downloadable","13":"taxable","14":"shipping-taxable","15":"purchasable","16":"product-type-simple"},"yoast_head":"<!-- This site is optimized with the Yoast SEO plugin v27.4 - https:\/\/yoast.com\/product\/yoast-seo-wordpress\/ -->\n<title>Kit de th\u00e9rapie faciale au bois 7 \u00e9l\u00e9ments + E-book num\u00e9rique en cadeau (en espagnol) - Maderoterapia Online<\/title>\n<meta name=\"robots\" content=\"index, follow, max-snippet:-1, max-image-preview:large, max-video-preview:-1\" \/>\n<link rel=\"canonical\" href=\"https:\/\/maderoterapiaonline.org\/fr\/producto\/kit-matherapie-faciale-7-elements-livre-cadeau-numerique\/\" \/>\n<meta property=\"og:locale\" content=\"fr_FR\" \/>\n<meta property=\"og:type\" content=\"article\" \/>\n<meta property=\"og:title\" content=\"Kit de th\u00e9rapie faciale au bois 7 \u00e9l\u00e9ments + E-book num\u00e9rique en cadeau (en espagnol) - Maderoterapia Online\" \/>\n<meta property=\"og:description\" content=\"Si vous vous consacrez \u00e0 l&#039;esth\u00e9tique du visage, vous ne pouvez pas manquer dans votre set d&#039;\u00e9l\u00e9ments de travail le kit facial Maderoterapia compos\u00e9 de 7 \u00e9l\u00e9ments en bois de lotus et de ferrures dor\u00e9es de haute qualit\u00e9, con\u00e7u par Maderoterapia Est\u00e9tica Espa\u00f1a\u00ae. Avec ce kit de th\u00e9rapie faciale au bois , vous pouvez rendre vos clients beaux et rajeunis apr\u00e8s l\u2019application du traitement, \u00e9liminer les rides d\u2019expression, soulever les sourcils, remplir les pommettes, am\u00e9liorer et \u00e9liminer les cernes, \u00e9liminer les coins des l\u00e8vres, r\u00e9duire le double menton, nettoyer les impuret\u00e9s, d\u00e9tendre les muscles du visage, tonifier et raffermir la peau et bien plus encore...  Le kit de th\u00e9rapie faciale au bois se compose de 7 \u00e9l\u00e9ments.  Le ch\u00e8que-cadeau comprend  Ebook Cours de base sur le visage num\u00e9rique.\" \/>\n<meta property=\"og:url\" content=\"https:\/\/maderoterapiaonline.org\/fr\/producto\/kit-matherapie-faciale-7-elements-livre-cadeau-numerique\/\" \/>\n<meta property=\"og:site_name\" content=\"Maderoterapia Online\" \/>\n<meta property=\"article:modified_time\" content=\"2025-09-26T21:35:25+00:00\" \/>\n<meta property=\"og:image\" content=\"https:\/\/maderoterapiaonline.org\/wp-content\/uploads\/2023\/07\/kit-facial-maderoterapia-profesional-maderoterapiaonline-3.jpg\" \/>\n\t<meta property=\"og:image:width\" content=\"1080\" \/>\n\t<meta property=\"og:image:height\" content=\"1080\" \/>\n\t<meta property=\"og:image:type\" content=\"image\/jpeg\" \/>\n<meta name=\"twitter:card\" content=\"summary_large_image\" \/>\n<meta name=\"twitter:label1\" content=\"Dur\u00e9e de lecture estim\u00e9e\" \/>\n\t<meta name=\"twitter:data1\" content=\"1 minute\" \/>\n<script type=\"application\/ld+json\" class=\"yoast-schema-graph\">{\"@context\":\"https:\\\/\\\/schema.org\",\"@graph\":[{\"@type\":\"WebPage\",\"@id\":\"https:\\\/\\\/maderoterapiaonline.org\\\/fr\\\/producto\\\/kit-matherapie-faciale-7-elements-livre-cadeau-numerique\\\/\",\"url\":\"https:\\\/\\\/maderoterapiaonline.org\\\/fr\\\/producto\\\/kit-matherapie-faciale-7-elements-livre-cadeau-numerique\\\/\",\"name\":\"Kit de th\u00e9rapie faciale au bois 7 \u00e9l\u00e9ments + E-book num\u00e9rique en cadeau (en espagnol) - Maderoterapia Online\",\"isPartOf\":{\"@id\":\"https:\\\/\\\/maderoterapiaonline.org\\\/fr\\\/#website\"},\"primaryImageOfPage\":{\"@id\":\"https:\\\/\\\/maderoterapiaonline.org\\\/fr\\\/producto\\\/kit-matherapie-faciale-7-elements-livre-cadeau-numerique\\\/#primaryimage\"},\"image\":{\"@id\":\"https:\\\/\\\/maderoterapiaonline.org\\\/fr\\\/producto\\\/kit-matherapie-faciale-7-elements-livre-cadeau-numerique\\\/#primaryimage\"},\"thumbnailUrl\":\"https:\\\/\\\/maderoterapiaonline.org\\\/wp-content\\\/uploads\\\/2025\\\/04\\\/1.jpg\",\"datePublished\":\"2025-04-29T03:08:44+00:00\",\"dateModified\":\"2025-09-26T21:35:25+00:00\",\"breadcrumb\":{\"@id\":\"https:\\\/\\\/maderoterapiaonline.org\\\/fr\\\/producto\\\/kit-matherapie-faciale-7-elements-livre-cadeau-numerique\\\/#breadcrumb\"},\"inLanguage\":\"fr-FR\",\"potentialAction\":[{\"@type\":\"ReadAction\",\"target\":[\"https:\\\/\\\/maderoterapiaonline.org\\\/fr\\\/producto\\\/kit-matherapie-faciale-7-elements-livre-cadeau-numerique\\\/\"]}]},{\"@type\":\"ImageObject\",\"inLanguage\":\"fr-FR\",\"@id\":\"https:\\\/\\\/maderoterapiaonline.org\\\/fr\\\/producto\\\/kit-matherapie-faciale-7-elements-livre-cadeau-numerique\\\/#primaryimage\",\"url\":\"https:\\\/\\\/maderoterapiaonline.org\\\/wp-content\\\/uploads\\\/2025\\\/04\\\/1.jpg\",\"contentUrl\":\"https:\\\/\\\/maderoterapiaonline.org\\\/wp-content\\\/uploads\\\/2025\\\/04\\\/1.jpg\",\"width\":1080,\"height\":1080,\"caption\":\"Kit facial maderoterapia 7 elementos\"},{\"@type\":\"BreadcrumbList\",\"@id\":\"https:\\\/\\\/maderoterapiaonline.org\\\/fr\\\/producto\\\/kit-matherapie-faciale-7-elements-livre-cadeau-numerique\\\/#breadcrumb\",\"itemListElement\":[{\"@type\":\"ListItem\",\"position\":1,\"name\":\"Portada\",\"item\":\"https:\\\/\\\/maderoterapiaonline.org\\\/fr\\\/\"},{\"@type\":\"ListItem\",\"position\":2,\"name\":\"Boutique\",\"item\":\"https:\\\/\\\/maderoterapiaonline.org\\\/kits-maderas\\\/\"},{\"@type\":\"ListItem\",\"position\":3,\"name\":\"Kit de th\u00e9rapie faciale au bois 7 \u00e9l\u00e9ments + E-book num\u00e9rique en cadeau (en espagnol)\"}]},{\"@type\":\"WebSite\",\"@id\":\"https:\\\/\\\/maderoterapiaonline.org\\\/fr\\\/#website\",\"url\":\"https:\\\/\\\/maderoterapiaonline.org\\\/fr\\\/\",\"name\":\"Maderoterapia Online\",\"description\":\"Compra tu kit de Maderoterapia Profesional. Env\u00edos 24\\\/48h. Atenci\u00f3n al cliente por profesionales Maderoterapeutas\",\"publisher\":{\"@id\":\"https:\\\/\\\/maderoterapiaonline.org\\\/fr\\\/#organization\"},\"alternateName\":\"Maderoterapiaonline.org\",\"potentialAction\":[{\"@type\":\"SearchAction\",\"target\":{\"@type\":\"EntryPoint\",\"urlTemplate\":\"https:\\\/\\\/maderoterapiaonline.org\\\/fr\\\/?s={search_term_string}\"},\"query-input\":{\"@type\":\"PropertyValueSpecification\",\"valueRequired\":true,\"valueName\":\"search_term_string\"}}],\"inLanguage\":\"fr-FR\"},{\"@type\":\"Organization\",\"@id\":\"https:\\\/\\\/maderoterapiaonline.org\\\/fr\\\/#organization\",\"name\":\"Maderoterapia Est\u00e9tica Espa\u00f1a \u2013 Dori L\u00f3pez\u00ae y Escuela Profesional Maderoterapia Online\u00ae.\",\"url\":\"https:\\\/\\\/maderoterapiaonline.org\\\/fr\\\/\",\"logo\":{\"@type\":\"ImageObject\",\"inLanguage\":\"fr-FR\",\"@id\":\"https:\\\/\\\/maderoterapiaonline.org\\\/fr\\\/#\\\/schema\\\/logo\\\/image\\\/\",\"url\":\"https:\\\/\\\/maderoterapiaonline.org\\\/wp-content\\\/uploads\\\/2025\\\/03\\\/Logo-M-1.png\",\"contentUrl\":\"https:\\\/\\\/maderoterapiaonline.org\\\/wp-content\\\/uploads\\\/2025\\\/03\\\/Logo-M-1.png\",\"width\":1464,\"height\":1051,\"caption\":\"Maderoterapia Est\u00e9tica Espa\u00f1a \u2013 Dori L\u00f3pez\u00ae y Escuela Profesional Maderoterapia Online\u00ae.\"},\"image\":{\"@id\":\"https:\\\/\\\/maderoterapiaonline.org\\\/fr\\\/#\\\/schema\\\/logo\\\/image\\\/\"}}]}<\/script>\n<!-- \/ Yoast SEO plugin. -->","yoast_head_json":{"title":"Kit de th\u00e9rapie faciale au bois 7 \u00e9l\u00e9ments + E-book num\u00e9rique en cadeau (en espagnol) - Maderoterapia Online","robots":{"index":"index","follow":"follow","max-snippet":"max-snippet:-1","max-image-preview":"max-image-preview:large","max-video-preview":"max-video-preview:-1"},"canonical":"https:\/\/maderoterapiaonline.org\/fr\/producto\/kit-matherapie-faciale-7-elements-livre-cadeau-numerique\/","og_locale":"fr_FR","og_type":"article","og_title":"Kit de th\u00e9rapie faciale au bois 7 \u00e9l\u00e9ments + E-book num\u00e9rique en cadeau (en espagnol) - Maderoterapia Online","og_description":"Si vous vous consacrez \u00e0 l'esth\u00e9tique du visage, vous ne pouvez pas manquer dans votre set d'\u00e9l\u00e9ments de travail le kit facial Maderoterapia compos\u00e9 de 7 \u00e9l\u00e9ments en bois de lotus et de ferrures dor\u00e9es de haute qualit\u00e9, con\u00e7u par Maderoterapia Est\u00e9tica Espa\u00f1a\u00ae. Avec ce kit de th\u00e9rapie faciale au bois , vous pouvez rendre vos clients beaux et rajeunis apr\u00e8s l\u2019application du traitement, \u00e9liminer les rides d\u2019expression, soulever les sourcils, remplir les pommettes, am\u00e9liorer et \u00e9liminer les cernes, \u00e9liminer les coins des l\u00e8vres, r\u00e9duire le double menton, nettoyer les impuret\u00e9s, d\u00e9tendre les muscles du visage, tonifier et raffermir la peau et bien plus encore...  Le kit de th\u00e9rapie faciale au bois se compose de 7 \u00e9l\u00e9ments.  Le ch\u00e8que-cadeau comprend  Ebook Cours de base sur le visage num\u00e9rique.","og_url":"https:\/\/maderoterapiaonline.org\/fr\/producto\/kit-matherapie-faciale-7-elements-livre-cadeau-numerique\/","og_site_name":"Maderoterapia Online","article_modified_time":"2025-09-26T21:35:25+00:00","og_image":[{"width":1080,"height":1080,"url":"https:\/\/maderoterapiaonline.org\/wp-content\/uploads\/2023\/07\/kit-facial-maderoterapia-profesional-maderoterapiaonline-3.jpg","type":"image\/jpeg"}],"twitter_card":"summary_large_image","twitter_misc":{"Dur\u00e9e de lecture estim\u00e9e":"1 minute"},"schema":{"@context":"https:\/\/schema.org","@graph":[{"@type":"WebPage","@id":"https:\/\/maderoterapiaonline.org\/fr\/producto\/kit-matherapie-faciale-7-elements-livre-cadeau-numerique\/","url":"https:\/\/maderoterapiaonline.org\/fr\/producto\/kit-matherapie-faciale-7-elements-livre-cadeau-numerique\/","name":"Kit de th\u00e9rapie faciale au bois 7 \u00e9l\u00e9ments + E-book num\u00e9rique en cadeau (en espagnol) - Maderoterapia Online","isPartOf":{"@id":"https:\/\/maderoterapiaonline.org\/fr\/#website"},"primaryImageOfPage":{"@id":"https:\/\/maderoterapiaonline.org\/fr\/producto\/kit-matherapie-faciale-7-elements-livre-cadeau-numerique\/#primaryimage"},"image":{"@id":"https:\/\/maderoterapiaonline.org\/fr\/producto\/kit-matherapie-faciale-7-elements-livre-cadeau-numerique\/#primaryimage"},"thumbnailUrl":"https:\/\/maderoterapiaonline.org\/wp-content\/uploads\/2025\/04\/1.jpg","datePublished":"2025-04-29T03:08:44+00:00","dateModified":"2025-09-26T21:35:25+00:00","breadcrumb":{"@id":"https:\/\/maderoterapiaonline.org\/fr\/producto\/kit-matherapie-faciale-7-elements-livre-cadeau-numerique\/#breadcrumb"},"inLanguage":"fr-FR","potentialAction":[{"@type":"ReadAction","target":["https:\/\/maderoterapiaonline.org\/fr\/producto\/kit-matherapie-faciale-7-elements-livre-cadeau-numerique\/"]}]},{"@type":"ImageObject","inLanguage":"fr-FR","@id":"https:\/\/maderoterapiaonline.org\/fr\/producto\/kit-matherapie-faciale-7-elements-livre-cadeau-numerique\/#primaryimage","url":"https:\/\/maderoterapiaonline.org\/wp-content\/uploads\/2025\/04\/1.jpg","contentUrl":"https:\/\/maderoterapiaonline.org\/wp-content\/uploads\/2025\/04\/1.jpg","width":1080,"height":1080,"caption":"Kit facial maderoterapia 7 elementos"},{"@type":"BreadcrumbList","@id":"https:\/\/maderoterapiaonline.org\/fr\/producto\/kit-matherapie-faciale-7-elements-livre-cadeau-numerique\/#breadcrumb","itemListElement":[{"@type":"ListItem","position":1,"name":"Portada","item":"https:\/\/maderoterapiaonline.org\/fr\/"},{"@type":"ListItem","position":2,"name":"Boutique","item":"https:\/\/maderoterapiaonline.org\/kits-maderas\/"},{"@type":"ListItem","position":3,"name":"Kit de th\u00e9rapie faciale au bois 7 \u00e9l\u00e9ments + E-book num\u00e9rique en cadeau (en espagnol)"}]},{"@type":"WebSite","@id":"https:\/\/maderoterapiaonline.org\/fr\/#website","url":"https:\/\/maderoterapiaonline.org\/fr\/","name":"Maderoterapia Online","description":"Compra tu kit de Maderoterapia Profesional. Env\u00edos 24\/48h. Atenci\u00f3n al cliente por profesionales Maderoterapeutas","publisher":{"@id":"https:\/\/maderoterapiaonline.org\/fr\/#organization"},"alternateName":"Maderoterapiaonline.org","potentialAction":[{"@type":"SearchAction","target":{"@type":"EntryPoint","urlTemplate":"https:\/\/maderoterapiaonline.org\/fr\/?s={search_term_string}"},"query-input":{"@type":"PropertyValueSpecification","valueRequired":true,"valueName":"search_term_string"}}],"inLanguage":"fr-FR"},{"@type":"Organization","@id":"https:\/\/maderoterapiaonline.org\/fr\/#organization","name":"Maderoterapia Est\u00e9tica Espa\u00f1a \u2013 Dori L\u00f3pez\u00ae y Escuela Profesional Maderoterapia Online\u00ae.","url":"https:\/\/maderoterapiaonline.org\/fr\/","logo":{"@type":"ImageObject","inLanguage":"fr-FR","@id":"https:\/\/maderoterapiaonline.org\/fr\/#\/schema\/logo\/image\/","url":"https:\/\/maderoterapiaonline.org\/wp-content\/uploads\/2025\/03\/Logo-M-1.png","contentUrl":"https:\/\/maderoterapiaonline.org\/wp-content\/uploads\/2025\/03\/Logo-M-1.png","width":1464,"height":1051,"caption":"Maderoterapia Est\u00e9tica Espa\u00f1a \u2013 Dori L\u00f3pez\u00ae y Escuela Profesional Maderoterapia Online\u00ae."},"image":{"@id":"https:\/\/maderoterapiaonline.org\/fr\/#\/schema\/logo\/image\/"}}]}},"_links":{"self":[{"href":"https:\/\/maderoterapiaonline.org\/fr\/wp-json\/wp\/v2\/product\/42450","targetHints":{"allow":["GET"]}}],"collection":[{"href":"https:\/\/maderoterapiaonline.org\/fr\/wp-json\/wp\/v2\/product"}],"about":[{"href":"https:\/\/maderoterapiaonline.org\/fr\/wp-json\/wp\/v2\/types\/product"}],"replies":[{"embeddable":true,"href":"https:\/\/maderoterapiaonline.org\/fr\/wp-json\/wp\/v2\/comments?post=42450"}],"wp:featuredmedia":[{"embeddable":true,"href":"https:\/\/maderoterapiaonline.org\/fr\/wp-json\/wp\/v2\/media\/49296"}],"wp:attachment":[{"href":"https:\/\/maderoterapiaonline.org\/fr\/wp-json\/wp\/v2\/media?parent=42450"}],"wp:term":[{"taxonomy":"product_brand","embeddable":true,"href":"https:\/\/maderoterapiaonline.org\/fr\/wp-json\/wp\/v2\/product_brand?post=42450"},{"taxonomy":"product_cat","embeddable":true,"href":"https:\/\/maderoterapiaonline.org\/fr\/wp-json\/wp\/v2\/product_cat?post=42450"},{"taxonomy":"product_tag","embeddable":true,"href":"https:\/\/maderoterapiaonline.org\/fr\/wp-json\/wp\/v2\/product_tag?post=42450"}],"curies":[{"name":"wp","href":"https:\/\/api.w.org\/{rel}","templated":true}]}}