{"id":42448,"date":"2023-07-17T05:08:58","date_gmt":"2023-07-17T03:08:58","guid":{"rendered":"https:\/\/maderoterapiaonline.org\/producto\/complet-wood-metal-body-complet-wood-metal-body\/"},"modified":"2026-04-08T08:29:02","modified_gmt":"2026-04-08T06:29:02","slug":"maderotherapie-complet-bois-metal-corps","status":"publish","type":"product","link":"https:\/\/maderoterapiaonline.org\/fr\/producto\/maderotherapie-complet-bois-metal-corps\/","title":{"rendered":"Complet Wood Metal Body Complet Wood Metal Body"},"content":{"rendered":"<p>\u00a1Attention aux professionnels de l\u2019esth\u00e9tique et aux magiciens du rajeunissement! Laissez les contes de f\u00e9es dans le pass\u00e9 et accueillez la baguette magique du si\u00e8cle : le kit corps mad\u00e9roth\u00e9rapie Complet Bois M\u00e9tal! Avec une arm\u00e9e de 14 \u00e9l\u00e9ments indomptables, ce kit est la cl\u00e9 principale pour d\u00e9bloquer un monde o\u00f9 la cellulite est un mythe et la graisse une l\u00e9gende.<\/p>\n<p>Etes-vous pr\u00eat \u00e0 devenir le h\u00e9ros ou l&rsquo;h\u00e9ro\u00efne de la saga contre les peaux ind\u00e9sirables ? Pr\u00e9parez-vous \u00e0 manier les rouleaux comme quelqu&rsquo;un manie des \u00e9p\u00e9es, bannissant la cellulite la plus audacieuse dans l&rsquo;oubli et sculptant des muscles dignes d&rsquo;une statue grecque.<\/p>\n<p>Mais ce n&rsquo;est pas tout; Il y a plus d&rsquo;aventures dans ce coffre au tr\u00e9sor ! Votre baguette magique (\u00e9galement connue sous le nom de rouleau) fera l&rsquo;envie du royaume, transformant les massages ordinaires en sortil\u00e8ges qui d\u00e9composent les graisses comme un sortil\u00e8ge bien lanc\u00e9. Pendant ce temps, les tasses et les planches fonctionnent comme vos fid\u00e8les \u00e9cuyers, combattant vaillamment dans chaque bataille contre l&rsquo;affaissement.<\/p>\n<p>Ce kit n&rsquo;est pas destin\u00e9 aux \u00e2mes sensibles, mais \u00e0 ceux qui osent d\u00e9fier les limites du possible. Avec humour et une touche de magie, pr\u00e9parez-vous \u00e0 raconter des histoires de grands exploits \u00e0 chaque s\u00e9ance, o\u00f9 vos clients deviennent les protagonistes de leurs propres histoires de transformation et de triomphe !<\/p>\n<p><iframe loading=\"lazy\" title=\"Vid\u00e9o YouTube\" src=\"https:\/\/www.youtube.com\/embed\/K5qqdDLcz5o?si=BwkE8lYoUW9ORJSZ\" width=\"560\" height=\"315\" frameborder=\"0\" allowfullscreen=\"allowfullscreen\"><\/iframe><\/p>\n","protected":false},"excerpt":{"rendered":"<p>Le kit complet de th\u00e9rapie par le bois et le corps en m\u00e9tal contient 14 \u00e9l\u00e9ments qui vous aideront \u00e0 compl\u00e9ter une s\u00e9ance de th\u00e9rapie par le bois et de th\u00e9rapie par le m\u00e9tal avec d\u2019excellents r\u00e9sultats pour votre client@s.<\/p>\n<p>Avec ce kit, vous pouvez effectuer des massages professionnels, modeler le corps, r\u00e9duire la cellulite la plus tenace et d\u00e9composer efficacement les graisses.<\/p>\n<p>Le kit contient\u00a0:<br \/>\n2 tasse su\u00e9doise<br \/>\n2 champignons r\u00e9ducteurs<br \/>\n1 tasse avec rouleau<br \/>\n2 cylindres<br \/>\nanti-cellulite 1 planche de fa\u00e7onnage dentel\u00e9e<br \/>\n1 rouleau de massage long 13 roues<br \/>\n1 rouleau 4 cubes<br \/>\n1 rouleau incurv\u00e9<br \/>\n1 champignon r\u00e9ducteur anti-inflammatoire en m\u00e9tal<br \/>\n1 planche de fa\u00e7onnage en m\u00e9tal<br \/>\ndentel\u00e9e 1 tasse en m\u00e9tal su\u00e9dois.<\/p>\n","protected":false},"featured_media":49204,"comment_status":"closed","ping_status":"closed","template":"","meta":{"content-type":""},"product_brand":[],"product_cat":[385,384],"product_tag":[],"class_list":{"0":"post-42448","1":"product","2":"type-product","3":"status-publish","4":"has-post-thumbnail","6":"product_cat-kits-de-therapie-par-le-bois","7":"product_cat-metatherapie","9":"first","10":"instock","11":"sale","12":"taxable","13":"shipping-taxable","14":"purchasable","15":"product-type-simple"},"yoast_head":"<!-- This site is optimized with the Yoast SEO plugin v27.2 - https:\/\/yoast.com\/product\/yoast-seo-wordpress\/ -->\n<title>Complet Wood Metal Body Complet Wood Metal Body - Maderoterapia Online<\/title>\n<meta name=\"robots\" content=\"index, follow, max-snippet:-1, max-image-preview:large, max-video-preview:-1\" \/>\n<link rel=\"canonical\" href=\"https:\/\/maderoterapiaonline.org\/fr\/producto\/maderotherapie-complet-bois-metal-corps\/\" \/>\n<meta property=\"og:locale\" content=\"fr_FR\" \/>\n<meta property=\"og:type\" content=\"article\" \/>\n<meta property=\"og:title\" content=\"Complet Wood Metal Body Complet Wood Metal Body - Maderoterapia Online\" \/>\n<meta property=\"og:description\" content=\"Le kit complet de th\u00e9rapie par le bois et le corps en m\u00e9tal contient 14 \u00e9l\u00e9ments qui vous aideront \u00e0 compl\u00e9ter une s\u00e9ance de th\u00e9rapie par le bois et de th\u00e9rapie par le m\u00e9tal avec d\u2019excellents r\u00e9sultats pour votre client@s.  Avec ce kit, vous pouvez effectuer des massages professionnels, modeler le corps, r\u00e9duire la cellulite la plus tenace et d\u00e9composer efficacement les graisses.  Le kit contient\u00a0: 2 tasse su\u00e9doise 2 champignons r\u00e9ducteurs 1 tasse avec rouleau 2 cylindres anti-cellulite 1 planche de fa\u00e7onnage dentel\u00e9e 1 rouleau de massage long 13 roues 1 rouleau 4 cubes 1 rouleau incurv\u00e9 1 champignon r\u00e9ducteur anti-inflammatoire en m\u00e9tal 1 planche de fa\u00e7onnage en m\u00e9tal dentel\u00e9e 1 tasse en m\u00e9tal su\u00e9dois.\" \/>\n<meta property=\"og:url\" content=\"https:\/\/maderoterapiaonline.org\/fr\/producto\/maderotherapie-complet-bois-metal-corps\/\" \/>\n<meta property=\"og:site_name\" content=\"Maderoterapia Online\" \/>\n<meta property=\"article:modified_time\" content=\"2026-04-08T06:29:02+00:00\" \/>\n<meta property=\"og:image\" content=\"https:\/\/maderoterapiaonline.org\/wp-content\/uploads\/2023\/07\/1-21.jpg\" \/>\n\t<meta property=\"og:image:width\" content=\"1080\" \/>\n\t<meta property=\"og:image:height\" content=\"1080\" \/>\n\t<meta property=\"og:image:type\" content=\"image\/jpeg\" \/>\n<meta name=\"twitter:card\" content=\"summary_large_image\" \/>\n<meta name=\"twitter:label1\" content=\"Dur\u00e9e de lecture estim\u00e9e\" \/>\n\t<meta name=\"twitter:data1\" content=\"2 minutes\" \/>\n<script type=\"application\/ld+json\" class=\"yoast-schema-graph\">{\"@context\":\"https:\/\/schema.org\",\"@graph\":[{\"@type\":\"WebPage\",\"@id\":\"https:\/\/maderoterapiaonline.org\/fr\/producto\/maderotherapie-complet-bois-metal-corps\/\",\"url\":\"https:\/\/maderoterapiaonline.org\/fr\/producto\/maderotherapie-complet-bois-metal-corps\/\",\"name\":\"Complet Wood Metal Body Complet Wood Metal Body - Maderoterapia Online\",\"isPartOf\":{\"@id\":\"https:\/\/maderoterapiaonline.org\/fr\/#website\"},\"primaryImageOfPage\":{\"@id\":\"https:\/\/maderoterapiaonline.org\/fr\/producto\/maderotherapie-complet-bois-metal-corps\/#primaryimage\"},\"image\":{\"@id\":\"https:\/\/maderoterapiaonline.org\/fr\/producto\/maderotherapie-complet-bois-metal-corps\/#primaryimage\"},\"thumbnailUrl\":\"https:\/\/maderoterapiaonline.org\/wp-content\/uploads\/2023\/07\/1-21.jpg\",\"datePublished\":\"2023-07-17T03:08:58+00:00\",\"dateModified\":\"2026-04-08T06:29:02+00:00\",\"breadcrumb\":{\"@id\":\"https:\/\/maderoterapiaonline.org\/fr\/producto\/maderotherapie-complet-bois-metal-corps\/#breadcrumb\"},\"inLanguage\":\"fr-FR\",\"potentialAction\":[{\"@type\":\"ReadAction\",\"target\":[\"https:\/\/maderoterapiaonline.org\/fr\/producto\/maderotherapie-complet-bois-metal-corps\/\"]}]},{\"@type\":\"ImageObject\",\"inLanguage\":\"fr-FR\",\"@id\":\"https:\/\/maderoterapiaonline.org\/fr\/producto\/maderotherapie-complet-bois-metal-corps\/#primaryimage\",\"url\":\"https:\/\/maderoterapiaonline.org\/wp-content\/uploads\/2023\/07\/1-21.jpg\",\"contentUrl\":\"https:\/\/maderoterapiaonline.org\/wp-content\/uploads\/2023\/07\/1-21.jpg\",\"width\":1080,\"height\":1080,\"caption\":\"Maderoterapia Complet Wood Metal Body\"},{\"@type\":\"BreadcrumbList\",\"@id\":\"https:\/\/maderoterapiaonline.org\/fr\/producto\/maderotherapie-complet-bois-metal-corps\/#breadcrumb\",\"itemListElement\":[{\"@type\":\"ListItem\",\"position\":1,\"name\":\"Portada\",\"item\":\"https:\/\/maderoterapiaonline.org\/fr\/\"},{\"@type\":\"ListItem\",\"position\":2,\"name\":\"Boutique\",\"item\":\"https:\/\/maderoterapiaonline.org\/kits-maderas\/\"},{\"@type\":\"ListItem\",\"position\":3,\"name\":\"Complet Wood Metal Body Complet Wood Metal Body\"}]},{\"@type\":\"WebSite\",\"@id\":\"https:\/\/maderoterapiaonline.org\/fr\/#website\",\"url\":\"https:\/\/maderoterapiaonline.org\/fr\/\",\"name\":\"Maderoterapia Online\",\"description\":\"Compra tu kit de Maderoterapia Profesional. Env\u00edos 24\/48h. Atenci\u00f3n al cliente por profesionales Maderoterapeutas\",\"publisher\":{\"@id\":\"https:\/\/maderoterapiaonline.org\/fr\/#organization\"},\"alternateName\":\"Maderoterapiaonline.org\",\"potentialAction\":[{\"@type\":\"SearchAction\",\"target\":{\"@type\":\"EntryPoint\",\"urlTemplate\":\"https:\/\/maderoterapiaonline.org\/fr\/?s={search_term_string}\"},\"query-input\":{\"@type\":\"PropertyValueSpecification\",\"valueRequired\":true,\"valueName\":\"search_term_string\"}}],\"inLanguage\":\"fr-FR\"},{\"@type\":\"Organization\",\"@id\":\"https:\/\/maderoterapiaonline.org\/fr\/#organization\",\"name\":\"Maderoterapia Est\u00e9tica Espa\u00f1a \u2013 Dori L\u00f3pez\u00ae y Escuela Profesional Maderoterapia Online\u00ae.\",\"url\":\"https:\/\/maderoterapiaonline.org\/fr\/\",\"logo\":{\"@type\":\"ImageObject\",\"inLanguage\":\"fr-FR\",\"@id\":\"https:\/\/maderoterapiaonline.org\/fr\/#\/schema\/logo\/image\/\",\"url\":\"https:\/\/maderoterapiaonline.org\/wp-content\/uploads\/2025\/03\/Logo-M-1.png\",\"contentUrl\":\"https:\/\/maderoterapiaonline.org\/wp-content\/uploads\/2025\/03\/Logo-M-1.png\",\"width\":1464,\"height\":1051,\"caption\":\"Maderoterapia Est\u00e9tica Espa\u00f1a \u2013 Dori L\u00f3pez\u00ae y Escuela Profesional Maderoterapia Online\u00ae.\"},\"image\":{\"@id\":\"https:\/\/maderoterapiaonline.org\/fr\/#\/schema\/logo\/image\/\"}}]}<\/script>\n<!-- \/ Yoast SEO plugin. -->","yoast_head_json":{"title":"Complet Wood Metal Body Complet Wood Metal Body - Maderoterapia Online","robots":{"index":"index","follow":"follow","max-snippet":"max-snippet:-1","max-image-preview":"max-image-preview:large","max-video-preview":"max-video-preview:-1"},"canonical":"https:\/\/maderoterapiaonline.org\/fr\/producto\/maderotherapie-complet-bois-metal-corps\/","og_locale":"fr_FR","og_type":"article","og_title":"Complet Wood Metal Body Complet Wood Metal Body - Maderoterapia Online","og_description":"Le kit complet de th\u00e9rapie par le bois et le corps en m\u00e9tal contient 14 \u00e9l\u00e9ments qui vous aideront \u00e0 compl\u00e9ter une s\u00e9ance de th\u00e9rapie par le bois et de th\u00e9rapie par le m\u00e9tal avec d\u2019excellents r\u00e9sultats pour votre client@s.  Avec ce kit, vous pouvez effectuer des massages professionnels, modeler le corps, r\u00e9duire la cellulite la plus tenace et d\u00e9composer efficacement les graisses.  Le kit contient\u00a0: 2 tasse su\u00e9doise 2 champignons r\u00e9ducteurs 1 tasse avec rouleau 2 cylindres anti-cellulite 1 planche de fa\u00e7onnage dentel\u00e9e 1 rouleau de massage long 13 roues 1 rouleau 4 cubes 1 rouleau incurv\u00e9 1 champignon r\u00e9ducteur anti-inflammatoire en m\u00e9tal 1 planche de fa\u00e7onnage en m\u00e9tal dentel\u00e9e 1 tasse en m\u00e9tal su\u00e9dois.","og_url":"https:\/\/maderoterapiaonline.org\/fr\/producto\/maderotherapie-complet-bois-metal-corps\/","og_site_name":"Maderoterapia Online","article_modified_time":"2026-04-08T06:29:02+00:00","og_image":[{"width":1080,"height":1080,"url":"https:\/\/maderoterapiaonline.org\/wp-content\/uploads\/2023\/07\/1-21.jpg","type":"image\/jpeg"}],"twitter_card":"summary_large_image","twitter_misc":{"Dur\u00e9e de lecture estim\u00e9e":"2 minutes"},"schema":{"@context":"https:\/\/schema.org","@graph":[{"@type":"WebPage","@id":"https:\/\/maderoterapiaonline.org\/fr\/producto\/maderotherapie-complet-bois-metal-corps\/","url":"https:\/\/maderoterapiaonline.org\/fr\/producto\/maderotherapie-complet-bois-metal-corps\/","name":"Complet Wood Metal Body Complet Wood Metal Body - Maderoterapia Online","isPartOf":{"@id":"https:\/\/maderoterapiaonline.org\/fr\/#website"},"primaryImageOfPage":{"@id":"https:\/\/maderoterapiaonline.org\/fr\/producto\/maderotherapie-complet-bois-metal-corps\/#primaryimage"},"image":{"@id":"https:\/\/maderoterapiaonline.org\/fr\/producto\/maderotherapie-complet-bois-metal-corps\/#primaryimage"},"thumbnailUrl":"https:\/\/maderoterapiaonline.org\/wp-content\/uploads\/2023\/07\/1-21.jpg","datePublished":"2023-07-17T03:08:58+00:00","dateModified":"2026-04-08T06:29:02+00:00","breadcrumb":{"@id":"https:\/\/maderoterapiaonline.org\/fr\/producto\/maderotherapie-complet-bois-metal-corps\/#breadcrumb"},"inLanguage":"fr-FR","potentialAction":[{"@type":"ReadAction","target":["https:\/\/maderoterapiaonline.org\/fr\/producto\/maderotherapie-complet-bois-metal-corps\/"]}]},{"@type":"ImageObject","inLanguage":"fr-FR","@id":"https:\/\/maderoterapiaonline.org\/fr\/producto\/maderotherapie-complet-bois-metal-corps\/#primaryimage","url":"https:\/\/maderoterapiaonline.org\/wp-content\/uploads\/2023\/07\/1-21.jpg","contentUrl":"https:\/\/maderoterapiaonline.org\/wp-content\/uploads\/2023\/07\/1-21.jpg","width":1080,"height":1080,"caption":"Maderoterapia Complet Wood Metal Body"},{"@type":"BreadcrumbList","@id":"https:\/\/maderoterapiaonline.org\/fr\/producto\/maderotherapie-complet-bois-metal-corps\/#breadcrumb","itemListElement":[{"@type":"ListItem","position":1,"name":"Portada","item":"https:\/\/maderoterapiaonline.org\/fr\/"},{"@type":"ListItem","position":2,"name":"Boutique","item":"https:\/\/maderoterapiaonline.org\/kits-maderas\/"},{"@type":"ListItem","position":3,"name":"Complet Wood Metal Body Complet Wood Metal Body"}]},{"@type":"WebSite","@id":"https:\/\/maderoterapiaonline.org\/fr\/#website","url":"https:\/\/maderoterapiaonline.org\/fr\/","name":"Maderoterapia Online","description":"Compra tu kit de Maderoterapia Profesional. Env\u00edos 24\/48h. Atenci\u00f3n al cliente por profesionales Maderoterapeutas","publisher":{"@id":"https:\/\/maderoterapiaonline.org\/fr\/#organization"},"alternateName":"Maderoterapiaonline.org","potentialAction":[{"@type":"SearchAction","target":{"@type":"EntryPoint","urlTemplate":"https:\/\/maderoterapiaonline.org\/fr\/?s={search_term_string}"},"query-input":{"@type":"PropertyValueSpecification","valueRequired":true,"valueName":"search_term_string"}}],"inLanguage":"fr-FR"},{"@type":"Organization","@id":"https:\/\/maderoterapiaonline.org\/fr\/#organization","name":"Maderoterapia Est\u00e9tica Espa\u00f1a \u2013 Dori L\u00f3pez\u00ae y Escuela Profesional Maderoterapia Online\u00ae.","url":"https:\/\/maderoterapiaonline.org\/fr\/","logo":{"@type":"ImageObject","inLanguage":"fr-FR","@id":"https:\/\/maderoterapiaonline.org\/fr\/#\/schema\/logo\/image\/","url":"https:\/\/maderoterapiaonline.org\/wp-content\/uploads\/2025\/03\/Logo-M-1.png","contentUrl":"https:\/\/maderoterapiaonline.org\/wp-content\/uploads\/2025\/03\/Logo-M-1.png","width":1464,"height":1051,"caption":"Maderoterapia Est\u00e9tica Espa\u00f1a \u2013 Dori L\u00f3pez\u00ae y Escuela Profesional Maderoterapia Online\u00ae."},"image":{"@id":"https:\/\/maderoterapiaonline.org\/fr\/#\/schema\/logo\/image\/"}}]}},"_links":{"self":[{"href":"https:\/\/maderoterapiaonline.org\/fr\/wp-json\/wp\/v2\/product\/42448","targetHints":{"allow":["GET"]}}],"collection":[{"href":"https:\/\/maderoterapiaonline.org\/fr\/wp-json\/wp\/v2\/product"}],"about":[{"href":"https:\/\/maderoterapiaonline.org\/fr\/wp-json\/wp\/v2\/types\/product"}],"replies":[{"embeddable":true,"href":"https:\/\/maderoterapiaonline.org\/fr\/wp-json\/wp\/v2\/comments?post=42448"}],"wp:featuredmedia":[{"embeddable":true,"href":"https:\/\/maderoterapiaonline.org\/fr\/wp-json\/wp\/v2\/media\/49204"}],"wp:attachment":[{"href":"https:\/\/maderoterapiaonline.org\/fr\/wp-json\/wp\/v2\/media?parent=42448"}],"wp:term":[{"taxonomy":"product_brand","embeddable":true,"href":"https:\/\/maderoterapiaonline.org\/fr\/wp-json\/wp\/v2\/product_brand?post=42448"},{"taxonomy":"product_cat","embeddable":true,"href":"https:\/\/maderoterapiaonline.org\/fr\/wp-json\/wp\/v2\/product_cat?post=42448"},{"taxonomy":"product_tag","embeddable":true,"href":"https:\/\/maderoterapiaonline.org\/fr\/wp-json\/wp\/v2\/product_tag?post=42448"}],"curies":[{"name":"wp","href":"https:\/\/api.w.org\/{rel}","templated":true}]}}