{"id":42447,"date":"2025-04-28T05:08:51","date_gmt":"2025-04-28T03:08:51","guid":{"rendered":"https:\/\/maderoterapiaonline.org\/producto\/body-anti-cellulite-kit-classic-7-elements-cours-en-ligne\/"},"modified":"2025-10-08T09:40:00","modified_gmt":"2025-10-08T07:40:00","slug":"corps-anti-cellulite-cours-classique-7-elements-cours-en-ligne","status":"publish","type":"product","link":"https:\/\/maderoterapiaonline.org\/fr\/producto\/corps-anti-cellulite-cours-classique-7-elements-cours-en-ligne\/","title":{"rendered":"Kit de Maderoth\u00e9rapie Corporelle &amp; Anticellulite Classique \u2013 7 \u00e9l\u00e9ments"},"content":{"rendered":"<p>\u00a1Professionnels de l&rsquo;esth\u00e9tique, architectes de la beaut\u00e9 du corps, il est temps d&rsquo;\u00e9lever vos comp\u00e9tences \u00e0 un niveau l\u00e9gendaire avec le Kit Classique Corps &amp; Anti-Cellulite! D\u00e9couvrez la puissance d&rsquo;un traitement complet qui non seulement d\u00e9clare la guerre \u00e0 la cellulite et aux centim\u00e8tres tenaces, mais remod\u00e8le le paysage corporel de vos clients, transformant les montagnes en dunes de sable parfaites.<\/p>\n<p>Dans cet arsenal de sept outils magistraux, vous trouverez de tout, du Grooved Roller, guerrier contre la peau d&rsquo;orange, au mythique Champignon R\u00e9ducteur, qui \u00e9crase la cellulite comme s&rsquo;il \u00e9tait un h\u00e9ros intr\u00e9pide de contes de f\u00e9es. Chaque \u00e9l\u00e9ment est con\u00e7u pour \u00eatre un fid\u00e8le compagnon de vos exploits esth\u00e9tiques.<\/p>\n<p>Et attendez, il y a plus ! Voyez-vous cette lueur de sagesse \u00e0 l\u2019horizon ? C&rsquo;est la MASTERCLASS GRATUITE qui accompagne ce kit, \u00e9clairant votre chemin vers des techniques infaillibles et des secrets anciens de la Mad\u00e9roth\u00e9rapie.<\/p>\n<p>Arm\u00e9 de connaissances et des bonnes armes, vous serez pr\u00eat \u00e0 vous transformer, \u00e0 vous tonifier et \u00e0 r\u00e9ussir. Allez-y, courageux sculpteurs de beaut\u00e9, votre odyss\u00e9e vers des r\u00e9sultats \u00e9tonnants commence maintenant !<\/p>\n<hr>\n<p><iframe loading=\"lazy\" title=\"Vid\u00e9o YouTube\" src=\"https:\/\/www.youtube.com\/embed\/_l8Bf0I7Bk4\" width=\"560\" height=\"315\" frameborder=\"0\" allowfullscreen=\"allowfullscreen\"><\/iframe><\/p>\n","protected":false},"excerpt":{"rendered":"<p>Avec le Kit de Maderoth\u00e9rapie Corporelle &amp; Anticellulite Classique \u2013 7 \u00e9l\u00e9ments, tu pourras r\u00e9aliser un traitement complet de maderoth\u00e9rapie pour r\u00e9duire les centim\u00e8tres, \u00e9liminer la cellulite et remodeler efficacement la silhouette.<\/p>\n<p>Ce pack contient :<\/p>\n<ol>\n<li>Rouleau 13 disques.<\/li>\n<li>Rouleau \u00e0 4 godets<\/li>\n<li>Rouleau courbe.<\/li>\n<li>Coupe de Su\u00e8de.<\/li>\n<li>Coupe su\u00e9doise avec rouleau.<\/li>\n<li>Champignon\/r\u00e9ducteur de champignon.<\/li>\n<li>Planche \u00e0 moulures dent\u00e9es.<\/li>\n<li>Cours de ma\u00eetre GRATUITS<\/li>\n<\/ol>\n","protected":false},"featured_media":49146,"comment_status":"closed","ping_status":"closed","template":"","meta":{"content-type":""},"product_brand":[],"product_cat":[385,388],"product_tag":[],"class_list":{"0":"post-42447","1":"product","2":"type-product","3":"status-publish","4":"has-post-thumbnail","6":"product_cat-kits-de-therapie-par-le-bois","7":"product_cat-therapie-du-bois","9":"first","10":"instock","11":"sale","12":"taxable","13":"shipping-taxable","14":"purchasable","15":"product-type-simple"},"yoast_head":"<!-- This site is optimized with the Yoast SEO plugin v27.2 - https:\/\/yoast.com\/product\/yoast-seo-wordpress\/ -->\n<title>Kit de Maderoth\u00e9rapie Corporelle &amp; Anticellulite Classique \u2013 7 \u00e9l\u00e9ments - Maderoterapia Online<\/title>\n<meta name=\"robots\" content=\"index, follow, max-snippet:-1, max-image-preview:large, max-video-preview:-1\" \/>\n<link rel=\"canonical\" href=\"https:\/\/maderoterapiaonline.org\/fr\/producto\/corps-anti-cellulite-cours-classique-7-elements-cours-en-ligne\/\" \/>\n<meta property=\"og:locale\" content=\"fr_FR\" \/>\n<meta property=\"og:type\" content=\"article\" \/>\n<meta property=\"og:title\" content=\"Kit de Maderoth\u00e9rapie Corporelle &amp; Anticellulite Classique \u2013 7 \u00e9l\u00e9ments - Maderoterapia Online\" \/>\n<meta property=\"og:description\" content=\"Avec le Kit de Maderoth\u00e9rapie Corporelle &amp; Anticellulite Classique \u2013 7 \u00e9l\u00e9ments, tu pourras r\u00e9aliser un traitement complet de maderoth\u00e9rapie pour r\u00e9duire les centim\u00e8tres, \u00e9liminer la cellulite et remodeler efficacement la silhouette. Ce pack contient :  Rouleau 13 disques.  Rouleau \u00e0 4 godets  Rouleau courbe.  Coupe de Su\u00e8de.  Coupe su\u00e9doise avec rouleau.  Champignon\/r\u00e9ducteur de champignon.  Planche \u00e0 moulures dent\u00e9es.  Cours de ma\u00eetre GRATUITS\" \/>\n<meta property=\"og:url\" content=\"https:\/\/maderoterapiaonline.org\/fr\/producto\/corps-anti-cellulite-cours-classique-7-elements-cours-en-ligne\/\" \/>\n<meta property=\"og:site_name\" content=\"Maderoterapia Online\" \/>\n<meta property=\"article:modified_time\" content=\"2025-10-08T07:40:00+00:00\" \/>\n<meta property=\"og:image\" content=\"https:\/\/maderoterapiaonline.org\/wp-content\/uploads\/2023\/07\/1-19.jpg\" \/>\n\t<meta property=\"og:image:width\" content=\"1080\" \/>\n\t<meta property=\"og:image:height\" content=\"1080\" \/>\n\t<meta property=\"og:image:type\" content=\"image\/jpeg\" \/>\n<meta name=\"twitter:card\" content=\"summary_large_image\" \/>\n<meta name=\"twitter:label1\" content=\"Dur\u00e9e de lecture estim\u00e9e\" \/>\n\t<meta name=\"twitter:data1\" content=\"1 minute\" \/>\n<script type=\"application\/ld+json\" class=\"yoast-schema-graph\">{\"@context\":\"https:\/\/schema.org\",\"@graph\":[{\"@type\":\"WebPage\",\"@id\":\"https:\/\/maderoterapiaonline.org\/fr\/producto\/corps-anti-cellulite-cours-classique-7-elements-cours-en-ligne\/\",\"url\":\"https:\/\/maderoterapiaonline.org\/fr\/producto\/corps-anti-cellulite-cours-classique-7-elements-cours-en-ligne\/\",\"name\":\"Kit de Maderoth\u00e9rapie Corporelle &amp; Anticellulite Classique \u2013 7 \u00e9l\u00e9ments - Maderoterapia Online\",\"isPartOf\":{\"@id\":\"https:\/\/maderoterapiaonline.org\/fr\/#website\"},\"primaryImageOfPage\":{\"@id\":\"https:\/\/maderoterapiaonline.org\/fr\/producto\/corps-anti-cellulite-cours-classique-7-elements-cours-en-ligne\/#primaryimage\"},\"image\":{\"@id\":\"https:\/\/maderoterapiaonline.org\/fr\/producto\/corps-anti-cellulite-cours-classique-7-elements-cours-en-ligne\/#primaryimage\"},\"thumbnailUrl\":\"https:\/\/maderoterapiaonline.org\/wp-content\/uploads\/2023\/07\/1-19.jpg\",\"datePublished\":\"2025-04-28T03:08:51+00:00\",\"dateModified\":\"2025-10-08T07:40:00+00:00\",\"breadcrumb\":{\"@id\":\"https:\/\/maderoterapiaonline.org\/fr\/producto\/corps-anti-cellulite-cours-classique-7-elements-cours-en-ligne\/#breadcrumb\"},\"inLanguage\":\"fr-FR\",\"potentialAction\":[{\"@type\":\"ReadAction\",\"target\":[\"https:\/\/maderoterapiaonline.org\/fr\/producto\/corps-anti-cellulite-cours-classique-7-elements-cours-en-ligne\/\"]}]},{\"@type\":\"ImageObject\",\"inLanguage\":\"fr-FR\",\"@id\":\"https:\/\/maderoterapiaonline.org\/fr\/producto\/corps-anti-cellulite-cours-classique-7-elements-cours-en-ligne\/#primaryimage\",\"url\":\"https:\/\/maderoterapiaonline.org\/wp-content\/uploads\/2023\/07\/1-19.jpg\",\"contentUrl\":\"https:\/\/maderoterapiaonline.org\/wp-content\/uploads\/2023\/07\/1-19.jpg\",\"width\":1080,\"height\":1080,\"caption\":\"Kit Maderoterapia Corporal & Anticelulitis Classic 7 elementos\"},{\"@type\":\"BreadcrumbList\",\"@id\":\"https:\/\/maderoterapiaonline.org\/fr\/producto\/corps-anti-cellulite-cours-classique-7-elements-cours-en-ligne\/#breadcrumb\",\"itemListElement\":[{\"@type\":\"ListItem\",\"position\":1,\"name\":\"Portada\",\"item\":\"https:\/\/maderoterapiaonline.org\/fr\/\"},{\"@type\":\"ListItem\",\"position\":2,\"name\":\"Boutique\",\"item\":\"https:\/\/maderoterapiaonline.org\/kits-maderas\/\"},{\"@type\":\"ListItem\",\"position\":3,\"name\":\"Kit de Maderoth\u00e9rapie Corporelle &amp; Anticellulite Classique \u2013 7 \u00e9l\u00e9ments\"}]},{\"@type\":\"WebSite\",\"@id\":\"https:\/\/maderoterapiaonline.org\/fr\/#website\",\"url\":\"https:\/\/maderoterapiaonline.org\/fr\/\",\"name\":\"Maderoterapia Online\",\"description\":\"Compra tu kit de Maderoterapia Profesional. Env\u00edos 24\/48h. Atenci\u00f3n al cliente por profesionales Maderoterapeutas\",\"publisher\":{\"@id\":\"https:\/\/maderoterapiaonline.org\/fr\/#organization\"},\"alternateName\":\"Maderoterapiaonline.org\",\"potentialAction\":[{\"@type\":\"SearchAction\",\"target\":{\"@type\":\"EntryPoint\",\"urlTemplate\":\"https:\/\/maderoterapiaonline.org\/fr\/?s={search_term_string}\"},\"query-input\":{\"@type\":\"PropertyValueSpecification\",\"valueRequired\":true,\"valueName\":\"search_term_string\"}}],\"inLanguage\":\"fr-FR\"},{\"@type\":\"Organization\",\"@id\":\"https:\/\/maderoterapiaonline.org\/fr\/#organization\",\"name\":\"Maderoterapia Est\u00e9tica Espa\u00f1a \u2013 Dori L\u00f3pez\u00ae y Escuela Profesional Maderoterapia Online\u00ae.\",\"url\":\"https:\/\/maderoterapiaonline.org\/fr\/\",\"logo\":{\"@type\":\"ImageObject\",\"inLanguage\":\"fr-FR\",\"@id\":\"https:\/\/maderoterapiaonline.org\/fr\/#\/schema\/logo\/image\/\",\"url\":\"https:\/\/maderoterapiaonline.org\/wp-content\/uploads\/2025\/03\/Logo-M-1.png\",\"contentUrl\":\"https:\/\/maderoterapiaonline.org\/wp-content\/uploads\/2025\/03\/Logo-M-1.png\",\"width\":1464,\"height\":1051,\"caption\":\"Maderoterapia Est\u00e9tica Espa\u00f1a \u2013 Dori L\u00f3pez\u00ae y Escuela Profesional Maderoterapia Online\u00ae.\"},\"image\":{\"@id\":\"https:\/\/maderoterapiaonline.org\/fr\/#\/schema\/logo\/image\/\"}}]}<\/script>\n<!-- \/ Yoast SEO plugin. -->","yoast_head_json":{"title":"Kit de Maderoth\u00e9rapie Corporelle &amp; Anticellulite Classique \u2013 7 \u00e9l\u00e9ments - Maderoterapia Online","robots":{"index":"index","follow":"follow","max-snippet":"max-snippet:-1","max-image-preview":"max-image-preview:large","max-video-preview":"max-video-preview:-1"},"canonical":"https:\/\/maderoterapiaonline.org\/fr\/producto\/corps-anti-cellulite-cours-classique-7-elements-cours-en-ligne\/","og_locale":"fr_FR","og_type":"article","og_title":"Kit de Maderoth\u00e9rapie Corporelle &amp; Anticellulite Classique \u2013 7 \u00e9l\u00e9ments - Maderoterapia Online","og_description":"Avec le Kit de Maderoth\u00e9rapie Corporelle &amp; Anticellulite Classique \u2013 7 \u00e9l\u00e9ments, tu pourras r\u00e9aliser un traitement complet de maderoth\u00e9rapie pour r\u00e9duire les centim\u00e8tres, \u00e9liminer la cellulite et remodeler efficacement la silhouette. Ce pack contient :  Rouleau 13 disques.  Rouleau \u00e0 4 godets  Rouleau courbe.  Coupe de Su\u00e8de.  Coupe su\u00e9doise avec rouleau.  Champignon\/r\u00e9ducteur de champignon.  Planche \u00e0 moulures dent\u00e9es.  Cours de ma\u00eetre GRATUITS","og_url":"https:\/\/maderoterapiaonline.org\/fr\/producto\/corps-anti-cellulite-cours-classique-7-elements-cours-en-ligne\/","og_site_name":"Maderoterapia Online","article_modified_time":"2025-10-08T07:40:00+00:00","og_image":[{"width":1080,"height":1080,"url":"https:\/\/maderoterapiaonline.org\/wp-content\/uploads\/2023\/07\/1-19.jpg","type":"image\/jpeg"}],"twitter_card":"summary_large_image","twitter_misc":{"Dur\u00e9e de lecture estim\u00e9e":"1 minute"},"schema":{"@context":"https:\/\/schema.org","@graph":[{"@type":"WebPage","@id":"https:\/\/maderoterapiaonline.org\/fr\/producto\/corps-anti-cellulite-cours-classique-7-elements-cours-en-ligne\/","url":"https:\/\/maderoterapiaonline.org\/fr\/producto\/corps-anti-cellulite-cours-classique-7-elements-cours-en-ligne\/","name":"Kit de Maderoth\u00e9rapie Corporelle &amp; Anticellulite Classique \u2013 7 \u00e9l\u00e9ments - Maderoterapia Online","isPartOf":{"@id":"https:\/\/maderoterapiaonline.org\/fr\/#website"},"primaryImageOfPage":{"@id":"https:\/\/maderoterapiaonline.org\/fr\/producto\/corps-anti-cellulite-cours-classique-7-elements-cours-en-ligne\/#primaryimage"},"image":{"@id":"https:\/\/maderoterapiaonline.org\/fr\/producto\/corps-anti-cellulite-cours-classique-7-elements-cours-en-ligne\/#primaryimage"},"thumbnailUrl":"https:\/\/maderoterapiaonline.org\/wp-content\/uploads\/2023\/07\/1-19.jpg","datePublished":"2025-04-28T03:08:51+00:00","dateModified":"2025-10-08T07:40:00+00:00","breadcrumb":{"@id":"https:\/\/maderoterapiaonline.org\/fr\/producto\/corps-anti-cellulite-cours-classique-7-elements-cours-en-ligne\/#breadcrumb"},"inLanguage":"fr-FR","potentialAction":[{"@type":"ReadAction","target":["https:\/\/maderoterapiaonline.org\/fr\/producto\/corps-anti-cellulite-cours-classique-7-elements-cours-en-ligne\/"]}]},{"@type":"ImageObject","inLanguage":"fr-FR","@id":"https:\/\/maderoterapiaonline.org\/fr\/producto\/corps-anti-cellulite-cours-classique-7-elements-cours-en-ligne\/#primaryimage","url":"https:\/\/maderoterapiaonline.org\/wp-content\/uploads\/2023\/07\/1-19.jpg","contentUrl":"https:\/\/maderoterapiaonline.org\/wp-content\/uploads\/2023\/07\/1-19.jpg","width":1080,"height":1080,"caption":"Kit Maderoterapia Corporal & Anticelulitis Classic 7 elementos"},{"@type":"BreadcrumbList","@id":"https:\/\/maderoterapiaonline.org\/fr\/producto\/corps-anti-cellulite-cours-classique-7-elements-cours-en-ligne\/#breadcrumb","itemListElement":[{"@type":"ListItem","position":1,"name":"Portada","item":"https:\/\/maderoterapiaonline.org\/fr\/"},{"@type":"ListItem","position":2,"name":"Boutique","item":"https:\/\/maderoterapiaonline.org\/kits-maderas\/"},{"@type":"ListItem","position":3,"name":"Kit de Maderoth\u00e9rapie Corporelle &amp; Anticellulite Classique \u2013 7 \u00e9l\u00e9ments"}]},{"@type":"WebSite","@id":"https:\/\/maderoterapiaonline.org\/fr\/#website","url":"https:\/\/maderoterapiaonline.org\/fr\/","name":"Maderoterapia Online","description":"Compra tu kit de Maderoterapia Profesional. Env\u00edos 24\/48h. Atenci\u00f3n al cliente por profesionales Maderoterapeutas","publisher":{"@id":"https:\/\/maderoterapiaonline.org\/fr\/#organization"},"alternateName":"Maderoterapiaonline.org","potentialAction":[{"@type":"SearchAction","target":{"@type":"EntryPoint","urlTemplate":"https:\/\/maderoterapiaonline.org\/fr\/?s={search_term_string}"},"query-input":{"@type":"PropertyValueSpecification","valueRequired":true,"valueName":"search_term_string"}}],"inLanguage":"fr-FR"},{"@type":"Organization","@id":"https:\/\/maderoterapiaonline.org\/fr\/#organization","name":"Maderoterapia Est\u00e9tica Espa\u00f1a \u2013 Dori L\u00f3pez\u00ae y Escuela Profesional Maderoterapia Online\u00ae.","url":"https:\/\/maderoterapiaonline.org\/fr\/","logo":{"@type":"ImageObject","inLanguage":"fr-FR","@id":"https:\/\/maderoterapiaonline.org\/fr\/#\/schema\/logo\/image\/","url":"https:\/\/maderoterapiaonline.org\/wp-content\/uploads\/2025\/03\/Logo-M-1.png","contentUrl":"https:\/\/maderoterapiaonline.org\/wp-content\/uploads\/2025\/03\/Logo-M-1.png","width":1464,"height":1051,"caption":"Maderoterapia Est\u00e9tica Espa\u00f1a \u2013 Dori L\u00f3pez\u00ae y Escuela Profesional Maderoterapia Online\u00ae."},"image":{"@id":"https:\/\/maderoterapiaonline.org\/fr\/#\/schema\/logo\/image\/"}}]}},"_links":{"self":[{"href":"https:\/\/maderoterapiaonline.org\/fr\/wp-json\/wp\/v2\/product\/42447","targetHints":{"allow":["GET"]}}],"collection":[{"href":"https:\/\/maderoterapiaonline.org\/fr\/wp-json\/wp\/v2\/product"}],"about":[{"href":"https:\/\/maderoterapiaonline.org\/fr\/wp-json\/wp\/v2\/types\/product"}],"replies":[{"embeddable":true,"href":"https:\/\/maderoterapiaonline.org\/fr\/wp-json\/wp\/v2\/comments?post=42447"}],"wp:featuredmedia":[{"embeddable":true,"href":"https:\/\/maderoterapiaonline.org\/fr\/wp-json\/wp\/v2\/media\/49146"}],"wp:attachment":[{"href":"https:\/\/maderoterapiaonline.org\/fr\/wp-json\/wp\/v2\/media?parent=42447"}],"wp:term":[{"taxonomy":"product_brand","embeddable":true,"href":"https:\/\/maderoterapiaonline.org\/fr\/wp-json\/wp\/v2\/product_brand?post=42447"},{"taxonomy":"product_cat","embeddable":true,"href":"https:\/\/maderoterapiaonline.org\/fr\/wp-json\/wp\/v2\/product_cat?post=42447"},{"taxonomy":"product_tag","embeddable":true,"href":"https:\/\/maderoterapiaonline.org\/fr\/wp-json\/wp\/v2\/product_tag?post=42447"}],"curies":[{"name":"wp","href":"https:\/\/api.w.org\/{rel}","templated":true}]}}