{"id":42446,"date":"2025-04-30T05:08:55","date_gmt":"2025-04-30T03:08:55","guid":{"rendered":"https:\/\/maderoterapiaonline.org\/producto\/kit-de-therapie-par-le-bois-et-cours-en-ligne-pour-debutants\/"},"modified":"2025-10-07T11:36:42","modified_gmt":"2025-10-07T09:36:42","slug":"kit-corps-matherapie-cours-corporatif-initiation-en-ligne","status":"publish","type":"product","link":"https:\/\/maderoterapiaonline.org\/fr\/producto\/kit-corps-matherapie-cours-corporatif-initiation-en-ligne\/","title":{"rendered":"Kit de Maderoth\u00e9rapie Corporelle"},"content":{"rendered":"<p><iframe loading=\"lazy\" src=\"https:\/\/www.youtube.com\/embed\/0hwCX_VEwSM\" width=\"560\" height=\"315\" frameborder=\"0\" allowfullscreen=\"allowfullscreen\" data-mce-fragment=\"1\"><\/iframe><\/p>\n<hr>\n<h2><b>Composants du kit complet de th\u00e9rapie par le bois pour le corps.<\/b><\/h2>\n<ol>\n<li><strong>Rouleau lisse et incurv\u00e9<\/strong>, utilis\u00e9 pour r\u00e9chauffer la peau, activer la circulation sanguine et lymphatique et \u00e9liminer les adipocytes superficiels.<\/li>\n<li><strong>En roulant 13 disques<\/strong>, nous allons atteindre la deuxi\u00e8me couche de la peau pour d\u00e9composer les adipocytes plus profonds et \u00e9liminer la cellulite.<\/li>\n<li>Le <strong>rouleau cubique<\/strong> permet d&rsquo;atteindre l&rsquo;hypoderme et d&rsquo;\u00e9liminer compl\u00e8tement les adipocytes, tout en raffermissant sensiblement la peau.<\/li>\n<li><strong>Planche de modelage dent\u00e9e<\/strong>, avec laquelle on draine les adipocytes de graisse que l&rsquo;on a \u00e9limin\u00e9s avec les rouleaux, on remonte les fesses et on galbe le corps.<\/li>\n<li><strong>Coupe Su\u00e9doise de Colombie<\/strong> Nous terminons en drainant, dessinant les contours de la taille, soulevant les fesses et galbant le corps.<\/li>\n<li><strong>Coupe Su\u00e9doise de Colombie<\/strong> Nous terminons en drainant, dessinant les contours de la taille, soulevant les fesses et galbant le corps.<\/li>\n<\/ol>\n<p><strong>Le kit de th\u00e9rapie body wood<\/strong> est anatomiquement con\u00e7u pour r\u00e9duire les centim\u00e8tres, \u00e9liminer la cellulite, remonter les fesses, \u00e9liminer les graisses localis\u00e9es, modeler le contour du corps, tonifier et raffermir la peau dans la zone des jambes, de l&rsquo;abdomen, des fesses, des flancs, des fesses, de la taille, du dos et des bras, sans causer de dommages ou d&rsquo;inconfort lors de l&rsquo;application.<\/p>\n<ul>\n<li>Le kit Body Wood Therapy se compose de 6 \u00e9l\u00e9ments.<\/li>\n<\/ul>\n<p><img decoding=\"async\" class=\"emoji\" role=\"img\" draggable=\"false\" src=\"https:\/\/s.w.org\/images\/core\/emoji\/12.0.0-1\/svg\/2714.svg\" alt=\"\u2714\"> Contient une Masterclass Cadeau<\/p>\n<p>&nbsp;<\/p>\n","protected":false},"excerpt":{"rendered":"<p>ATTENTION ! Si vous \u00eates passionn\u00e9 par la Wood Therapy et ses applications esth\u00e9tiques, <strong>vous venez de d\u00e9couvrir le kit Body Wood Therapy<\/strong> en bois de pin et lotus naturel, con\u00e7u par Maderoterapia Est\u00e9tica Espa\u00f1a\u00ae pour obtenir les meilleurs r\u00e9sultats.<\/p>\n<p>Le kit de th\u00e9rapie body wood est anatomiquement con\u00e7u pour r\u00e9duire les centim\u00e8tres, \u00e9liminer la cellulite, remonter les fesses, \u00e9liminer les graisses localis\u00e9es, modeler le contour du corps, tonifier et raffermir la peau dans la zone des jambes, de l&rsquo;abdomen, des fesses, des flancs, des fesses, de la taille, du dos et des bras, sans causer de dommages ou d&rsquo;inconfort lors de l&rsquo;application.<\/p>\n<ul>\n<li>Le kit Body Wood Therapy se compose de 6 \u00e9l\u00e9ments.<\/li>\n<\/ul>\n<p><img decoding=\"async\" class=\"emoji\" role=\"img\" draggable=\"false\" src=\"https:\/\/s.w.org\/images\/core\/emoji\/12.0.0-1\/svg\/2714.svg\" alt=\"\u2714\"> Contient une Masterclass Cadeau<\/p>\n","protected":false},"featured_media":49097,"comment_status":"closed","ping_status":"closed","template":"","meta":{"content-type":""},"product_brand":[],"product_cat":[385,389,388],"product_tag":[],"class_list":{"0":"post-42446","1":"product","2":"type-product","3":"status-publish","4":"has-post-thumbnail","6":"product_cat-kits-de-therapie-par-le-bois","7":"product_cat-offres","8":"product_cat-therapie-du-bois","10":"first","11":"instock","12":"sale","13":"taxable","14":"shipping-taxable","15":"purchasable","16":"product-type-simple"},"yoast_head":"<!-- This site is optimized with the Yoast SEO plugin v27.4 - https:\/\/yoast.com\/product\/yoast-seo-wordpress\/ -->\n<title>Kit de Maderoth\u00e9rapie Corporelle - Maderoterapia Online<\/title>\n<meta name=\"robots\" content=\"index, follow, max-snippet:-1, max-image-preview:large, max-video-preview:-1\" \/>\n<link rel=\"canonical\" href=\"https:\/\/maderoterapiaonline.org\/fr\/producto\/kit-corps-matherapie-cours-corporatif-initiation-en-ligne\/\" \/>\n<meta property=\"og:locale\" content=\"fr_FR\" \/>\n<meta property=\"og:type\" content=\"article\" \/>\n<meta property=\"og:title\" content=\"Kit de Maderoth\u00e9rapie Corporelle - Maderoterapia Online\" \/>\n<meta property=\"og:description\" content=\"ATTENTION ! Si vous \u00eates passionn\u00e9 par la Wood Therapy et ses applications esth\u00e9tiques, vous venez de d\u00e9couvrir le kit Body Wood Therapy en bois de pin et lotus naturel, con\u00e7u par Maderoterapia Est\u00e9tica Espa\u00f1a\u00ae pour obtenir les meilleurs r\u00e9sultats. Le kit de th\u00e9rapie body wood est anatomiquement con\u00e7u pour r\u00e9duire les centim\u00e8tres, \u00e9liminer la cellulite, remonter les fesses, \u00e9liminer les graisses localis\u00e9es, modeler le contour du corps, tonifier et raffermir la peau dans la zone des jambes, de l&#039;abdomen, des fesses, des flancs, des fesses, de la taille, du dos et des bras, sans causer de dommages ou d&#039;inconfort lors de l&#039;application.  Le kit Body Wood Therapy se compose de 6 \u00e9l\u00e9ments.  Contient une Masterclass Cadeau\" \/>\n<meta property=\"og:url\" content=\"https:\/\/maderoterapiaonline.org\/fr\/producto\/kit-corps-matherapie-cours-corporatif-initiation-en-ligne\/\" \/>\n<meta property=\"og:site_name\" content=\"Maderoterapia Online\" \/>\n<meta property=\"article:modified_time\" content=\"2025-10-07T09:36:42+00:00\" \/>\n<meta property=\"og:image\" content=\"https:\/\/maderoterapiaonline.org\/wp-content\/uploads\/2023\/07\/1-17.jpg\" \/>\n\t<meta property=\"og:image:width\" content=\"1080\" \/>\n\t<meta property=\"og:image:height\" content=\"1080\" \/>\n\t<meta property=\"og:image:type\" content=\"image\/jpeg\" \/>\n<meta name=\"twitter:card\" content=\"summary_large_image\" \/>\n<meta name=\"twitter:label1\" content=\"Dur\u00e9e de lecture estim\u00e9e\" \/>\n\t<meta name=\"twitter:data1\" content=\"1 minute\" \/>\n<script type=\"application\/ld+json\" class=\"yoast-schema-graph\">{\"@context\":\"https:\\\/\\\/schema.org\",\"@graph\":[{\"@type\":\"WebPage\",\"@id\":\"https:\\\/\\\/maderoterapiaonline.org\\\/fr\\\/producto\\\/kit-corps-matherapie-cours-corporatif-initiation-en-ligne\\\/\",\"url\":\"https:\\\/\\\/maderoterapiaonline.org\\\/fr\\\/producto\\\/kit-corps-matherapie-cours-corporatif-initiation-en-ligne\\\/\",\"name\":\"Kit de Maderoth\u00e9rapie Corporelle - Maderoterapia Online\",\"isPartOf\":{\"@id\":\"https:\\\/\\\/maderoterapiaonline.org\\\/fr\\\/#website\"},\"primaryImageOfPage\":{\"@id\":\"https:\\\/\\\/maderoterapiaonline.org\\\/fr\\\/producto\\\/kit-corps-matherapie-cours-corporatif-initiation-en-ligne\\\/#primaryimage\"},\"image\":{\"@id\":\"https:\\\/\\\/maderoterapiaonline.org\\\/fr\\\/producto\\\/kit-corps-matherapie-cours-corporatif-initiation-en-ligne\\\/#primaryimage\"},\"thumbnailUrl\":\"https:\\\/\\\/maderoterapiaonline.org\\\/wp-content\\\/uploads\\\/2023\\\/07\\\/1-17.jpg\",\"datePublished\":\"2025-04-30T03:08:55+00:00\",\"dateModified\":\"2025-10-07T09:36:42+00:00\",\"breadcrumb\":{\"@id\":\"https:\\\/\\\/maderoterapiaonline.org\\\/fr\\\/producto\\\/kit-corps-matherapie-cours-corporatif-initiation-en-ligne\\\/#breadcrumb\"},\"inLanguage\":\"fr-FR\",\"potentialAction\":[{\"@type\":\"ReadAction\",\"target\":[\"https:\\\/\\\/maderoterapiaonline.org\\\/fr\\\/producto\\\/kit-corps-matherapie-cours-corporatif-initiation-en-ligne\\\/\"]}]},{\"@type\":\"ImageObject\",\"inLanguage\":\"fr-FR\",\"@id\":\"https:\\\/\\\/maderoterapiaonline.org\\\/fr\\\/producto\\\/kit-corps-matherapie-cours-corporatif-initiation-en-ligne\\\/#primaryimage\",\"url\":\"https:\\\/\\\/maderoterapiaonline.org\\\/wp-content\\\/uploads\\\/2023\\\/07\\\/1-17.jpg\",\"contentUrl\":\"https:\\\/\\\/maderoterapiaonline.org\\\/wp-content\\\/uploads\\\/2023\\\/07\\\/1-17.jpg\",\"width\":1080,\"height\":1080,\"caption\":\"Kit Maderoterapia Corporal maderoterapiaonline\"},{\"@type\":\"BreadcrumbList\",\"@id\":\"https:\\\/\\\/maderoterapiaonline.org\\\/fr\\\/producto\\\/kit-corps-matherapie-cours-corporatif-initiation-en-ligne\\\/#breadcrumb\",\"itemListElement\":[{\"@type\":\"ListItem\",\"position\":1,\"name\":\"Portada\",\"item\":\"https:\\\/\\\/maderoterapiaonline.org\\\/fr\\\/\"},{\"@type\":\"ListItem\",\"position\":2,\"name\":\"Boutique\",\"item\":\"https:\\\/\\\/maderoterapiaonline.org\\\/kits-maderas\\\/\"},{\"@type\":\"ListItem\",\"position\":3,\"name\":\"Kit de Maderoth\u00e9rapie Corporelle\"}]},{\"@type\":\"WebSite\",\"@id\":\"https:\\\/\\\/maderoterapiaonline.org\\\/fr\\\/#website\",\"url\":\"https:\\\/\\\/maderoterapiaonline.org\\\/fr\\\/\",\"name\":\"Maderoterapia Online\",\"description\":\"Compra tu kit de Maderoterapia Profesional. Env\u00edos 24\\\/48h. Atenci\u00f3n al cliente por profesionales Maderoterapeutas\",\"publisher\":{\"@id\":\"https:\\\/\\\/maderoterapiaonline.org\\\/fr\\\/#organization\"},\"alternateName\":\"Maderoterapiaonline.org\",\"potentialAction\":[{\"@type\":\"SearchAction\",\"target\":{\"@type\":\"EntryPoint\",\"urlTemplate\":\"https:\\\/\\\/maderoterapiaonline.org\\\/fr\\\/?s={search_term_string}\"},\"query-input\":{\"@type\":\"PropertyValueSpecification\",\"valueRequired\":true,\"valueName\":\"search_term_string\"}}],\"inLanguage\":\"fr-FR\"},{\"@type\":\"Organization\",\"@id\":\"https:\\\/\\\/maderoterapiaonline.org\\\/fr\\\/#organization\",\"name\":\"Maderoterapia Est\u00e9tica Espa\u00f1a \u2013 Dori L\u00f3pez\u00ae y Escuela Profesional Maderoterapia Online\u00ae.\",\"url\":\"https:\\\/\\\/maderoterapiaonline.org\\\/fr\\\/\",\"logo\":{\"@type\":\"ImageObject\",\"inLanguage\":\"fr-FR\",\"@id\":\"https:\\\/\\\/maderoterapiaonline.org\\\/fr\\\/#\\\/schema\\\/logo\\\/image\\\/\",\"url\":\"https:\\\/\\\/maderoterapiaonline.org\\\/wp-content\\\/uploads\\\/2025\\\/03\\\/Logo-M-1.png\",\"contentUrl\":\"https:\\\/\\\/maderoterapiaonline.org\\\/wp-content\\\/uploads\\\/2025\\\/03\\\/Logo-M-1.png\",\"width\":1464,\"height\":1051,\"caption\":\"Maderoterapia Est\u00e9tica Espa\u00f1a \u2013 Dori L\u00f3pez\u00ae y Escuela Profesional Maderoterapia Online\u00ae.\"},\"image\":{\"@id\":\"https:\\\/\\\/maderoterapiaonline.org\\\/fr\\\/#\\\/schema\\\/logo\\\/image\\\/\"}}]}<\/script>\n<!-- \/ Yoast SEO plugin. -->","yoast_head_json":{"title":"Kit de Maderoth\u00e9rapie Corporelle - Maderoterapia Online","robots":{"index":"index","follow":"follow","max-snippet":"max-snippet:-1","max-image-preview":"max-image-preview:large","max-video-preview":"max-video-preview:-1"},"canonical":"https:\/\/maderoterapiaonline.org\/fr\/producto\/kit-corps-matherapie-cours-corporatif-initiation-en-ligne\/","og_locale":"fr_FR","og_type":"article","og_title":"Kit de Maderoth\u00e9rapie Corporelle - Maderoterapia Online","og_description":"ATTENTION ! Si vous \u00eates passionn\u00e9 par la Wood Therapy et ses applications esth\u00e9tiques, vous venez de d\u00e9couvrir le kit Body Wood Therapy en bois de pin et lotus naturel, con\u00e7u par Maderoterapia Est\u00e9tica Espa\u00f1a\u00ae pour obtenir les meilleurs r\u00e9sultats. Le kit de th\u00e9rapie body wood est anatomiquement con\u00e7u pour r\u00e9duire les centim\u00e8tres, \u00e9liminer la cellulite, remonter les fesses, \u00e9liminer les graisses localis\u00e9es, modeler le contour du corps, tonifier et raffermir la peau dans la zone des jambes, de l'abdomen, des fesses, des flancs, des fesses, de la taille, du dos et des bras, sans causer de dommages ou d'inconfort lors de l'application.  Le kit Body Wood Therapy se compose de 6 \u00e9l\u00e9ments.  Contient une Masterclass Cadeau","og_url":"https:\/\/maderoterapiaonline.org\/fr\/producto\/kit-corps-matherapie-cours-corporatif-initiation-en-ligne\/","og_site_name":"Maderoterapia Online","article_modified_time":"2025-10-07T09:36:42+00:00","og_image":[{"width":1080,"height":1080,"url":"https:\/\/maderoterapiaonline.org\/wp-content\/uploads\/2023\/07\/1-17.jpg","type":"image\/jpeg"}],"twitter_card":"summary_large_image","twitter_misc":{"Dur\u00e9e de lecture estim\u00e9e":"1 minute"},"schema":{"@context":"https:\/\/schema.org","@graph":[{"@type":"WebPage","@id":"https:\/\/maderoterapiaonline.org\/fr\/producto\/kit-corps-matherapie-cours-corporatif-initiation-en-ligne\/","url":"https:\/\/maderoterapiaonline.org\/fr\/producto\/kit-corps-matherapie-cours-corporatif-initiation-en-ligne\/","name":"Kit de Maderoth\u00e9rapie Corporelle - Maderoterapia Online","isPartOf":{"@id":"https:\/\/maderoterapiaonline.org\/fr\/#website"},"primaryImageOfPage":{"@id":"https:\/\/maderoterapiaonline.org\/fr\/producto\/kit-corps-matherapie-cours-corporatif-initiation-en-ligne\/#primaryimage"},"image":{"@id":"https:\/\/maderoterapiaonline.org\/fr\/producto\/kit-corps-matherapie-cours-corporatif-initiation-en-ligne\/#primaryimage"},"thumbnailUrl":"https:\/\/maderoterapiaonline.org\/wp-content\/uploads\/2023\/07\/1-17.jpg","datePublished":"2025-04-30T03:08:55+00:00","dateModified":"2025-10-07T09:36:42+00:00","breadcrumb":{"@id":"https:\/\/maderoterapiaonline.org\/fr\/producto\/kit-corps-matherapie-cours-corporatif-initiation-en-ligne\/#breadcrumb"},"inLanguage":"fr-FR","potentialAction":[{"@type":"ReadAction","target":["https:\/\/maderoterapiaonline.org\/fr\/producto\/kit-corps-matherapie-cours-corporatif-initiation-en-ligne\/"]}]},{"@type":"ImageObject","inLanguage":"fr-FR","@id":"https:\/\/maderoterapiaonline.org\/fr\/producto\/kit-corps-matherapie-cours-corporatif-initiation-en-ligne\/#primaryimage","url":"https:\/\/maderoterapiaonline.org\/wp-content\/uploads\/2023\/07\/1-17.jpg","contentUrl":"https:\/\/maderoterapiaonline.org\/wp-content\/uploads\/2023\/07\/1-17.jpg","width":1080,"height":1080,"caption":"Kit Maderoterapia Corporal maderoterapiaonline"},{"@type":"BreadcrumbList","@id":"https:\/\/maderoterapiaonline.org\/fr\/producto\/kit-corps-matherapie-cours-corporatif-initiation-en-ligne\/#breadcrumb","itemListElement":[{"@type":"ListItem","position":1,"name":"Portada","item":"https:\/\/maderoterapiaonline.org\/fr\/"},{"@type":"ListItem","position":2,"name":"Boutique","item":"https:\/\/maderoterapiaonline.org\/kits-maderas\/"},{"@type":"ListItem","position":3,"name":"Kit de Maderoth\u00e9rapie Corporelle"}]},{"@type":"WebSite","@id":"https:\/\/maderoterapiaonline.org\/fr\/#website","url":"https:\/\/maderoterapiaonline.org\/fr\/","name":"Maderoterapia Online","description":"Compra tu kit de Maderoterapia Profesional. Env\u00edos 24\/48h. Atenci\u00f3n al cliente por profesionales Maderoterapeutas","publisher":{"@id":"https:\/\/maderoterapiaonline.org\/fr\/#organization"},"alternateName":"Maderoterapiaonline.org","potentialAction":[{"@type":"SearchAction","target":{"@type":"EntryPoint","urlTemplate":"https:\/\/maderoterapiaonline.org\/fr\/?s={search_term_string}"},"query-input":{"@type":"PropertyValueSpecification","valueRequired":true,"valueName":"search_term_string"}}],"inLanguage":"fr-FR"},{"@type":"Organization","@id":"https:\/\/maderoterapiaonline.org\/fr\/#organization","name":"Maderoterapia Est\u00e9tica Espa\u00f1a \u2013 Dori L\u00f3pez\u00ae y Escuela Profesional Maderoterapia Online\u00ae.","url":"https:\/\/maderoterapiaonline.org\/fr\/","logo":{"@type":"ImageObject","inLanguage":"fr-FR","@id":"https:\/\/maderoterapiaonline.org\/fr\/#\/schema\/logo\/image\/","url":"https:\/\/maderoterapiaonline.org\/wp-content\/uploads\/2025\/03\/Logo-M-1.png","contentUrl":"https:\/\/maderoterapiaonline.org\/wp-content\/uploads\/2025\/03\/Logo-M-1.png","width":1464,"height":1051,"caption":"Maderoterapia Est\u00e9tica Espa\u00f1a \u2013 Dori L\u00f3pez\u00ae y Escuela Profesional Maderoterapia Online\u00ae."},"image":{"@id":"https:\/\/maderoterapiaonline.org\/fr\/#\/schema\/logo\/image\/"}}]}},"_links":{"self":[{"href":"https:\/\/maderoterapiaonline.org\/fr\/wp-json\/wp\/v2\/product\/42446","targetHints":{"allow":["GET"]}}],"collection":[{"href":"https:\/\/maderoterapiaonline.org\/fr\/wp-json\/wp\/v2\/product"}],"about":[{"href":"https:\/\/maderoterapiaonline.org\/fr\/wp-json\/wp\/v2\/types\/product"}],"replies":[{"embeddable":true,"href":"https:\/\/maderoterapiaonline.org\/fr\/wp-json\/wp\/v2\/comments?post=42446"}],"wp:featuredmedia":[{"embeddable":true,"href":"https:\/\/maderoterapiaonline.org\/fr\/wp-json\/wp\/v2\/media\/49097"}],"wp:attachment":[{"href":"https:\/\/maderoterapiaonline.org\/fr\/wp-json\/wp\/v2\/media?parent=42446"}],"wp:term":[{"taxonomy":"product_brand","embeddable":true,"href":"https:\/\/maderoterapiaonline.org\/fr\/wp-json\/wp\/v2\/product_brand?post=42446"},{"taxonomy":"product_cat","embeddable":true,"href":"https:\/\/maderoterapiaonline.org\/fr\/wp-json\/wp\/v2\/product_cat?post=42446"},{"taxonomy":"product_tag","embeddable":true,"href":"https:\/\/maderoterapiaonline.org\/fr\/wp-json\/wp\/v2\/product_tag?post=42446"}],"curies":[{"name":"wp","href":"https:\/\/api.w.org\/{rel}","templated":true}]}}