{"id":42441,"date":"2023-06-21T08:51:53","date_gmt":"2023-06-21T06:51:53","guid":{"rendered":"https:\/\/maderoterapiaonline.org\/producto\/nouveau-kit-professionnel-de-therapie-metallique-raffermissante\/"},"modified":"2025-10-07T12:47:13","modified_gmt":"2025-10-07T10:47:13","slug":"nouveau-kit-metaltherapy-raffermissement-professionnel-maderotherapie","status":"publish","type":"product","link":"https:\/\/maderoterapiaonline.org\/fr\/producto\/nouveau-kit-metaltherapy-raffermissement-professionnel-maderotherapie\/","title":{"rendered":"Nouveau kit professionnel de th\u00e9rapie m\u00e9tallique raffermissante"},"content":{"rendered":"<p>Chers gourous de la beaut\u00e9 et alchimistes du rajeunissement : voici le kit Maderoth\u00e9rapie 4 \u00e9l\u00e9ments, une r\u00e9volution en mati\u00e8re de fermet\u00e9 et de tonification. \u00bfPr\u00eats \u00e0 vous armer d&rsquo;un outil qui promet de transformer des s\u00e9ances d&rsquo;esth\u00e9tique en exp\u00e9riences magiques? Ceci n&rsquo;est pas seulement un kit: \u00ab\u00a0c&rsquo;est l&rsquo;\u00e9lixir de jeunesse en aluminium. \u00a0\u00bb Oubliez les potions et les sortil\u00e8ges d&rsquo;antan. Avec la Metalterapie, vous ferez para\u00eetre la gravit\u00e9 comme une plaisanterie et vos clients se sentiront comme des rockstars d\u00e9fiant la gravit\u00e9. Pr\u00e9parez-vous \u00e0 raffermir, tonifier et provoquer des \u00e9clats de rire \u00e0 chaque s\u00e9ance !<\/p>\n<p><iframe loading=\"lazy\" title=\"Vid\u00e9o YouTube\" src=\"https:\/\/www.youtube.com\/embed\/uFMSU7FFrQA?si=i26H0MRey-bVGuWA\" width=\"560\" height=\"315\" frameborder=\"0\" allowfullscreen=\"allowfullscreen\"><\/iframe><\/p>\n","protected":false},"excerpt":{"rendered":"<p><span style=\"font-weight: 400;\">D\u00e9couvrez l\u2019incroyable kit de m\u00e9talth\u00e9rapie de l\u2019\u00e9cole Maderoterapia Est\u00e9tica Espagne\u00ae<br \/>\nCe kit de haute qualit\u00e9 et con\u00e7u avec pr\u00e9cision vous donne tous les outils n\u00e9cessaires pour r\u00e9aliser une exp\u00e9rience de m\u00e9talth\u00e9rapie efficace et professionnelle<\/span><\/p>\n<p><span style=\"font-weight: 400;\">Le kit de m\u00e9talth\u00e9rapie comprend 4 \u00e9l\u00e9ments essentiels en aluminium r\u00e9sistant, con\u00e7us par la c\u00e9l\u00e8bre Escuela Maderoterapia Est\u00e9tica Espa\u00f1a\u00ae :<\/span><\/p>\n<p><span style=\"font-weight: 400;\">1) Coupe de m\u00e9talth\u00e9rapie : cette coupe su\u00e9doise en m\u00e9tal est tr\u00e8s efficace pour r\u00e9duire les graisses localis\u00e9es, la cellulite tenace et raffermir la peau. En outre, sa conception anatomique permet de marquer les mouvements et le drainage h\u00e9molymphatique, ce qui am\u00e9liore la circulation et contribue \u00e0 r\u00e9duire l&rsquo;aspect des fesses.<\/span><\/p>\n<p><span style=\"font-weight: 400;\">2. Champignon\/m\u00e9talth\u00e9rapie par les champignons : ce champignon anti-inflammatoire et r\u00e9ducteur est l&rsquo;\u00e9l\u00e9ment initial de chaque s\u00e9ance de m\u00e9talth\u00e9rapie. Sa fonction principale est de r\u00e9duire l&rsquo;inflammation dans les zones trait\u00e9es, y compris la graisse encapsul\u00e9e et la cellulite. Il contribue \u00e9galement \u00e0 tonifier et \u00e0 raffermir la peau, renfor\u00e7ant ainsi les r\u00e9sultats obtenus avec la coupe su\u00e9doise.<\/span><\/p>\n<p><span style=\"font-weight: 400;\">3) Planche de modelage m\u00e9talth\u00e9rapeutique : la planche m\u00e9tallique dent\u00e9e permet de raffermir, de tonifier la peau et de modeler les fesses. Sa forme ergonomique et sa conception sp\u00e9cifique permettent des mouvements pr\u00e9cis pour des r\u00e9sultats visibles et durables.<\/span><\/p>\n<p><span style=\"font-weight: 400;\">4. Th\u00e9rapie de l&rsquo;articulation m\u00e9tallique : l&rsquo;articulation m\u00e9tallique est un outil essentiel pour l&rsquo;activation de la circulation et le traitement des fibres musculaires. Sa conception ergonomique et sa construction en aluminium garantissent une utilisation confortable et efficace. Cette articulation permet de travailler sur des zones sp\u00e9cifiques et de fatiguer la fibre musculaire, ce qui favorise la relaxation et la r\u00e9cup\u00e9ration.<\/span><\/p>\n<p><span style=\"font-weight: 400;\">Avec le kit de m\u00e9talth\u00e9rapie de l&rsquo;Escuela Maderoterapia Est\u00e9tica Espa\u00f1a\u00ae, vous pourrez remodeler votre corps, r\u00e9duire la cellulite, \u00e9liminer les graisses localis\u00e9es et raffermir votre peau de mani\u00e8re efficace et professionnelle. Profitez des avantages de la th\u00e9rapie par les m\u00e9taux et obtenez des r\u00e9sultats visibles gr\u00e2ce \u00e0 ce kit complet fabriqu\u00e9 selon les normes de qualit\u00e9 les plus strictes.<\/span><\/p>\n","protected":false},"featured_media":49862,"comment_status":"closed","ping_status":"closed","template":"","meta":{"content-type":""},"product_brand":[],"product_cat":[384],"product_tag":[],"class_list":{"0":"post-42441","1":"product","2":"type-product","3":"status-publish","4":"has-post-thumbnail","6":"product_cat-metatherapie","8":"first","9":"instock","10":"sale","11":"taxable","12":"shipping-taxable","13":"purchasable","14":"product-type-simple"},"yoast_head":"<!-- This site is optimized with the Yoast SEO plugin v27.4 - https:\/\/yoast.com\/product\/yoast-seo-wordpress\/ -->\n<title>Nouveau kit professionnel de th\u00e9rapie m\u00e9tallique raffermissante - Maderoterapia Online<\/title>\n<meta name=\"robots\" content=\"index, follow, max-snippet:-1, max-image-preview:large, max-video-preview:-1\" \/>\n<link rel=\"canonical\" href=\"https:\/\/maderoterapiaonline.org\/fr\/producto\/nouveau-kit-metaltherapy-raffermissement-professionnel-maderotherapie\/\" \/>\n<meta property=\"og:locale\" content=\"fr_FR\" \/>\n<meta property=\"og:type\" content=\"article\" \/>\n<meta property=\"og:title\" content=\"Nouveau kit professionnel de th\u00e9rapie m\u00e9tallique raffermissante - Maderoterapia Online\" \/>\n<meta property=\"og:description\" content=\"D\u00e9couvrez l\u2019incroyable kit de m\u00e9talth\u00e9rapie de l\u2019\u00e9cole Maderoterapia Est\u00e9tica Espagne\u00ae Ce kit de haute qualit\u00e9 et con\u00e7u avec pr\u00e9cision vous donne tous les outils n\u00e9cessaires pour r\u00e9aliser une exp\u00e9rience de m\u00e9talth\u00e9rapie efficace et professionnelle Le kit de m\u00e9talth\u00e9rapie comprend 4 \u00e9l\u00e9ments essentiels en aluminium r\u00e9sistant, con\u00e7us par la c\u00e9l\u00e8bre Escuela Maderoterapia Est\u00e9tica Espa\u00f1a\u00ae : 1) Coupe de m\u00e9talth\u00e9rapie : cette coupe su\u00e9doise en m\u00e9tal est tr\u00e8s efficace pour r\u00e9duire les graisses localis\u00e9es, la cellulite tenace et raffermir la peau. En outre, sa conception anatomique permet de marquer les mouvements et le drainage h\u00e9molymphatique, ce qui am\u00e9liore la circulation et contribue \u00e0 r\u00e9duire l&#039;aspect des fesses. 2. Champignon\/m\u00e9talth\u00e9rapie par les champignons : ce champignon anti-inflammatoire et r\u00e9ducteur est l&#039;\u00e9l\u00e9ment initial de chaque s\u00e9ance de m\u00e9talth\u00e9rapie. Sa fonction principale est de r\u00e9duire l&#039;inflammation dans les zones trait\u00e9es, y compris la graisse encapsul\u00e9e et la cellulite. Il contribue \u00e9galement \u00e0 tonifier et \u00e0 raffermir la peau, renfor\u00e7ant ainsi les r\u00e9sultats obtenus avec la coupe su\u00e9doise. 3) Planche de modelage m\u00e9talth\u00e9rapeutique : la planche m\u00e9tallique dent\u00e9e permet de raffermir, de tonifier la peau et de modeler les fesses. Sa forme ergonomique et sa conception sp\u00e9cifique permettent des mouvements pr\u00e9cis pour des r\u00e9sultats visibles et durables. 4. Th\u00e9rapie de l&#039;articulation m\u00e9tallique : l&#039;articulation m\u00e9tallique est un outil essentiel pour l&#039;activation de la circulation et le traitement des fibres musculaires. Sa conception ergonomique et sa construction en aluminium garantissent une utilisation confortable et efficace. Cette articulation permet de travailler sur des zones sp\u00e9cifiques et de fatiguer la fibre musculaire, ce qui favorise la relaxation et la r\u00e9cup\u00e9ration. Avec le kit de m\u00e9talth\u00e9rapie de l&#039;Escuela Maderoterapia Est\u00e9tica Espa\u00f1a\u00ae, vous pourrez remodeler votre corps, r\u00e9duire la cellulite, \u00e9liminer les graisses localis\u00e9es et raffermir votre peau de mani\u00e8re efficace et professionnelle. Profitez des avantages de la th\u00e9rapie par les m\u00e9taux et obtenez des r\u00e9sultats visibles gr\u00e2ce \u00e0 ce kit complet fabriqu\u00e9 selon les normes de qualit\u00e9 les plus strictes.\" \/>\n<meta property=\"og:url\" content=\"https:\/\/maderoterapiaonline.org\/fr\/producto\/nouveau-kit-metaltherapy-raffermissement-professionnel-maderotherapie\/\" \/>\n<meta property=\"og:site_name\" content=\"Maderoterapia Online\" \/>\n<meta property=\"article:modified_time\" content=\"2025-10-07T10:47:13+00:00\" \/>\n<meta property=\"og:image\" content=\"https:\/\/maderoterapiaonline.org\/wp-content\/uploads\/2023\/07\/Copia-de-Kit-metalterapia-Amazon-1.jpg\" \/>\n\t<meta property=\"og:image:width\" content=\"1080\" \/>\n\t<meta property=\"og:image:height\" content=\"1080\" \/>\n\t<meta property=\"og:image:type\" content=\"image\/jpeg\" \/>\n<meta name=\"twitter:card\" content=\"summary_large_image\" \/>\n<meta name=\"twitter:label1\" content=\"Dur\u00e9e de lecture estim\u00e9e\" \/>\n\t<meta name=\"twitter:data1\" content=\"1 minute\" \/>\n<script type=\"application\/ld+json\" class=\"yoast-schema-graph\">{\"@context\":\"https:\\\/\\\/schema.org\",\"@graph\":[{\"@type\":\"WebPage\",\"@id\":\"https:\\\/\\\/maderoterapiaonline.org\\\/fr\\\/producto\\\/nouveau-kit-metaltherapy-raffermissement-professionnel-maderotherapie\\\/\",\"url\":\"https:\\\/\\\/maderoterapiaonline.org\\\/fr\\\/producto\\\/nouveau-kit-metaltherapy-raffermissement-professionnel-maderotherapie\\\/\",\"name\":\"Nouveau kit professionnel de th\u00e9rapie m\u00e9tallique raffermissante - Maderoterapia Online\",\"isPartOf\":{\"@id\":\"https:\\\/\\\/maderoterapiaonline.org\\\/fr\\\/#website\"},\"primaryImageOfPage\":{\"@id\":\"https:\\\/\\\/maderoterapiaonline.org\\\/fr\\\/producto\\\/nouveau-kit-metaltherapy-raffermissement-professionnel-maderotherapie\\\/#primaryimage\"},\"image\":{\"@id\":\"https:\\\/\\\/maderoterapiaonline.org\\\/fr\\\/producto\\\/nouveau-kit-metaltherapy-raffermissement-professionnel-maderotherapie\\\/#primaryimage\"},\"thumbnailUrl\":\"https:\\\/\\\/maderoterapiaonline.org\\\/wp-content\\\/uploads\\\/2023\\\/06\\\/metalterapia-4-elementos-maderoterapiaonline.jpg\",\"datePublished\":\"2023-06-21T06:51:53+00:00\",\"dateModified\":\"2025-10-07T10:47:13+00:00\",\"breadcrumb\":{\"@id\":\"https:\\\/\\\/maderoterapiaonline.org\\\/fr\\\/producto\\\/nouveau-kit-metaltherapy-raffermissement-professionnel-maderotherapie\\\/#breadcrumb\"},\"inLanguage\":\"fr-FR\",\"potentialAction\":[{\"@type\":\"ReadAction\",\"target\":[\"https:\\\/\\\/maderoterapiaonline.org\\\/fr\\\/producto\\\/nouveau-kit-metaltherapy-raffermissement-professionnel-maderotherapie\\\/\"]}]},{\"@type\":\"ImageObject\",\"inLanguage\":\"fr-FR\",\"@id\":\"https:\\\/\\\/maderoterapiaonline.org\\\/fr\\\/producto\\\/nouveau-kit-metaltherapy-raffermissement-professionnel-maderotherapie\\\/#primaryimage\",\"url\":\"https:\\\/\\\/maderoterapiaonline.org\\\/wp-content\\\/uploads\\\/2023\\\/06\\\/metalterapia-4-elementos-maderoterapiaonline.jpg\",\"contentUrl\":\"https:\\\/\\\/maderoterapiaonline.org\\\/wp-content\\\/uploads\\\/2023\\\/06\\\/metalterapia-4-elementos-maderoterapiaonline.jpg\",\"width\":1080,\"height\":1080},{\"@type\":\"BreadcrumbList\",\"@id\":\"https:\\\/\\\/maderoterapiaonline.org\\\/fr\\\/producto\\\/nouveau-kit-metaltherapy-raffermissement-professionnel-maderotherapie\\\/#breadcrumb\",\"itemListElement\":[{\"@type\":\"ListItem\",\"position\":1,\"name\":\"Portada\",\"item\":\"https:\\\/\\\/maderoterapiaonline.org\\\/fr\\\/\"},{\"@type\":\"ListItem\",\"position\":2,\"name\":\"Boutique\",\"item\":\"https:\\\/\\\/maderoterapiaonline.org\\\/kits-maderas\\\/\"},{\"@type\":\"ListItem\",\"position\":3,\"name\":\"Nouveau kit professionnel de th\u00e9rapie m\u00e9tallique raffermissante\"}]},{\"@type\":\"WebSite\",\"@id\":\"https:\\\/\\\/maderoterapiaonline.org\\\/fr\\\/#website\",\"url\":\"https:\\\/\\\/maderoterapiaonline.org\\\/fr\\\/\",\"name\":\"Maderoterapia Online\",\"description\":\"Compra tu kit de Maderoterapia Profesional. Env\u00edos 24\\\/48h. Atenci\u00f3n al cliente por profesionales Maderoterapeutas\",\"publisher\":{\"@id\":\"https:\\\/\\\/maderoterapiaonline.org\\\/fr\\\/#organization\"},\"alternateName\":\"Maderoterapiaonline.org\",\"potentialAction\":[{\"@type\":\"SearchAction\",\"target\":{\"@type\":\"EntryPoint\",\"urlTemplate\":\"https:\\\/\\\/maderoterapiaonline.org\\\/fr\\\/?s={search_term_string}\"},\"query-input\":{\"@type\":\"PropertyValueSpecification\",\"valueRequired\":true,\"valueName\":\"search_term_string\"}}],\"inLanguage\":\"fr-FR\"},{\"@type\":\"Organization\",\"@id\":\"https:\\\/\\\/maderoterapiaonline.org\\\/fr\\\/#organization\",\"name\":\"Maderoterapia Est\u00e9tica Espa\u00f1a \u2013 Dori L\u00f3pez\u00ae y Escuela Profesional Maderoterapia Online\u00ae.\",\"url\":\"https:\\\/\\\/maderoterapiaonline.org\\\/fr\\\/\",\"logo\":{\"@type\":\"ImageObject\",\"inLanguage\":\"fr-FR\",\"@id\":\"https:\\\/\\\/maderoterapiaonline.org\\\/fr\\\/#\\\/schema\\\/logo\\\/image\\\/\",\"url\":\"https:\\\/\\\/maderoterapiaonline.org\\\/wp-content\\\/uploads\\\/2025\\\/03\\\/Logo-M-1.png\",\"contentUrl\":\"https:\\\/\\\/maderoterapiaonline.org\\\/wp-content\\\/uploads\\\/2025\\\/03\\\/Logo-M-1.png\",\"width\":1464,\"height\":1051,\"caption\":\"Maderoterapia Est\u00e9tica Espa\u00f1a \u2013 Dori L\u00f3pez\u00ae y Escuela Profesional Maderoterapia Online\u00ae.\"},\"image\":{\"@id\":\"https:\\\/\\\/maderoterapiaonline.org\\\/fr\\\/#\\\/schema\\\/logo\\\/image\\\/\"}}]}<\/script>\n<!-- \/ Yoast SEO plugin. -->","yoast_head_json":{"title":"Nouveau kit professionnel de th\u00e9rapie m\u00e9tallique raffermissante - Maderoterapia Online","robots":{"index":"index","follow":"follow","max-snippet":"max-snippet:-1","max-image-preview":"max-image-preview:large","max-video-preview":"max-video-preview:-1"},"canonical":"https:\/\/maderoterapiaonline.org\/fr\/producto\/nouveau-kit-metaltherapy-raffermissement-professionnel-maderotherapie\/","og_locale":"fr_FR","og_type":"article","og_title":"Nouveau kit professionnel de th\u00e9rapie m\u00e9tallique raffermissante - Maderoterapia Online","og_description":"D\u00e9couvrez l\u2019incroyable kit de m\u00e9talth\u00e9rapie de l\u2019\u00e9cole Maderoterapia Est\u00e9tica Espagne\u00ae Ce kit de haute qualit\u00e9 et con\u00e7u avec pr\u00e9cision vous donne tous les outils n\u00e9cessaires pour r\u00e9aliser une exp\u00e9rience de m\u00e9talth\u00e9rapie efficace et professionnelle Le kit de m\u00e9talth\u00e9rapie comprend 4 \u00e9l\u00e9ments essentiels en aluminium r\u00e9sistant, con\u00e7us par la c\u00e9l\u00e8bre Escuela Maderoterapia Est\u00e9tica Espa\u00f1a\u00ae : 1) Coupe de m\u00e9talth\u00e9rapie : cette coupe su\u00e9doise en m\u00e9tal est tr\u00e8s efficace pour r\u00e9duire les graisses localis\u00e9es, la cellulite tenace et raffermir la peau. En outre, sa conception anatomique permet de marquer les mouvements et le drainage h\u00e9molymphatique, ce qui am\u00e9liore la circulation et contribue \u00e0 r\u00e9duire l'aspect des fesses. 2. Champignon\/m\u00e9talth\u00e9rapie par les champignons : ce champignon anti-inflammatoire et r\u00e9ducteur est l'\u00e9l\u00e9ment initial de chaque s\u00e9ance de m\u00e9talth\u00e9rapie. Sa fonction principale est de r\u00e9duire l'inflammation dans les zones trait\u00e9es, y compris la graisse encapsul\u00e9e et la cellulite. Il contribue \u00e9galement \u00e0 tonifier et \u00e0 raffermir la peau, renfor\u00e7ant ainsi les r\u00e9sultats obtenus avec la coupe su\u00e9doise. 3) Planche de modelage m\u00e9talth\u00e9rapeutique : la planche m\u00e9tallique dent\u00e9e permet de raffermir, de tonifier la peau et de modeler les fesses. Sa forme ergonomique et sa conception sp\u00e9cifique permettent des mouvements pr\u00e9cis pour des r\u00e9sultats visibles et durables. 4. Th\u00e9rapie de l'articulation m\u00e9tallique : l'articulation m\u00e9tallique est un outil essentiel pour l'activation de la circulation et le traitement des fibres musculaires. Sa conception ergonomique et sa construction en aluminium garantissent une utilisation confortable et efficace. Cette articulation permet de travailler sur des zones sp\u00e9cifiques et de fatiguer la fibre musculaire, ce qui favorise la relaxation et la r\u00e9cup\u00e9ration. Avec le kit de m\u00e9talth\u00e9rapie de l'Escuela Maderoterapia Est\u00e9tica Espa\u00f1a\u00ae, vous pourrez remodeler votre corps, r\u00e9duire la cellulite, \u00e9liminer les graisses localis\u00e9es et raffermir votre peau de mani\u00e8re efficace et professionnelle. Profitez des avantages de la th\u00e9rapie par les m\u00e9taux et obtenez des r\u00e9sultats visibles gr\u00e2ce \u00e0 ce kit complet fabriqu\u00e9 selon les normes de qualit\u00e9 les plus strictes.","og_url":"https:\/\/maderoterapiaonline.org\/fr\/producto\/nouveau-kit-metaltherapy-raffermissement-professionnel-maderotherapie\/","og_site_name":"Maderoterapia Online","article_modified_time":"2025-10-07T10:47:13+00:00","og_image":[{"width":1080,"height":1080,"url":"https:\/\/maderoterapiaonline.org\/wp-content\/uploads\/2023\/07\/Copia-de-Kit-metalterapia-Amazon-1.jpg","type":"image\/jpeg"}],"twitter_card":"summary_large_image","twitter_misc":{"Dur\u00e9e de lecture estim\u00e9e":"1 minute"},"schema":{"@context":"https:\/\/schema.org","@graph":[{"@type":"WebPage","@id":"https:\/\/maderoterapiaonline.org\/fr\/producto\/nouveau-kit-metaltherapy-raffermissement-professionnel-maderotherapie\/","url":"https:\/\/maderoterapiaonline.org\/fr\/producto\/nouveau-kit-metaltherapy-raffermissement-professionnel-maderotherapie\/","name":"Nouveau kit professionnel de th\u00e9rapie m\u00e9tallique raffermissante - Maderoterapia Online","isPartOf":{"@id":"https:\/\/maderoterapiaonline.org\/fr\/#website"},"primaryImageOfPage":{"@id":"https:\/\/maderoterapiaonline.org\/fr\/producto\/nouveau-kit-metaltherapy-raffermissement-professionnel-maderotherapie\/#primaryimage"},"image":{"@id":"https:\/\/maderoterapiaonline.org\/fr\/producto\/nouveau-kit-metaltherapy-raffermissement-professionnel-maderotherapie\/#primaryimage"},"thumbnailUrl":"https:\/\/maderoterapiaonline.org\/wp-content\/uploads\/2023\/06\/metalterapia-4-elementos-maderoterapiaonline.jpg","datePublished":"2023-06-21T06:51:53+00:00","dateModified":"2025-10-07T10:47:13+00:00","breadcrumb":{"@id":"https:\/\/maderoterapiaonline.org\/fr\/producto\/nouveau-kit-metaltherapy-raffermissement-professionnel-maderotherapie\/#breadcrumb"},"inLanguage":"fr-FR","potentialAction":[{"@type":"ReadAction","target":["https:\/\/maderoterapiaonline.org\/fr\/producto\/nouveau-kit-metaltherapy-raffermissement-professionnel-maderotherapie\/"]}]},{"@type":"ImageObject","inLanguage":"fr-FR","@id":"https:\/\/maderoterapiaonline.org\/fr\/producto\/nouveau-kit-metaltherapy-raffermissement-professionnel-maderotherapie\/#primaryimage","url":"https:\/\/maderoterapiaonline.org\/wp-content\/uploads\/2023\/06\/metalterapia-4-elementos-maderoterapiaonline.jpg","contentUrl":"https:\/\/maderoterapiaonline.org\/wp-content\/uploads\/2023\/06\/metalterapia-4-elementos-maderoterapiaonline.jpg","width":1080,"height":1080},{"@type":"BreadcrumbList","@id":"https:\/\/maderoterapiaonline.org\/fr\/producto\/nouveau-kit-metaltherapy-raffermissement-professionnel-maderotherapie\/#breadcrumb","itemListElement":[{"@type":"ListItem","position":1,"name":"Portada","item":"https:\/\/maderoterapiaonline.org\/fr\/"},{"@type":"ListItem","position":2,"name":"Boutique","item":"https:\/\/maderoterapiaonline.org\/kits-maderas\/"},{"@type":"ListItem","position":3,"name":"Nouveau kit professionnel de th\u00e9rapie m\u00e9tallique raffermissante"}]},{"@type":"WebSite","@id":"https:\/\/maderoterapiaonline.org\/fr\/#website","url":"https:\/\/maderoterapiaonline.org\/fr\/","name":"Maderoterapia Online","description":"Compra tu kit de Maderoterapia Profesional. Env\u00edos 24\/48h. Atenci\u00f3n al cliente por profesionales Maderoterapeutas","publisher":{"@id":"https:\/\/maderoterapiaonline.org\/fr\/#organization"},"alternateName":"Maderoterapiaonline.org","potentialAction":[{"@type":"SearchAction","target":{"@type":"EntryPoint","urlTemplate":"https:\/\/maderoterapiaonline.org\/fr\/?s={search_term_string}"},"query-input":{"@type":"PropertyValueSpecification","valueRequired":true,"valueName":"search_term_string"}}],"inLanguage":"fr-FR"},{"@type":"Organization","@id":"https:\/\/maderoterapiaonline.org\/fr\/#organization","name":"Maderoterapia Est\u00e9tica Espa\u00f1a \u2013 Dori L\u00f3pez\u00ae y Escuela Profesional Maderoterapia Online\u00ae.","url":"https:\/\/maderoterapiaonline.org\/fr\/","logo":{"@type":"ImageObject","inLanguage":"fr-FR","@id":"https:\/\/maderoterapiaonline.org\/fr\/#\/schema\/logo\/image\/","url":"https:\/\/maderoterapiaonline.org\/wp-content\/uploads\/2025\/03\/Logo-M-1.png","contentUrl":"https:\/\/maderoterapiaonline.org\/wp-content\/uploads\/2025\/03\/Logo-M-1.png","width":1464,"height":1051,"caption":"Maderoterapia Est\u00e9tica Espa\u00f1a \u2013 Dori L\u00f3pez\u00ae y Escuela Profesional Maderoterapia Online\u00ae."},"image":{"@id":"https:\/\/maderoterapiaonline.org\/fr\/#\/schema\/logo\/image\/"}}]}},"_links":{"self":[{"href":"https:\/\/maderoterapiaonline.org\/fr\/wp-json\/wp\/v2\/product\/42441","targetHints":{"allow":["GET"]}}],"collection":[{"href":"https:\/\/maderoterapiaonline.org\/fr\/wp-json\/wp\/v2\/product"}],"about":[{"href":"https:\/\/maderoterapiaonline.org\/fr\/wp-json\/wp\/v2\/types\/product"}],"replies":[{"embeddable":true,"href":"https:\/\/maderoterapiaonline.org\/fr\/wp-json\/wp\/v2\/comments?post=42441"}],"wp:featuredmedia":[{"embeddable":true,"href":"https:\/\/maderoterapiaonline.org\/fr\/wp-json\/wp\/v2\/media\/49862"}],"wp:attachment":[{"href":"https:\/\/maderoterapiaonline.org\/fr\/wp-json\/wp\/v2\/media?parent=42441"}],"wp:term":[{"taxonomy":"product_brand","embeddable":true,"href":"https:\/\/maderoterapiaonline.org\/fr\/wp-json\/wp\/v2\/product_brand?post=42441"},{"taxonomy":"product_cat","embeddable":true,"href":"https:\/\/maderoterapiaonline.org\/fr\/wp-json\/wp\/v2\/product_cat?post=42441"},{"taxonomy":"product_tag","embeddable":true,"href":"https:\/\/maderoterapiaonline.org\/fr\/wp-json\/wp\/v2\/product_tag?post=42441"}],"curies":[{"name":"wp","href":"https:\/\/api.w.org\/{rel}","templated":true}]}}