{"id":42413,"date":"2023-05-17T15:43:18","date_gmt":"2023-05-17T13:43:18","guid":{"rendered":"https:\/\/maderoterapiaonline.org\/avis-juridique\/"},"modified":"2025-07-22T15:06:03","modified_gmt":"2025-07-22T13:06:03","slug":"avis-juridique","status":"publish","type":"page","link":"https:\/\/maderoterapiaonline.org\/fr\/avis-juridique\/","title":{"rendered":"Avis juridique"},"content":{"rendered":"<div class=\"vce-row-container\" data-vce-boxed-width=\"true\"><div class=\"vce-row vce-row--col-gap-30 vce-row-equal-height vce-row-content--top\" id=\"el-6f879a3a\" data-vce-do-apply=\"all el-6f879a3a\"><div class=\"vce-row-content\" data-vce-element-content=\"true\"><div class=\"vce-col vce-col--md-auto vce-col--xs-1 vce-col--xs-last vce-col--xs-first vce-col--sm-last vce-col--sm-first vce-col--md-last vce-col--lg-last vce-col--xl-last vce-col--md-first vce-col--lg-first vce-col--xl-first\" id=\"el-f42e8fc3\"><div class=\"vce-col-inner\" data-vce-do-apply=\"border margin background  el-f42e8fc3\"><div class=\"vce-col-content\" data-vce-element-content=\"true\" data-vce-do-apply=\"padding el-f42e8fc3\"><div class=\"vce-text-block\"><div class=\"vce-text-block-wrapper vce\" id=\"el-6cb85af1\" data-vce-do-apply=\"all el-6cb85af1\"><h1>Avis juridique<\/h1><section class=\"elementor-section elementor-top-section elementor-element elementor-element-1eb8e238 elementor-section-boxed elementor-section-height-default elementor-section-height-default\" data-id=\"1eb8e238\" data-element_type=\"section\"><div class=\"elementor-container elementor-column-gap-default\"><div class=\"elementor-row\"><div class=\"elementor-column elementor-col-100 elementor-top-column elementor-element elementor-element-5f011a62\" data-id=\"5f011a62\" data-element_type=\"column\"><div class=\"elementor-column-wrap elementor-element-populated\"><div class=\"elementor-widget-wrap\"><div class=\"elementor-element elementor-element-10bda42c elementor-widget elementor-widget-heading\" data-id=\"10bda42c\" data-element_type=\"widget\" data-widget_type=\"heading.default\"><div class=\"elementor-widget-container\"><h3 class=\"elementor-heading-title elementor-size-default\">1. l'identit\u00e9 et le propri\u00e9taire du site web.<\/h3><\/div><\/div><div class=\"elementor-element elementor-element-129a19b9 elementor-widget elementor-widget-text-editor\" data-id=\"129a19b9\" data-element_type=\"widget\" data-widget_type=\"text-editor.default\"><div class=\"elementor-widget-container\"><div class=\"elementor-text-editor elementor-clearfix\"><p>Mercury Investor S.L., num\u00e9ro d'identification fiscale B42829184<br><span class=\"b3-address-line\" data-was-visible=\"true\">Adresse : <\/span>Carrer Capit\u00e0 Alfons Vives, 65, 03201 Elx, Alicante<br><span class=\"b3-address-line\" data-was-visible=\"true\">Courriel : <a href=\"mailto:contacto@maderoterapiaonline.org\">contacto@maderoterapiaonline.org<\/a><\/span><\/p><\/div><\/div><\/div><\/div><\/div><\/div><\/div><\/div><\/section><section class=\"elementor-section elementor-top-section elementor-element elementor-element-2205ac2c elementor-section-boxed elementor-section-height-default elementor-section-height-default\" data-id=\"2205ac2c\" data-element_type=\"section\"><div class=\"elementor-container elementor-column-gap-default\"><div class=\"elementor-row\"><div class=\"elementor-column elementor-col-100 elementor-top-column elementor-element elementor-element-695bf0fb\" data-id=\"695bf0fb\" data-element_type=\"column\"><div class=\"elementor-column-wrap elementor-element-populated\"><div class=\"elementor-widget-wrap\"><div class=\"elementor-element elementor-element-48274f1d elementor-widget elementor-widget-heading\" data-id=\"48274f1d\" data-element_type=\"widget\" data-widget_type=\"heading.default\"><div class=\"elementor-widget-container\"><h3 class=\"elementor-heading-title elementor-size-default\">2. Propri\u00e9t\u00e9 intellectuelle.<\/h3><\/div><\/div><div class=\"elementor-element elementor-element-4b579513 elementor-widget elementor-widget-text-editor\" data-id=\"4b579513\" data-element_type=\"widget\" data-widget_type=\"text-editor.default\"><div class=\"elementor-widget-container\"><div class=\"elementor-text-editor elementor-clearfix\"><p>Tous les contenus et publications de mon site web - articles, posts, pages, textes, vid\u00e9os, tutoriels, podcasts, images, graphiques, infographies, etc. - sont soumis \u00e0 des droits d'auteur et de propri\u00e9t\u00e9 intellectuelle, dont je suis le propri\u00e9taire. Ces droits ne peuvent en aucun cas \u00eatre transf\u00e9r\u00e9s ou c\u00e9d\u00e9s sans mon consentement \u00e9crit expr\u00e8s pr\u00e9alable.<\/p><p>En particulier, le contenu et les publications ne peuvent \u00eatre reproduits, diffus\u00e9s, vendus, distribu\u00e9s ou utilis\u00e9s \u00e0 des fins commerciales ou non commerciales.<\/p><p>En outre, tout contenu apparaissant sur ce site web dont les droits d'auteur et de propri\u00e9t\u00e9 intellectuelle appartiennent \u00e0 un tiers sera d\u00fbment signal\u00e9.<\/p><\/div><\/div><\/div><\/div><\/div><\/div><\/div><\/div><\/section><section class=\"elementor-section elementor-top-section elementor-element elementor-element-42ba3056 elementor-section-boxed elementor-section-height-default elementor-section-height-default\" data-id=\"42ba3056\" data-element_type=\"section\"><div class=\"elementor-container elementor-column-gap-default\"><div class=\"elementor-row\"><div class=\"elementor-column elementor-col-100 elementor-top-column elementor-element elementor-element-3e2ce3de\" data-id=\"3e2ce3de\" data-element_type=\"column\"><div class=\"elementor-column-wrap elementor-element-populated\"><div class=\"elementor-widget-wrap\"><div class=\"elementor-element elementor-element-6f85799a elementor-widget elementor-widget-heading\" data-id=\"6f85799a\" data-element_type=\"widget\" data-widget_type=\"heading.default\"><div class=\"elementor-widget-container\"><h3 class=\"elementor-heading-title elementor-size-default\">3. les r\u00e8gles d'utilisation.<\/h3><\/div><\/div><div class=\"elementor-element elementor-element-2aa3d3b3 elementor-widget elementor-widget-text-editor\" data-id=\"2aa3d3b3\" data-element_type=\"widget\" data-widget_type=\"text-editor.default\"><div class=\"elementor-widget-container\"><div class=\"elementor-text-editor elementor-clearfix\"><p>Le th\u00e8me principal de ce site est le conseil aux entreprises et aux professionnels dans les domaines du massage, de la beaut\u00e9 corporelle, de l'esth\u00e9tique et de la vente. En outre, les services et les formations organis\u00e9s par moi-m\u00eame et d'autres professionnels seront diffus\u00e9s. Les utilisateurs, lecteurs ou clients qui acc\u00e8dent au site web doivent respecter le sujet et la dynamique du site et faire un usage appropri\u00e9 des services et des contenus : en particulier :<\/p><p>3.1. Ne pas les utiliser pour des activit\u00e9s illicites, ill\u00e9gales ou contraires \u00e0 la bonne foi et \u00e0 l'ordre public.<\/p><p>3.2. Diffuser du contenu ou de la propagande raciste, x\u00e9nophobe, pornographique, soutenant le terrorisme ou violant les droits de l'homme.<\/p><p>Je me r\u00e9serve le droit de supprimer tout commentaire ou contribution qui enfreint les r\u00e8gles de ce site. Je ne suis en aucun cas responsable des avis que les utilisateurs peuvent laisser.<\/p><p>Les commentaires promotionnels, insultants ou offensants, ou les commentaires qui vont \u00e0 l'encontre du bon ton du site web ne sont pas autoris\u00e9s.<\/p><\/div><\/div><\/div><\/div><\/div><\/div><\/div><\/div><\/section><section class=\"elementor-section elementor-top-section elementor-element elementor-element-7ff1add7 elementor-section-boxed elementor-section-height-default elementor-section-height-default\" data-id=\"7ff1add7\" data-element_type=\"section\"><div class=\"elementor-container elementor-column-gap-default\"><div class=\"elementor-row\"><div class=\"elementor-column elementor-col-100 elementor-top-column elementor-element elementor-element-2c98530a\" data-id=\"2c98530a\" data-element_type=\"column\"><div class=\"elementor-column-wrap elementor-element-populated\"><div class=\"elementor-widget-wrap\"><div class=\"elementor-element elementor-element-50f783a elementor-widget elementor-widget-heading\" data-id=\"50f783a\" data-element_type=\"widget\" data-widget_type=\"heading.default\"><div class=\"elementor-widget-container\"><h3 class=\"elementor-heading-title elementor-size-default\">4. Protection des donn\u00e9es<\/h3><\/div><\/div><div class=\"elementor-element elementor-element-49a8626a elementor-widget elementor-widget-text-editor\" data-id=\"49a8626a\" data-element_type=\"widget\" data-widget_type=\"text-editor.default\"><div class=\"elementor-widget-container\"><div class=\"elementor-text-editor elementor-clearfix\"><p>Ce site respecte la l\u00e9gislation en vigueur en mati\u00e8re de protection des donn\u00e9es (loi organique 15\/1999 du 13 d\u00e9cembre 1999 sur la protection des donn\u00e9es \u00e0 caract\u00e8re personnel, d\u00e9cret royal 1720\/2007 du 21 d\u00e9cembre 2007 approuvant le r\u00e8glement d'application de la loi organique et autres lois en vigueur). Pour plus d'informations sur le traitement de vos donn\u00e9es et pour conna\u00eetre la politique de confidentialit\u00e9 de ce site web, vous pouvez cliquer sur ce lien : Politique de confidentialit\u00e9.<\/p><\/div><\/div><\/div><\/div><\/div><\/div><\/div><\/div><\/section><section class=\"elementor-section elementor-top-section elementor-element elementor-element-58af1e18 elementor-section-boxed elementor-section-height-default elementor-section-height-default\" data-id=\"58af1e18\" data-element_type=\"section\"><div class=\"elementor-container elementor-column-gap-default\"><div class=\"elementor-row\"><div class=\"elementor-column elementor-col-100 elementor-top-column elementor-element elementor-element-2eaac2c8\" data-id=\"2eaac2c8\" data-element_type=\"column\"><div class=\"elementor-column-wrap elementor-element-populated\"><div class=\"elementor-widget-wrap\"><div class=\"elementor-element elementor-element-435eecac elementor-widget elementor-widget-heading\" data-id=\"435eecac\" data-element_type=\"widget\" data-widget_type=\"heading.default\"><div class=\"elementor-widget-container\"><h3 class=\"elementor-heading-title elementor-size-default\">5. Exclusion de la responsabilit\u00e9.<\/h3><\/div><\/div><div class=\"elementor-element elementor-element-21e982c8 elementor-widget elementor-widget-text-editor\" data-id=\"21e982c8\" data-element_type=\"widget\" data-widget_type=\"text-editor.default\"><div class=\"elementor-widget-container\"><div class=\"elementor-text-editor elementor-clearfix\"><p>Elle n'est en aucun cas responsable des dommages de toute nature qui pourraient \u00eatre caus\u00e9s par la visite de ce site web, que ce soit par une erreur ou une omission dans le contenu ou par la transmission d'un programme malveillant qui pourrait se produire malgr\u00e9 l'adoption des mesures technologiques n\u00e9cessaires pour l'emp\u00eacher.<\/p><p>De m\u00eame, je ne serai en aucun cas responsable du contenu des sites web externes qui peuvent \u00eatre li\u00e9s \u00e0 mon site web, mon blog ou ma zone de commentaires, car ils ne sont pas sous mon contr\u00f4le.<\/p><\/div><\/div><\/div><\/div><\/div><\/div><\/div><\/div><\/section><section class=\"elementor-section elementor-top-section elementor-element elementor-element-3b000011 elementor-section-boxed elementor-section-height-default elementor-section-height-default\" data-id=\"3b000011\" data-element_type=\"section\"><div class=\"elementor-container elementor-column-gap-default\"><div class=\"elementor-row\"><div class=\"elementor-column elementor-col-100 elementor-top-column elementor-element elementor-element-66b344c\" data-id=\"66b344c\" data-element_type=\"column\"><div class=\"elementor-column-wrap elementor-element-populated\"><div class=\"elementor-widget-wrap\"><div class=\"elementor-element elementor-element-3a7ae344 elementor-widget elementor-widget-heading\" data-id=\"3a7ae344\" data-element_type=\"widget\" data-widget_type=\"heading.default\"><div class=\"elementor-widget-container\"><h3 class=\"elementor-heading-title elementor-size-default\">6. Politique en mati\u00e8re de cookies.<\/h3><\/div><\/div><div class=\"elementor-element elementor-element-5040eadf elementor-widget elementor-widget-text-editor\" data-id=\"5040eadf\" data-element_type=\"widget\" data-widget_type=\"text-editor.default\"><div class=\"elementor-widget-container\"><div class=\"elementor-text-editor elementor-clearfix\"><p>Ce site web utilise des cookies de tiers ayant des fonctions analytiques. Je vous laisse le lien vers ma politique en mati\u00e8re de cookies, o\u00f9 vous trouverez toutes les informations d\u00e9taill\u00e9es.<\/p><\/div><\/div><\/div><\/div><\/div><\/div><\/div><\/div><\/section><section class=\"elementor-section elementor-top-section elementor-element elementor-element-5ecdf29b elementor-section-boxed elementor-section-height-default elementor-section-height-default\" data-id=\"5ecdf29b\" data-element_type=\"section\"><div class=\"elementor-container elementor-column-gap-default\"><div class=\"elementor-row\"><div class=\"elementor-column elementor-col-100 elementor-top-column elementor-element elementor-element-662b596c\" data-id=\"662b596c\" data-element_type=\"column\"><div class=\"elementor-column-wrap elementor-element-populated\"><div class=\"elementor-widget-wrap\"><div class=\"elementor-element elementor-element-69dc5947 elementor-widget elementor-widget-heading\" data-id=\"69dc5947\" data-element_type=\"widget\" data-widget_type=\"heading.default\"><div class=\"elementor-widget-container\"><h3 class=\"elementor-heading-title elementor-size-default\">7. Droit applicable et juridiction.<\/h3><\/div><\/div><div class=\"elementor-element elementor-element-26811bc6 elementor-widget elementor-widget-text-editor\" data-id=\"26811bc6\" data-element_type=\"widget\" data-widget_type=\"text-editor.default\"><div class=\"elementor-widget-container\"><div class=\"elementor-text-editor elementor-clearfix\"><p>Les pr\u00e9sentes conditions juridiques ont \u00e9t\u00e9 \u00e9tablies conform\u00e9ment \u00e0 la l\u00e9gislation espagnole. En cas de conflit dans l'interpr\u00e9tation de ces conditions, la juridiction comp\u00e9tente sera celle du domicile de l'acheteur et, \u00e0 titre subsidiaire, les tribunaux d'Elche.<\/p><\/div><\/div><\/div><\/div><\/div><\/div><\/div><\/div><\/section><section class=\"elementor-section elementor-top-section elementor-element elementor-element-5be257c3 elementor-section-boxed elementor-section-height-default elementor-section-height-default\" data-id=\"5be257c3\" data-element_type=\"section\"><div class=\"elementor-container elementor-column-gap-default\"><div class=\"elementor-row\"><div class=\"elementor-column elementor-col-100 elementor-top-column elementor-element elementor-element-6f8b96c8\" data-id=\"6f8b96c8\" data-element_type=\"column\"><div class=\"elementor-column-wrap elementor-element-populated\"><div class=\"elementor-widget-wrap\"><div class=\"elementor-element elementor-element-49483e0a elementor-widget elementor-widget-heading\" data-id=\"49483e0a\" data-element_type=\"widget\" data-widget_type=\"heading.default\"><div class=\"elementor-widget-container\"><h3 class=\"elementor-heading-title elementor-size-default\">8. Modification du contenu de l'avis juridique.<\/h3><\/div><\/div><div class=\"elementor-element elementor-element-1cc76207 elementor-widget elementor-widget-text-editor\" data-id=\"1cc76207\" data-element_type=\"widget\" data-widget_type=\"text-editor.default\"><div class=\"elementor-widget-container\"><div class=\"elementor-text-editor elementor-clearfix\"><p>Cet avis juridique peut \u00eatre modifi\u00e9 \u00e0 tout moment, en fonction de l'\u00e9volution de ce site et des contenus qui y sont propos\u00e9s. Dans ce cas, les utilisateurs sont inform\u00e9s de ces modifications.<\/p><\/div><\/div><\/div><\/div><\/div><\/div><\/div><\/div><\/section><\/div><\/div><\/div><\/div><\/div><\/div><\/div><\/div>\n","protected":false},"excerpt":{"rendered":"<p>Avis juridique1. l&rsquo;identit\u00e9 et le propri\u00e9taire du site web.Mercury Investor S.L., num\u00e9ro d&rsquo;identification fiscale B42829184Adresse : Carrer Capit\u00e0 Alfons Vives, 65, 03201 Elx, AlicanteCourriel : contacto@maderoterapiaonline.org2. Propri\u00e9t\u00e9 intellectuelle.Tous les contenus et publications de mon site web &#8211; articles, posts, pages, textes, vid\u00e9os, tutoriels, podcasts, images, graphiques, infographies, etc. &#8211; sont soumis \u00e0 des droits d&rsquo;auteur [&hellip;]<\/p>\n","protected":false},"author":1,"featured_media":0,"parent":0,"menu_order":0,"comment_status":"closed","ping_status":"closed","template":"","meta":{"content-type":"","footnotes":""},"class_list":["post-42413","page","type-page","status-publish","hentry"],"yoast_head":"<!-- This site is optimized with the Yoast SEO plugin v27.4 - https:\/\/yoast.com\/product\/yoast-seo-wordpress\/ -->\n<title>Avis juridique - Maderoterapia Online<\/title>\n<meta name=\"robots\" content=\"index, follow, max-snippet:-1, max-image-preview:large, max-video-preview:-1\" \/>\n<link rel=\"canonical\" href=\"https:\/\/maderoterapiaonline.org\/fr\/avis-juridique\/\" \/>\n<meta property=\"og:locale\" content=\"fr_FR\" \/>\n<meta property=\"og:type\" content=\"article\" \/>\n<meta property=\"og:title\" content=\"Avis juridique - Maderoterapia Online\" \/>\n<meta property=\"og:description\" content=\"Avis juridique1. l&#039;identit\u00e9 et le propri\u00e9taire du site web.Mercury Investor S.L., num\u00e9ro d&#039;identification fiscale B42829184Adresse : Carrer Capit\u00e0 Alfons Vives, 65, 03201 Elx, AlicanteCourriel : contacto@maderoterapiaonline.org2. Propri\u00e9t\u00e9 intellectuelle.Tous les contenus et publications de mon site web - articles, posts, pages, textes, vid\u00e9os, tutoriels, podcasts, images, graphiques, infographies, etc. - sont soumis \u00e0 des droits d&#039;auteur [&hellip;]\" \/>\n<meta property=\"og:url\" content=\"https:\/\/maderoterapiaonline.org\/fr\/avis-juridique\/\" \/>\n<meta property=\"og:site_name\" content=\"Maderoterapia Online\" \/>\n<meta property=\"article:modified_time\" content=\"2025-07-22T13:06:03+00:00\" \/>\n<meta name=\"twitter:card\" content=\"summary_large_image\" \/>\n<meta name=\"twitter:label1\" content=\"Dur\u00e9e de lecture estim\u00e9e\" \/>\n\t<meta name=\"twitter:data1\" content=\"3 minutes\" \/>\n<script type=\"application\/ld+json\" class=\"yoast-schema-graph\">{\"@context\":\"https:\\\/\\\/schema.org\",\"@graph\":[{\"@type\":\"WebPage\",\"@id\":\"https:\\\/\\\/maderoterapiaonline.org\\\/fr\\\/avis-juridique\\\/\",\"url\":\"https:\\\/\\\/maderoterapiaonline.org\\\/fr\\\/avis-juridique\\\/\",\"name\":\"Avis juridique - Maderoterapia Online\",\"isPartOf\":{\"@id\":\"https:\\\/\\\/maderoterapiaonline.org\\\/fr\\\/#website\"},\"datePublished\":\"2023-05-17T13:43:18+00:00\",\"dateModified\":\"2025-07-22T13:06:03+00:00\",\"breadcrumb\":{\"@id\":\"https:\\\/\\\/maderoterapiaonline.org\\\/fr\\\/avis-juridique\\\/#breadcrumb\"},\"inLanguage\":\"fr-FR\",\"potentialAction\":[{\"@type\":\"ReadAction\",\"target\":[\"https:\\\/\\\/maderoterapiaonline.org\\\/fr\\\/avis-juridique\\\/\"]}]},{\"@type\":\"BreadcrumbList\",\"@id\":\"https:\\\/\\\/maderoterapiaonline.org\\\/fr\\\/avis-juridique\\\/#breadcrumb\",\"itemListElement\":[{\"@type\":\"ListItem\",\"position\":1,\"name\":\"Portada\",\"item\":\"https:\\\/\\\/maderoterapiaonline.org\\\/fr\\\/\"},{\"@type\":\"ListItem\",\"position\":2,\"name\":\"Avis juridique\"}]},{\"@type\":\"WebSite\",\"@id\":\"https:\\\/\\\/maderoterapiaonline.org\\\/fr\\\/#website\",\"url\":\"https:\\\/\\\/maderoterapiaonline.org\\\/fr\\\/\",\"name\":\"Maderoterapia Online\",\"description\":\"Compra tu kit de Maderoterapia Profesional. Env\u00edos 24\\\/48h. Atenci\u00f3n al cliente por profesionales Maderoterapeutas\",\"publisher\":{\"@id\":\"https:\\\/\\\/maderoterapiaonline.org\\\/fr\\\/#organization\"},\"alternateName\":\"Maderoterapiaonline.org\",\"potentialAction\":[{\"@type\":\"SearchAction\",\"target\":{\"@type\":\"EntryPoint\",\"urlTemplate\":\"https:\\\/\\\/maderoterapiaonline.org\\\/fr\\\/?s={search_term_string}\"},\"query-input\":{\"@type\":\"PropertyValueSpecification\",\"valueRequired\":true,\"valueName\":\"search_term_string\"}}],\"inLanguage\":\"fr-FR\"},{\"@type\":\"Organization\",\"@id\":\"https:\\\/\\\/maderoterapiaonline.org\\\/fr\\\/#organization\",\"name\":\"Maderoterapia Est\u00e9tica Espa\u00f1a \u2013 Dori L\u00f3pez\u00ae y Escuela Profesional Maderoterapia Online\u00ae.\",\"url\":\"https:\\\/\\\/maderoterapiaonline.org\\\/fr\\\/\",\"logo\":{\"@type\":\"ImageObject\",\"inLanguage\":\"fr-FR\",\"@id\":\"https:\\\/\\\/maderoterapiaonline.org\\\/fr\\\/#\\\/schema\\\/logo\\\/image\\\/\",\"url\":\"https:\\\/\\\/maderoterapiaonline.org\\\/wp-content\\\/uploads\\\/2025\\\/03\\\/Logo-M-1.png\",\"contentUrl\":\"https:\\\/\\\/maderoterapiaonline.org\\\/wp-content\\\/uploads\\\/2025\\\/03\\\/Logo-M-1.png\",\"width\":1464,\"height\":1051,\"caption\":\"Maderoterapia Est\u00e9tica Espa\u00f1a \u2013 Dori L\u00f3pez\u00ae y Escuela Profesional Maderoterapia Online\u00ae.\"},\"image\":{\"@id\":\"https:\\\/\\\/maderoterapiaonline.org\\\/fr\\\/#\\\/schema\\\/logo\\\/image\\\/\"}}]}<\/script>\n<!-- \/ Yoast SEO plugin. -->","yoast_head_json":{"title":"Avis juridique - Maderoterapia Online","robots":{"index":"index","follow":"follow","max-snippet":"max-snippet:-1","max-image-preview":"max-image-preview:large","max-video-preview":"max-video-preview:-1"},"canonical":"https:\/\/maderoterapiaonline.org\/fr\/avis-juridique\/","og_locale":"fr_FR","og_type":"article","og_title":"Avis juridique - Maderoterapia Online","og_description":"Avis juridique1. l'identit\u00e9 et le propri\u00e9taire du site web.Mercury Investor S.L., num\u00e9ro d'identification fiscale B42829184Adresse : Carrer Capit\u00e0 Alfons Vives, 65, 03201 Elx, AlicanteCourriel : contacto@maderoterapiaonline.org2. Propri\u00e9t\u00e9 intellectuelle.Tous les contenus et publications de mon site web - articles, posts, pages, textes, vid\u00e9os, tutoriels, podcasts, images, graphiques, infographies, etc. - sont soumis \u00e0 des droits d'auteur [&hellip;]","og_url":"https:\/\/maderoterapiaonline.org\/fr\/avis-juridique\/","og_site_name":"Maderoterapia Online","article_modified_time":"2025-07-22T13:06:03+00:00","twitter_card":"summary_large_image","twitter_misc":{"Dur\u00e9e de lecture estim\u00e9e":"3 minutes"},"schema":{"@context":"https:\/\/schema.org","@graph":[{"@type":"WebPage","@id":"https:\/\/maderoterapiaonline.org\/fr\/avis-juridique\/","url":"https:\/\/maderoterapiaonline.org\/fr\/avis-juridique\/","name":"Avis juridique - Maderoterapia Online","isPartOf":{"@id":"https:\/\/maderoterapiaonline.org\/fr\/#website"},"datePublished":"2023-05-17T13:43:18+00:00","dateModified":"2025-07-22T13:06:03+00:00","breadcrumb":{"@id":"https:\/\/maderoterapiaonline.org\/fr\/avis-juridique\/#breadcrumb"},"inLanguage":"fr-FR","potentialAction":[{"@type":"ReadAction","target":["https:\/\/maderoterapiaonline.org\/fr\/avis-juridique\/"]}]},{"@type":"BreadcrumbList","@id":"https:\/\/maderoterapiaonline.org\/fr\/avis-juridique\/#breadcrumb","itemListElement":[{"@type":"ListItem","position":1,"name":"Portada","item":"https:\/\/maderoterapiaonline.org\/fr\/"},{"@type":"ListItem","position":2,"name":"Avis juridique"}]},{"@type":"WebSite","@id":"https:\/\/maderoterapiaonline.org\/fr\/#website","url":"https:\/\/maderoterapiaonline.org\/fr\/","name":"Maderoterapia Online","description":"Compra tu kit de Maderoterapia Profesional. Env\u00edos 24\/48h. Atenci\u00f3n al cliente por profesionales Maderoterapeutas","publisher":{"@id":"https:\/\/maderoterapiaonline.org\/fr\/#organization"},"alternateName":"Maderoterapiaonline.org","potentialAction":[{"@type":"SearchAction","target":{"@type":"EntryPoint","urlTemplate":"https:\/\/maderoterapiaonline.org\/fr\/?s={search_term_string}"},"query-input":{"@type":"PropertyValueSpecification","valueRequired":true,"valueName":"search_term_string"}}],"inLanguage":"fr-FR"},{"@type":"Organization","@id":"https:\/\/maderoterapiaonline.org\/fr\/#organization","name":"Maderoterapia Est\u00e9tica Espa\u00f1a \u2013 Dori L\u00f3pez\u00ae y Escuela Profesional Maderoterapia Online\u00ae.","url":"https:\/\/maderoterapiaonline.org\/fr\/","logo":{"@type":"ImageObject","inLanguage":"fr-FR","@id":"https:\/\/maderoterapiaonline.org\/fr\/#\/schema\/logo\/image\/","url":"https:\/\/maderoterapiaonline.org\/wp-content\/uploads\/2025\/03\/Logo-M-1.png","contentUrl":"https:\/\/maderoterapiaonline.org\/wp-content\/uploads\/2025\/03\/Logo-M-1.png","width":1464,"height":1051,"caption":"Maderoterapia Est\u00e9tica Espa\u00f1a \u2013 Dori L\u00f3pez\u00ae y Escuela Profesional Maderoterapia Online\u00ae."},"image":{"@id":"https:\/\/maderoterapiaonline.org\/fr\/#\/schema\/logo\/image\/"}}]}},"_links":{"self":[{"href":"https:\/\/maderoterapiaonline.org\/fr\/wp-json\/wp\/v2\/pages\/42413","targetHints":{"allow":["GET"]}}],"collection":[{"href":"https:\/\/maderoterapiaonline.org\/fr\/wp-json\/wp\/v2\/pages"}],"about":[{"href":"https:\/\/maderoterapiaonline.org\/fr\/wp-json\/wp\/v2\/types\/page"}],"author":[{"embeddable":true,"href":"https:\/\/maderoterapiaonline.org\/fr\/wp-json\/wp\/v2\/users\/1"}],"replies":[{"embeddable":true,"href":"https:\/\/maderoterapiaonline.org\/fr\/wp-json\/wp\/v2\/comments?post=42413"}],"version-history":[{"count":1,"href":"https:\/\/maderoterapiaonline.org\/fr\/wp-json\/wp\/v2\/pages\/42413\/revisions"}],"predecessor-version":[{"id":48793,"href":"https:\/\/maderoterapiaonline.org\/fr\/wp-json\/wp\/v2\/pages\/42413\/revisions\/48793"}],"wp:attachment":[{"href":"https:\/\/maderoterapiaonline.org\/fr\/wp-json\/wp\/v2\/media?parent=42413"}],"curies":[{"name":"wp","href":"https:\/\/api.w.org\/{rel}","templated":true}]}}