{"id":42368,"date":"2023-06-06T05:20:21","date_gmt":"2023-06-06T03:20:21","guid":{"rendered":"https:\/\/maderoterapiaonline.org\/opt-in-bambuterapy\/"},"modified":"2023-10-19T16:16:45","modified_gmt":"2023-10-19T14:16:45","slug":"opt-in-bambuterapy","status":"publish","type":"page","link":"https:\/\/maderoterapiaonline.org\/fr\/opt-in-bambuterapy\/","title":{"rendered":"Opt-in Bambuterapy"},"content":{"rendered":"<div class=\"vce-row-container\"><div class=\"vce-row vce-element--has-background vce-row--col-gap-30 vce-row-equal-height vce-row-content--bottom\" data-vce-full-width=\"true\" id=\"el-2be8148d\" data-vce-do-apply=\"all el-2be8148d\"><div class=\"vce-content-background-container\"><\/div><div class=\"vce-row-content\" data-vce-element-content=\"true\"><div class=\"vce-col vce-col--md-auto vce-col--xs-1 vce-col--xs-last vce-col--xs-first vce-col--sm-last vce-col--sm-first vce-col--md-first vce-col--lg-first vce-col--xl-first\" id=\"el-3101ecc1\"><div class=\"vce-col-inner\" data-vce-do-apply=\"border margin background  el-3101ecc1\"><div class=\"vce-col-content\" data-vce-element-content=\"true\" data-vce-do-apply=\"padding el-3101ecc1\"><div><\/div><\/div><\/div><\/div><div class=\"vce-col vce-col--md-auto vce-col--xs-1 vce-col--xs-last vce-col--xs-first vce-col--sm-last vce-col--sm-first\" id=\"el-976ed71e\"><div class=\"vce-col-inner\" data-vce-do-apply=\"border margin background  el-976ed71e\"><div class=\"vce-col-content\" data-vce-element-content=\"true\" data-vce-do-apply=\"padding el-976ed71e\"><div class=\"vce-single-image-container vce-single-image--align-center\"><div class=\"vce vce-single-image-wrapper\" id=\"el-76ec11e8\" data-vce-do-apply=\"all el-76ec11e8\"><figure><div class=\"vce-single-image-figure-inner\" style=\"width: 3375px;\"><div class=\"vce-single-image-inner vce-single-image--absolute\" style=\"width: 100%; padding-bottom: 59.8519%;\"><img loading=\"lazy\" decoding=\"async\" class=\"vce-single-image\"  width=\"3375\" height=\"2020\" srcset=\"https:\/\/maderoterapiaonline.org\/wp-content\/uploads\/2023\/05\/dori-lopez-logo-rgb-320x192.png 320w, https:\/\/maderoterapiaonline.org\/wp-content\/uploads\/2023\/05\/dori-lopez-logo-rgb-480x287.png 480w, https:\/\/maderoterapiaonline.org\/wp-content\/uploads\/2023\/05\/dori-lopez-logo-rgb-800x479.png 800w, https:\/\/maderoterapiaonline.org\/wp-content\/uploads\/2023\/10\/dori-lopez-logo-rgb-3375x2020.png 3375w\" src=\"https:\/\/maderoterapiaonline.org\/wp-content\/uploads\/2023\/10\/dori-lopez-logo-rgb-3375x2020.png\" data-img-src=\"https:\/\/maderoterapiaonline.org\/wp-content\/uploads\/2023\/05\/dori-lopez-logo-rgb.png\" data-attachment-id=\"38091\"  alt=\"\" title=\"logo dori lopez rgb\" \/><\/div><\/div><figcaption hidden=\"\"><\/figcaption><\/figure><\/div><\/div><\/div><\/div><\/div><div class=\"vce-col vce-col--md-auto vce-col--xs-1 vce-col--xs-last vce-col--xs-first vce-col--sm-last vce-col--sm-first vce-col--md-last vce-col--lg-last vce-col--xl-last\" id=\"el-83279934\"><div class=\"vce-col-inner\" data-vce-do-apply=\"border margin background  el-83279934\"><div class=\"vce-col-content\" data-vce-element-content=\"true\" data-vce-do-apply=\"padding el-83279934\"><div><\/div><\/div><\/div><\/div><\/div><\/div><\/div><div class=\"vce-row-container\" data-vce-boxed-width=\"true\"><div class=\"vce-row vce-row--col-gap-30 vce-row-equal-height vce-row-content--middle\" id=\"el-42ae69e9\" data-vce-do-apply=\"all el-42ae69e9\"><div class=\"vce-content-background-container\"><\/div><div class=\"vce-row-content\" data-vce-element-content=\"true\"><div class=\"vce-col vce-col--md-auto vce-col--xs-1 vce-col--xs-last vce-col--xs-first vce-col--sm-last vce-col--sm-first vce-col--md-last vce-col--lg-last vce-col--xl-last vce-col--md-first vce-col--lg-first vce-col--xl-first\" id=\"el-e0e14509\"><div class=\"vce-col-inner\" data-vce-do-apply=\"border margin background  el-e0e14509\"><div class=\"vce-col-content\" data-vce-element-content=\"true\" data-vce-do-apply=\"padding el-e0e14509\"><div class=\"vce-text-block reduccion-titulo\"><div class=\"vce-text-block-wrapper vce\" id=\"el-c91069a5\" data-vce-do-apply=\"all el-c91069a5\"><h1 style=\"text-align: center;\"><strong>Il ne vous reste plus qu'\u00e0 acc\u00e9der au cours d'introduction \u00e0 la Bambuterapy Wood Therapy en ligne.<\/strong><\/h1><\/div><\/div><\/div><\/div><\/div><\/div><\/div><\/div><div class=\"vce-row-container\" data-vce-boxed-width=\"true\"><div class=\"vce-row vce-row--col-gap-30 vce-row-equal-height vce-row-content--middle\" id=\"el-c04d0e8e\" data-vce-do-apply=\"all el-c04d0e8e\"><div class=\"vce-row-content\" data-vce-element-content=\"true\"><div class=\"vce-col vce-col--md-auto vce-col--xs-1 vce-col--xs-last vce-col--xs-first vce-col--sm-last vce-col--sm-first vce-col--md-first vce-col--lg-first vce-col--xl-first\" id=\"el-f7a6abcb\"><div class=\"vce-col-inner\" data-vce-do-apply=\"border margin background  el-f7a6abcb\"><div class=\"vce-col-content\" data-vce-element-content=\"true\" data-vce-do-apply=\"padding el-f7a6abcb\"><div class=\"vce-single-image-container popup-1 vce-single-image--align-left\"><div class=\"vce vce-single-image-wrapper\" id=\"el-8dd9dabd\" data-vce-do-apply=\"all el-8dd9dabd\"><figure><div class=\"vce-single-image-figure-inner\" style=\"width: 768px;\"><div class=\"vce-single-image-inner vce-single-image--absolute\" style=\"width: 100%; padding-bottom: 39.974%;\"><img loading=\"lazy\" decoding=\"async\" class=\"vce-single-image\"  width=\"768\" height=\"307\" srcset=\"https:\/\/maderoterapiaonline.org\/wp-content\/uploads\/2023\/06\/Canas-4-natural-768x307-1-320x128.jpg 320w, https:\/\/maderoterapiaonline.org\/wp-content\/uploads\/2023\/06\/Canas-4-natural-768x307-1-480x192.jpg 480w, https:\/\/maderoterapiaonline.org\/wp-content\/uploads\/2023\/10\/Canas-4-natural-768x307-1-768x307.jpg 768w\" src=\"https:\/\/maderoterapiaonline.org\/wp-content\/uploads\/2023\/10\/Canas-4-natural-768x307-1-768x307.jpg\" data-img-src=\"https:\/\/maderoterapiaonline.org\/wp-content\/uploads\/2023\/06\/Canas-4-natural-768x307-1.jpg\" data-attachment-id=\"38168\"  alt=\"\" title=\"Canas-4-natural-768x307\" \/><\/div><\/div><figcaption hidden=\"\"><\/figcaption><\/figure><\/div><\/div><\/div><\/div><\/div><div class=\"vce-col vce-col--md-auto vce-col--xs-1 vce-col--xs-last vce-col--xs-first vce-col--sm-last vce-col--sm-first vce-col--md-last vce-col--lg-last vce-col--xl-last\" id=\"el-b8583b82\"><div class=\"vce-col-inner\" data-vce-do-apply=\"border margin background  el-b8583b82\"><div class=\"vce-col-content\" data-vce-element-content=\"true\" data-vce-do-apply=\"padding el-b8583b82\"><div class=\"vce-raw-html\"><div class=\"vce-raw-html-wrapper\" id=\"el-4b9cc0f4\" data-vce-do-apply=\"all el-4b9cc0f4\"><script charset=\"utf-8\" type=\"text\/javascript\" src=\"\/\/js-eu1.hsforms.net\/forms\/embed\/v2.js\"><\/script>\n<script>\n  hbspt.forms.create({\n    region: \"eu1\",\n    portalId: \"139583305\",\n    formId: \"aca86ac5-9d99-4f7f-aa84-82830fa80570\"\n  });\n<\/script><\/div><\/div><\/div><\/div><\/div><\/div><\/div><\/div>","protected":false},"excerpt":{"rendered":"<p>Il ne vous reste plus qu&rsquo;\u00e0 acc\u00e9der au cours d&rsquo;introduction \u00e0 la Bambuterapy Wood Therapy en ligne.<\/p>\n","protected":false},"author":1,"featured_media":0,"parent":0,"menu_order":0,"comment_status":"closed","ping_status":"closed","template":"","meta":{"content-type":"","footnotes":""},"class_list":["post-42368","page","type-page","status-publish","hentry"],"yoast_head":"<!-- This site is optimized with the Yoast SEO plugin v27.2 - https:\/\/yoast.com\/product\/yoast-seo-wordpress\/ -->\n<title>Opt-in Bambuterapy - Maderoterapia Online<\/title>\n<meta name=\"robots\" content=\"index, follow, max-snippet:-1, max-image-preview:large, max-video-preview:-1\" \/>\n<link rel=\"canonical\" href=\"https:\/\/maderoterapiaonline.org\/fr\/opt-in-bambuterapy\/\" \/>\n<meta property=\"og:locale\" content=\"fr_FR\" \/>\n<meta property=\"og:type\" content=\"article\" \/>\n<meta property=\"og:title\" content=\"Opt-in Bambuterapy - Maderoterapia Online\" \/>\n<meta property=\"og:description\" content=\"Il ne vous reste plus qu&#039;\u00e0 acc\u00e9der au cours d&#039;introduction \u00e0 la Bambuterapy Wood Therapy en ligne.\" \/>\n<meta property=\"og:url\" content=\"https:\/\/maderoterapiaonline.org\/fr\/opt-in-bambuterapy\/\" \/>\n<meta property=\"og:site_name\" content=\"Maderoterapia Online\" \/>\n<meta property=\"article:modified_time\" content=\"2023-10-19T14:16:45+00:00\" \/>\n<meta name=\"twitter:card\" content=\"summary_large_image\" \/>\n<script type=\"application\/ld+json\" class=\"yoast-schema-graph\">{\"@context\":\"https:\/\/schema.org\",\"@graph\":[{\"@type\":\"WebPage\",\"@id\":\"https:\/\/maderoterapiaonline.org\/fr\/opt-in-bambuterapy\/\",\"url\":\"https:\/\/maderoterapiaonline.org\/fr\/opt-in-bambuterapy\/\",\"name\":\"Opt-in Bambuterapy - Maderoterapia Online\",\"isPartOf\":{\"@id\":\"https:\/\/maderoterapiaonline.org\/fr\/#website\"},\"datePublished\":\"2023-06-06T03:20:21+00:00\",\"dateModified\":\"2023-10-19T14:16:45+00:00\",\"breadcrumb\":{\"@id\":\"https:\/\/maderoterapiaonline.org\/fr\/opt-in-bambuterapy\/#breadcrumb\"},\"inLanguage\":\"fr-FR\",\"potentialAction\":[{\"@type\":\"ReadAction\",\"target\":[\"https:\/\/maderoterapiaonline.org\/fr\/opt-in-bambuterapy\/\"]}]},{\"@type\":\"BreadcrumbList\",\"@id\":\"https:\/\/maderoterapiaonline.org\/fr\/opt-in-bambuterapy\/#breadcrumb\",\"itemListElement\":[{\"@type\":\"ListItem\",\"position\":1,\"name\":\"Portada\",\"item\":\"https:\/\/maderoterapiaonline.org\/fr\/\"},{\"@type\":\"ListItem\",\"position\":2,\"name\":\"Opt-in Bambuterapy\"}]},{\"@type\":\"WebSite\",\"@id\":\"https:\/\/maderoterapiaonline.org\/fr\/#website\",\"url\":\"https:\/\/maderoterapiaonline.org\/fr\/\",\"name\":\"Maderoterapia Online\",\"description\":\"Compra tu kit de Maderoterapia Profesional. Env\u00edos 24\/48h. Atenci\u00f3n al cliente por profesionales Maderoterapeutas\",\"publisher\":{\"@id\":\"https:\/\/maderoterapiaonline.org\/fr\/#organization\"},\"alternateName\":\"Maderoterapiaonline.org\",\"potentialAction\":[{\"@type\":\"SearchAction\",\"target\":{\"@type\":\"EntryPoint\",\"urlTemplate\":\"https:\/\/maderoterapiaonline.org\/fr\/?s={search_term_string}\"},\"query-input\":{\"@type\":\"PropertyValueSpecification\",\"valueRequired\":true,\"valueName\":\"search_term_string\"}}],\"inLanguage\":\"fr-FR\"},{\"@type\":\"Organization\",\"@id\":\"https:\/\/maderoterapiaonline.org\/fr\/#organization\",\"name\":\"Maderoterapia Est\u00e9tica Espa\u00f1a \u2013 Dori L\u00f3pez\u00ae y Escuela Profesional Maderoterapia Online\u00ae.\",\"url\":\"https:\/\/maderoterapiaonline.org\/fr\/\",\"logo\":{\"@type\":\"ImageObject\",\"inLanguage\":\"fr-FR\",\"@id\":\"https:\/\/maderoterapiaonline.org\/fr\/#\/schema\/logo\/image\/\",\"url\":\"https:\/\/maderoterapiaonline.org\/wp-content\/uploads\/2025\/03\/Logo-M-1.png\",\"contentUrl\":\"https:\/\/maderoterapiaonline.org\/wp-content\/uploads\/2025\/03\/Logo-M-1.png\",\"width\":1464,\"height\":1051,\"caption\":\"Maderoterapia Est\u00e9tica Espa\u00f1a \u2013 Dori L\u00f3pez\u00ae y Escuela Profesional Maderoterapia Online\u00ae.\"},\"image\":{\"@id\":\"https:\/\/maderoterapiaonline.org\/fr\/#\/schema\/logo\/image\/\"}}]}<\/script>\n<!-- \/ Yoast SEO plugin. -->","yoast_head_json":{"title":"Opt-in Bambuterapy - Maderoterapia Online","robots":{"index":"index","follow":"follow","max-snippet":"max-snippet:-1","max-image-preview":"max-image-preview:large","max-video-preview":"max-video-preview:-1"},"canonical":"https:\/\/maderoterapiaonline.org\/fr\/opt-in-bambuterapy\/","og_locale":"fr_FR","og_type":"article","og_title":"Opt-in Bambuterapy - Maderoterapia Online","og_description":"Il ne vous reste plus qu'\u00e0 acc\u00e9der au cours d'introduction \u00e0 la Bambuterapy Wood Therapy en ligne.","og_url":"https:\/\/maderoterapiaonline.org\/fr\/opt-in-bambuterapy\/","og_site_name":"Maderoterapia Online","article_modified_time":"2023-10-19T14:16:45+00:00","twitter_card":"summary_large_image","schema":{"@context":"https:\/\/schema.org","@graph":[{"@type":"WebPage","@id":"https:\/\/maderoterapiaonline.org\/fr\/opt-in-bambuterapy\/","url":"https:\/\/maderoterapiaonline.org\/fr\/opt-in-bambuterapy\/","name":"Opt-in Bambuterapy - Maderoterapia Online","isPartOf":{"@id":"https:\/\/maderoterapiaonline.org\/fr\/#website"},"datePublished":"2023-06-06T03:20:21+00:00","dateModified":"2023-10-19T14:16:45+00:00","breadcrumb":{"@id":"https:\/\/maderoterapiaonline.org\/fr\/opt-in-bambuterapy\/#breadcrumb"},"inLanguage":"fr-FR","potentialAction":[{"@type":"ReadAction","target":["https:\/\/maderoterapiaonline.org\/fr\/opt-in-bambuterapy\/"]}]},{"@type":"BreadcrumbList","@id":"https:\/\/maderoterapiaonline.org\/fr\/opt-in-bambuterapy\/#breadcrumb","itemListElement":[{"@type":"ListItem","position":1,"name":"Portada","item":"https:\/\/maderoterapiaonline.org\/fr\/"},{"@type":"ListItem","position":2,"name":"Opt-in Bambuterapy"}]},{"@type":"WebSite","@id":"https:\/\/maderoterapiaonline.org\/fr\/#website","url":"https:\/\/maderoterapiaonline.org\/fr\/","name":"Maderoterapia Online","description":"Compra tu kit de Maderoterapia Profesional. Env\u00edos 24\/48h. Atenci\u00f3n al cliente por profesionales Maderoterapeutas","publisher":{"@id":"https:\/\/maderoterapiaonline.org\/fr\/#organization"},"alternateName":"Maderoterapiaonline.org","potentialAction":[{"@type":"SearchAction","target":{"@type":"EntryPoint","urlTemplate":"https:\/\/maderoterapiaonline.org\/fr\/?s={search_term_string}"},"query-input":{"@type":"PropertyValueSpecification","valueRequired":true,"valueName":"search_term_string"}}],"inLanguage":"fr-FR"},{"@type":"Organization","@id":"https:\/\/maderoterapiaonline.org\/fr\/#organization","name":"Maderoterapia Est\u00e9tica Espa\u00f1a \u2013 Dori L\u00f3pez\u00ae y Escuela Profesional Maderoterapia Online\u00ae.","url":"https:\/\/maderoterapiaonline.org\/fr\/","logo":{"@type":"ImageObject","inLanguage":"fr-FR","@id":"https:\/\/maderoterapiaonline.org\/fr\/#\/schema\/logo\/image\/","url":"https:\/\/maderoterapiaonline.org\/wp-content\/uploads\/2025\/03\/Logo-M-1.png","contentUrl":"https:\/\/maderoterapiaonline.org\/wp-content\/uploads\/2025\/03\/Logo-M-1.png","width":1464,"height":1051,"caption":"Maderoterapia Est\u00e9tica Espa\u00f1a \u2013 Dori L\u00f3pez\u00ae y Escuela Profesional Maderoterapia Online\u00ae."},"image":{"@id":"https:\/\/maderoterapiaonline.org\/fr\/#\/schema\/logo\/image\/"}}]}},"_links":{"self":[{"href":"https:\/\/maderoterapiaonline.org\/fr\/wp-json\/wp\/v2\/pages\/42368","targetHints":{"allow":["GET"]}}],"collection":[{"href":"https:\/\/maderoterapiaonline.org\/fr\/wp-json\/wp\/v2\/pages"}],"about":[{"href":"https:\/\/maderoterapiaonline.org\/fr\/wp-json\/wp\/v2\/types\/page"}],"author":[{"embeddable":true,"href":"https:\/\/maderoterapiaonline.org\/fr\/wp-json\/wp\/v2\/users\/1"}],"replies":[{"embeddable":true,"href":"https:\/\/maderoterapiaonline.org\/fr\/wp-json\/wp\/v2\/comments?post=42368"}],"version-history":[{"count":0,"href":"https:\/\/maderoterapiaonline.org\/fr\/wp-json\/wp\/v2\/pages\/42368\/revisions"}],"wp:attachment":[{"href":"https:\/\/maderoterapiaonline.org\/fr\/wp-json\/wp\/v2\/media?parent=42368"}],"curies":[{"name":"wp","href":"https:\/\/api.w.org\/{rel}","templated":true}]}}