{"id":42362,"date":"2023-06-06T05:28:33","date_gmt":"2023-06-06T03:28:33","guid":{"rendered":"https:\/\/maderoterapiaonline.org\/cours-en-ligne-dinitiation-a-la-therapie-par-le-bois-relaxant\/"},"modified":"2023-10-16T14:35:59","modified_gmt":"2023-10-16T12:35:59","slug":"cours-en-ligne-dinitiation-a-la-therapie-par-le-bois-relaxant","status":"publish","type":"page","link":"https:\/\/maderoterapiaonline.org\/fr\/cours-en-ligne-dinitiation-a-la-therapie-par-le-bois-relaxant\/","title":{"rendered":"Cours en ligne d&rsquo;initiation \u00e0 la th\u00e9rapie par le bois relaxant"},"content":{"rendered":"<p><\/p>\n<div class=\"vce-row-container\">\n<div class=\"vce-row vce-element--has-background vce-row--col-gap-30 vce-row-equal-height vce-row-content--bottom\" data-vce-full-width=\"true\" id=\"el-2be8148d\" data-vce-do-apply=\"all el-2be8148d\">\n<div class=\"vce-content-background-container\"><\/div>\n<div class=\"vce-row-content\" data-vce-element-content=\"true\"><\/p>\n<div class=\"vce-col vce-col--md-auto vce-col--xs-1 vce-col--xs-last vce-col--xs-first vce-col--sm-last vce-col--sm-first vce-col--md-first vce-col--lg-first vce-col--xl-first\" id=\"el-3101ecc1\">\n<div class=\"vce-col-inner\" data-vce-do-apply=\"border margin background el-3101ecc1\">\n<div class=\"vce-col-content\" data-vce-element-content=\"true\" data-vce-do-apply=\"padding el-3101ecc1\">\n<div><\/div><\/div>\n<\/div>\n<\/div>\n<p><\/p>\n<div class=\"vce-col vce-col--md-auto vce-col--xs-1 vce-col--xs-last vce-col--xs-first vce-col--sm-last vce-col--sm-first\" id=\"el-976ed71e\">\n<div class=\"vce-col-inner\" data-vce-do-apply=\"border margin background el-976ed71e\">\n<div class=\"vce-col-content\" data-vce-element-content=\"true\" data-vce-do-apply=\"padding el-976ed71e\"><\/p>\n<div class=\"vce-single-image-container vce-single-image--align-center\">\n<div class=\"vce vce-single-image-wrapper\" id=\"el-76ec11e8\" data-vce-do-apply=\"all el-76ec11e8\">\n<figure>\n<div class=\"vce-single-image-figure-inner\" style=\"width: 1024px;\">\n<div class=\"vce-single-image-inner vce-single-image--absolute\" style=\"width: 100%; padding-bottom: 59.7656%;\"><img loading=\"lazy\" decoding=\"async\" class=\"vce-single-image\" width=\"1024\" height=\"612\" srcset=\"https:\/\/maderoterapiaonline.org\/wp-content\/uploads\/2023\/05\/dori-lopez-logo-rgb-1024x613.png 1024w, https:\/\/maderoterapiaonline.org\/wp-content\/uploads\/2023\/05\/dori-lopez-logo-rgb-2048x1226.png 2x, https:\/\/maderoterapiaonline.org\/wp-content\/uploads\/2023\/05\/dori-lopez-logo-rgb-320x192.png 320w, https:\/\/maderoterapiaonline.org\/wp-content\/uploads\/2023\/05\/dori-lopez-logo-rgb-480x287.png 480w, https:\/\/maderoterapiaonline.org\/wp-content\/uploads\/2023\/05\/dori-lopez-logo-rgb-800x479.png 800w\" src=\"https:\/\/maderoterapiaonline.org\/wp-content\/uploads\/2023\/05\/dori-lopez-logo-rgb-1024x613.png\" data-img-src=\"https:\/\/maderoterapiaonline.org\/wp-content\/uploads\/2023\/05\/dori-lopez-logo-rgb.png\" data-attachment-id=\"38091\" alt=\"\" title=\"logo dori lopez rgb\"><\/div>\n<\/div><figcaption hidden=\"\"><\/figcaption><\/figure>\n<\/div>\n<\/div>\n<p><\/div>\n<\/div>\n<\/div>\n<p><\/p>\n<div class=\"vce-col vce-col--md-auto vce-col--xs-1 vce-col--xs-last vce-col--xs-first vce-col--sm-last vce-col--sm-first vce-col--md-last vce-col--lg-last vce-col--xl-last\" id=\"el-83279934\">\n<div class=\"vce-col-inner\" data-vce-do-apply=\"border margin background el-83279934\">\n<div class=\"vce-col-content\" data-vce-element-content=\"true\" data-vce-do-apply=\"padding el-83279934\">\n<div><\/div><\/div>\n<\/div>\n<\/div>\n<p><\/div>\n<\/div>\n<\/div>\n<p><\/p>\n<div class=\"vce-row-container\" data-vce-boxed-width=\"true\">\n<div class=\"vce-row vce-row--col-gap-30 vce-row-equal-height vce-row-content--middle\" id=\"el-42ae69e9\" data-vce-do-apply=\"all el-42ae69e9\">\n<div class=\"vce-content-background-container\"><\/div>\n<div class=\"vce-row-content\" data-vce-element-content=\"true\"><\/p>\n<div class=\"vce-col vce-col--md-auto vce-col--xs-1 vce-col--xs-last vce-col--xs-first vce-col--sm-last vce-col--sm-first vce-col--md-last vce-col--lg-last vce-col--xl-last vce-col--md-first vce-col--lg-first vce-col--xl-first\" id=\"el-e0e14509\">\n<div class=\"vce-col-inner\" data-vce-do-apply=\"border margin background el-e0e14509\">\n<div class=\"vce-col-content\" data-vce-element-content=\"true\" data-vce-do-apply=\"padding el-e0e14509\"><\/p>\n<div class=\"vce-text-block reduccion-titulo\">\n<div class=\"vce-text-block-wrapper vce\" id=\"el-c91069a5\" data-vce-do-apply=\"all el-c91069a5\">\n<h1 style=\"text-align: center;\"><strong>Cours en ligne d'introduction \u00e0 la th\u00e9rapie par le bois relaxant<\/strong><\/h1>\n<\/div>\n<\/div>\n<p><\/div>\n<\/div>\n<\/div>\n<p><\/div>\n<\/div>\n<\/div>\n<p><\/p>\n<div class=\"vce-row-container\" data-vce-boxed-width=\"true\">\n<div class=\"vce-row vce-row--col-gap-30 vce-row-equal-height vce-row-content--top\" id=\"el-6cd9c649\" data-vce-do-apply=\"all el-6cd9c649\">\n<div class=\"vce-row-content\" data-vce-element-content=\"true\"><\/p>\n<div class=\"vce-col vce-col--md-auto vce-col--xs-1 vce-col--xs-last vce-col--xs-first vce-col--sm-last vce-col--sm-first vce-col--md-last vce-col--lg-last vce-col--xl-last vce-col--md-first vce-col--lg-first vce-col--xl-first\" id=\"el-4968b980\">\n<div class=\"vce-col-inner\" data-vce-do-apply=\"border margin background el-4968b980\">\n<div class=\"vce-col-content\" data-vce-element-content=\"true\" data-vce-do-apply=\"padding el-4968b980\"><\/p>\n<div class=\"vce-vim-video-player vce-vim-video-player--align-center vce-vim-video-player--size-1280x720\">\n<div class=\"vce vce-vim-video-player-wrapper\" id=\"el-9acb0f81\" data-vce-do-apply=\"all el-9acb0f81\" style=\"width: 1280px;\">\n<div class=\"vce-vim-video-player-inner\"><iframe class=\"vce-vim-video-player-iframe\" src=\"\/\/player.vimeo.com\/video\/631789897?autopause=0&amp;autoplay=0&amp;muted=0&amp;color=00adef&amp;loop=0\" frameborder=\"0\" allowfullscreen=\"true\" title=\"Vid\u00e9o Vimeo\"><\/iframe><\/div>\n<\/div>\n<\/div>\n<p><\/p>\n<div class=\"vce-text-block\">\n<div class=\"vce-text-block-wrapper vce\" id=\"el-b26c476a\" data-vce-do-apply=\"all el-b26c476a\">\n<p style=\"text-align: center;\">Laissez-moi vos questions et commentaires dans le chat WhatsApp et je vous r\u00e9pondrai d\u00e8s que possible.<\/p>\n<\/div>\n<\/div>\n<p><\/div>\n<\/div>\n<\/div>\n<p><\/div>\n<\/div>\n<\/div>\n<p><\/p>\n<div class=\"vce-row-container\" data-vce-boxed-width=\"true\">\n<div class=\"vce-row vce-row--col-gap-30 vce-row-equal-height vce-row-content--top\" id=\"el-9a135c0a\" data-vce-do-apply=\"all el-9a135c0a\">\n<div class=\"vce-row-content\" data-vce-element-content=\"true\"><\/p>\n<div class=\"vce-col vce-col--md-auto vce-col--xs-1 vce-col--xs-last vce-col--xs-first vce-col--sm-last vce-col--sm-first vce-col--md-last vce-col--lg-last vce-col--xl-last vce-col--md-first vce-col--lg-first vce-col--xl-first\" id=\"el-087ca8b1\">\n<div class=\"vce-col-inner\" data-vce-do-apply=\"border margin background el-087ca8b1\">\n<div class=\"vce-col-content\" data-vce-element-content=\"true\" data-vce-do-apply=\"padding el-087ca8b1\"><\/p>\n<div class=\"vce-raw-html\">\n<div class=\"vce-raw-html-wrapper\" id=\"el-f725adc4\" data-vce-do-apply=\"all el-f725adc4\">\n<div id=\"fb-root\"><\/div>\n<p><script async=\"\" defer crossorigin=\"anonymous\" src=\"https:\/\/connect.facebook.net\/pt_BR\/sdk.js#xfbml=1&amp;version=v17.0&amp;appId=184228626269271&amp;autoLogAppEvents=1\" nonce=\"STkRkyhp\"><\/script><\/p>\n<div class=\"fb-comments\" data-href=\"https:\/\/maderoterapiaonline.org?p=21347\" data-width=\"100%\" data-numposts=\"5\"><\/div>\n<\/div>\n<\/div>\n<p><\/div>\n<\/div>\n<\/div>\n<p><\/div>\n<\/div>\n<\/div>\n<p><\/p>\n","protected":false},"excerpt":{"rendered":"<p>Cours en ligne d&rsquo;introduction \u00e0 la th\u00e9rapie par le bois relaxant Laissez-moi vos questions et commentaires dans le chat WhatsApp et je vous r\u00e9pondrai d\u00e8s que possible.<\/p>\n","protected":false},"author":1,"featured_media":0,"parent":0,"menu_order":0,"comment_status":"closed","ping_status":"closed","template":"","meta":{"content-type":"","footnotes":""},"class_list":["post-42362","page","type-page","status-publish","hentry"],"yoast_head":"<!-- This site is optimized with the Yoast SEO plugin v27.2 - https:\/\/yoast.com\/product\/yoast-seo-wordpress\/ -->\n<title>Cours en ligne d&#039;initiation \u00e0 la th\u00e9rapie par le bois relaxant - Maderoterapia Online<\/title>\n<meta name=\"robots\" content=\"noindex, follow\" \/>\n<meta property=\"og:locale\" content=\"fr_FR\" \/>\n<meta property=\"og:type\" content=\"article\" \/>\n<meta property=\"og:title\" content=\"Cours en ligne d&#039;initiation \u00e0 la th\u00e9rapie par le bois relaxant - Maderoterapia Online\" \/>\n<meta property=\"og:description\" content=\"Cours en ligne d&#039;introduction \u00e0 la th\u00e9rapie par le bois relaxant Laissez-moi vos questions et commentaires dans le chat WhatsApp et je vous r\u00e9pondrai d\u00e8s que possible.\" \/>\n<meta property=\"og:url\" content=\"https:\/\/maderoterapiaonline.org\/fr\/cours-en-ligne-dinitiation-a-la-therapie-par-le-bois-relaxant\/\" \/>\n<meta property=\"og:site_name\" content=\"Maderoterapia Online\" \/>\n<meta property=\"article:modified_time\" content=\"2023-10-16T12:35:59+00:00\" \/>\n<meta name=\"twitter:card\" content=\"summary_large_image\" \/>\n<script type=\"application\/ld+json\" class=\"yoast-schema-graph\">{\"@context\":\"https:\/\/schema.org\",\"@graph\":[{\"@type\":\"WebPage\",\"@id\":\"https:\/\/maderoterapiaonline.org\/fr\/cours-en-ligne-dinitiation-a-la-therapie-par-le-bois-relaxant\/\",\"url\":\"https:\/\/maderoterapiaonline.org\/fr\/cours-en-ligne-dinitiation-a-la-therapie-par-le-bois-relaxant\/\",\"name\":\"Cours en ligne d'initiation \u00e0 la th\u00e9rapie par le bois relaxant - Maderoterapia Online\",\"isPartOf\":{\"@id\":\"https:\/\/maderoterapiaonline.org\/fr\/#website\"},\"datePublished\":\"2023-06-06T03:28:33+00:00\",\"dateModified\":\"2023-10-16T12:35:59+00:00\",\"breadcrumb\":{\"@id\":\"https:\/\/maderoterapiaonline.org\/fr\/cours-en-ligne-dinitiation-a-la-therapie-par-le-bois-relaxant\/#breadcrumb\"},\"inLanguage\":\"fr-FR\",\"potentialAction\":[{\"@type\":\"ReadAction\",\"target\":[\"https:\/\/maderoterapiaonline.org\/fr\/cours-en-ligne-dinitiation-a-la-therapie-par-le-bois-relaxant\/\"]}]},{\"@type\":\"BreadcrumbList\",\"@id\":\"https:\/\/maderoterapiaonline.org\/fr\/cours-en-ligne-dinitiation-a-la-therapie-par-le-bois-relaxant\/#breadcrumb\",\"itemListElement\":[{\"@type\":\"ListItem\",\"position\":1,\"name\":\"Portada\",\"item\":\"https:\/\/maderoterapiaonline.org\/fr\/\"},{\"@type\":\"ListItem\",\"position\":2,\"name\":\"Cours en ligne d&#8217;initiation \u00e0 la th\u00e9rapie par le bois relaxant\"}]},{\"@type\":\"WebSite\",\"@id\":\"https:\/\/maderoterapiaonline.org\/fr\/#website\",\"url\":\"https:\/\/maderoterapiaonline.org\/fr\/\",\"name\":\"Maderoterapia Online\",\"description\":\"Compra tu kit de Maderoterapia Profesional. Env\u00edos 24\/48h. Atenci\u00f3n al cliente por profesionales Maderoterapeutas\",\"publisher\":{\"@id\":\"https:\/\/maderoterapiaonline.org\/fr\/#organization\"},\"alternateName\":\"Maderoterapiaonline.org\",\"potentialAction\":[{\"@type\":\"SearchAction\",\"target\":{\"@type\":\"EntryPoint\",\"urlTemplate\":\"https:\/\/maderoterapiaonline.org\/fr\/?s={search_term_string}\"},\"query-input\":{\"@type\":\"PropertyValueSpecification\",\"valueRequired\":true,\"valueName\":\"search_term_string\"}}],\"inLanguage\":\"fr-FR\"},{\"@type\":\"Organization\",\"@id\":\"https:\/\/maderoterapiaonline.org\/fr\/#organization\",\"name\":\"Maderoterapia Est\u00e9tica Espa\u00f1a \u2013 Dori L\u00f3pez\u00ae y Escuela Profesional Maderoterapia Online\u00ae.\",\"url\":\"https:\/\/maderoterapiaonline.org\/fr\/\",\"logo\":{\"@type\":\"ImageObject\",\"inLanguage\":\"fr-FR\",\"@id\":\"https:\/\/maderoterapiaonline.org\/fr\/#\/schema\/logo\/image\/\",\"url\":\"https:\/\/maderoterapiaonline.org\/wp-content\/uploads\/2025\/03\/Logo-M-1.png\",\"contentUrl\":\"https:\/\/maderoterapiaonline.org\/wp-content\/uploads\/2025\/03\/Logo-M-1.png\",\"width\":1464,\"height\":1051,\"caption\":\"Maderoterapia Est\u00e9tica Espa\u00f1a \u2013 Dori L\u00f3pez\u00ae y Escuela Profesional Maderoterapia Online\u00ae.\"},\"image\":{\"@id\":\"https:\/\/maderoterapiaonline.org\/fr\/#\/schema\/logo\/image\/\"}}]}<\/script>\n<!-- \/ Yoast SEO plugin. -->","yoast_head_json":{"title":"Cours en ligne d'initiation \u00e0 la th\u00e9rapie par le bois relaxant - Maderoterapia Online","robots":{"index":"noindex","follow":"follow"},"og_locale":"fr_FR","og_type":"article","og_title":"Cours en ligne d'initiation \u00e0 la th\u00e9rapie par le bois relaxant - Maderoterapia Online","og_description":"Cours en ligne d'introduction \u00e0 la th\u00e9rapie par le bois relaxant Laissez-moi vos questions et commentaires dans le chat WhatsApp et je vous r\u00e9pondrai d\u00e8s que possible.","og_url":"https:\/\/maderoterapiaonline.org\/fr\/cours-en-ligne-dinitiation-a-la-therapie-par-le-bois-relaxant\/","og_site_name":"Maderoterapia Online","article_modified_time":"2023-10-16T12:35:59+00:00","twitter_card":"summary_large_image","schema":{"@context":"https:\/\/schema.org","@graph":[{"@type":"WebPage","@id":"https:\/\/maderoterapiaonline.org\/fr\/cours-en-ligne-dinitiation-a-la-therapie-par-le-bois-relaxant\/","url":"https:\/\/maderoterapiaonline.org\/fr\/cours-en-ligne-dinitiation-a-la-therapie-par-le-bois-relaxant\/","name":"Cours en ligne d'initiation \u00e0 la th\u00e9rapie par le bois relaxant - Maderoterapia Online","isPartOf":{"@id":"https:\/\/maderoterapiaonline.org\/fr\/#website"},"datePublished":"2023-06-06T03:28:33+00:00","dateModified":"2023-10-16T12:35:59+00:00","breadcrumb":{"@id":"https:\/\/maderoterapiaonline.org\/fr\/cours-en-ligne-dinitiation-a-la-therapie-par-le-bois-relaxant\/#breadcrumb"},"inLanguage":"fr-FR","potentialAction":[{"@type":"ReadAction","target":["https:\/\/maderoterapiaonline.org\/fr\/cours-en-ligne-dinitiation-a-la-therapie-par-le-bois-relaxant\/"]}]},{"@type":"BreadcrumbList","@id":"https:\/\/maderoterapiaonline.org\/fr\/cours-en-ligne-dinitiation-a-la-therapie-par-le-bois-relaxant\/#breadcrumb","itemListElement":[{"@type":"ListItem","position":1,"name":"Portada","item":"https:\/\/maderoterapiaonline.org\/fr\/"},{"@type":"ListItem","position":2,"name":"Cours en ligne d&#8217;initiation \u00e0 la th\u00e9rapie par le bois relaxant"}]},{"@type":"WebSite","@id":"https:\/\/maderoterapiaonline.org\/fr\/#website","url":"https:\/\/maderoterapiaonline.org\/fr\/","name":"Maderoterapia Online","description":"Compra tu kit de Maderoterapia Profesional. Env\u00edos 24\/48h. Atenci\u00f3n al cliente por profesionales Maderoterapeutas","publisher":{"@id":"https:\/\/maderoterapiaonline.org\/fr\/#organization"},"alternateName":"Maderoterapiaonline.org","potentialAction":[{"@type":"SearchAction","target":{"@type":"EntryPoint","urlTemplate":"https:\/\/maderoterapiaonline.org\/fr\/?s={search_term_string}"},"query-input":{"@type":"PropertyValueSpecification","valueRequired":true,"valueName":"search_term_string"}}],"inLanguage":"fr-FR"},{"@type":"Organization","@id":"https:\/\/maderoterapiaonline.org\/fr\/#organization","name":"Maderoterapia Est\u00e9tica Espa\u00f1a \u2013 Dori L\u00f3pez\u00ae y Escuela Profesional Maderoterapia Online\u00ae.","url":"https:\/\/maderoterapiaonline.org\/fr\/","logo":{"@type":"ImageObject","inLanguage":"fr-FR","@id":"https:\/\/maderoterapiaonline.org\/fr\/#\/schema\/logo\/image\/","url":"https:\/\/maderoterapiaonline.org\/wp-content\/uploads\/2025\/03\/Logo-M-1.png","contentUrl":"https:\/\/maderoterapiaonline.org\/wp-content\/uploads\/2025\/03\/Logo-M-1.png","width":1464,"height":1051,"caption":"Maderoterapia Est\u00e9tica Espa\u00f1a \u2013 Dori L\u00f3pez\u00ae y Escuela Profesional Maderoterapia Online\u00ae."},"image":{"@id":"https:\/\/maderoterapiaonline.org\/fr\/#\/schema\/logo\/image\/"}}]}},"_links":{"self":[{"href":"https:\/\/maderoterapiaonline.org\/fr\/wp-json\/wp\/v2\/pages\/42362","targetHints":{"allow":["GET"]}}],"collection":[{"href":"https:\/\/maderoterapiaonline.org\/fr\/wp-json\/wp\/v2\/pages"}],"about":[{"href":"https:\/\/maderoterapiaonline.org\/fr\/wp-json\/wp\/v2\/types\/page"}],"author":[{"embeddable":true,"href":"https:\/\/maderoterapiaonline.org\/fr\/wp-json\/wp\/v2\/users\/1"}],"replies":[{"embeddable":true,"href":"https:\/\/maderoterapiaonline.org\/fr\/wp-json\/wp\/v2\/comments?post=42362"}],"version-history":[{"count":0,"href":"https:\/\/maderoterapiaonline.org\/fr\/wp-json\/wp\/v2\/pages\/42362\/revisions"}],"wp:attachment":[{"href":"https:\/\/maderoterapiaonline.org\/fr\/wp-json\/wp\/v2\/media?parent=42362"}],"curies":[{"name":"wp","href":"https:\/\/api.w.org\/{rel}","templated":true}]}}