{"id":42359,"date":"2023-04-28T07:50:23","date_gmt":"2023-04-28T05:50:23","guid":{"rendered":"https:\/\/maderoterapiaonline.org\/livres\/"},"modified":"2023-10-16T14:35:59","modified_gmt":"2023-10-16T12:35:59","slug":"livres","status":"publish","type":"page","link":"https:\/\/maderoterapiaonline.org\/fr\/livres\/","title":{"rendered":"Livres"},"content":{"rendered":"<p><\/p>\n<div class=\"vce-row-container\" data-vce-boxed-width=\"true\">\n<div class=\"vce-row vce-row--col-gap-30 vce-row-equal-height vce-row-content--top\" id=\"el-f0bd3c1b\" data-vce-do-apply=\"all el-f0bd3c1b\">\n<div class=\"vce-row-content\" data-vce-element-content=\"true\"><\/p>\n<div class=\"vce-col vce-col--md-auto vce-col--xs-1 vce-col--xs-last vce-col--xs-first vce-col--sm-last vce-col--sm-first vce-col--md-last vce-col--lg-last vce-col--xl-last vce-col--md-first vce-col--lg-first vce-col--xl-first\" id=\"el-30ce6625\">\n<div class=\"vce-col-inner\" data-vce-do-apply=\"border margin background el-30ce6625\">\n<div class=\"vce-col-content\" data-vce-element-content=\"true\" data-vce-do-apply=\"padding el-30ce6625\"><\/p>\n<div class=\"vce-raw-html\">\n<div class=\"vce-raw-html-wrapper\" id=\"el-f8a059a4\" data-vce-do-apply=\"all el-f8a059a4\">\n<div class=\"espaciador\"><\/div>\n<\/div>\n<\/div>\n<p><\/p>\n<div class=\"vce-text-block\">\n<div class=\"vce-text-block-wrapper vce\" id=\"el-336cde16\" data-vce-do-apply=\"all el-336cde16\">\n<h1>Livre des th\u00e9rapies du bois<\/h1>\n<\/div>\n<\/div>\n<p><\/div>\n<\/div>\n<\/div>\n<p><\/div>\n<\/div>\n<\/div>\n<p><\/p>\n<div class=\"vce-row-container\" data-vce-boxed-width=\"true\">\n<div class=\"vce-row vce-row--col-gap-30 vce-row-equal-height vce-row-content--top\" id=\"el-b59f4cb3\" data-vce-do-apply=\"all el-b59f4cb3\">\n<div class=\"vce-row-content\" data-vce-element-content=\"true\"><\/p>\n<div class=\"vce-col vce-col--md-auto vce-col--xs-1 vce-col--xs-last vce-col--xs-first vce-col--sm-last vce-col--sm-first vce-col--md-last vce-col--lg-last vce-col--xl-last vce-col--md-first vce-col--lg-first vce-col--xl-first\" id=\"el-1e44d062\">\n<div class=\"vce-col-inner\" data-vce-do-apply=\"border margin background el-1e44d062\">\n<div class=\"vce-col-content\" data-vce-element-content=\"true\" data-vce-do-apply=\"padding el-1e44d062\"><\/p>\n<div class=\"vce-shortcode\">\n<div class=\"vce-shortcode-wrapper vce\" id=\"el-e8cdc07c\" data-vce-do-apply=\"all el-e8cdc07c\"><div class=\"woocommerce columns-3 \"><\/div><\/div>\n<\/div>\n<p><\/div>\n<\/div>\n<\/div>\n<p><\/div>\n<\/div>\n<\/div>\n<p><\/p>\n<div class=\"vce-row-container\" data-vce-boxed-width=\"true\">\n<div class=\"vce-row vce-row--col-gap-30 vce-row-equal-height vce-row-content--top\" id=\"el-46465c5a\" data-vce-do-apply=\"all el-46465c5a\">\n<div class=\"vce-content-background-container\"><\/div>\n<div class=\"vce-row-content\" data-vce-element-content=\"true\"><\/p>\n<div class=\"vce-col vce-col--md-25p vce-col--xs-1 vce-col--xs-last vce-col--xs-first vce-col--sm-last vce-col--sm-first vce-col--md-first vce-col--lg-first vce-col--xl-first\" id=\"el-b4ec10a8\">\n<div class=\"vce-col-inner\" data-vce-do-apply=\"border margin background el-b4ec10a8\">\n<div class=\"vce-col-content\" data-vce-element-content=\"true\" data-vce-do-apply=\"padding el-b4ec10a8\">\n<div><\/div><\/div>\n<\/div>\n<\/div>\n<p><\/p>\n<div class=\"vce-col vce-col--md-50p vce-col--xs-1 vce-col--xs-last vce-col--xs-first vce-col--sm-last vce-col--sm-first\" id=\"el-956fb4d9\">\n<div class=\"vce-col-inner\" data-vce-do-apply=\"border margin background el-956fb4d9\">\n<div class=\"vce-content-background-container\"><\/div>\n<div class=\"vce-col-content\" data-vce-element-content=\"true\" data-vce-do-apply=\"padding el-956fb4d9\"><\/p>\n<div class=\"vce-text-block\">\n<div class=\"vce-text-block-wrapper vce\" id=\"el-d301922b\" data-vce-do-apply=\"all el-d301922b\">\n<h3 style=\"text-align: center;\">Acc\u00e8s \u00e0 notre communaut\u00e9 priv\u00e9e de professionnels de la th\u00e9rapie par le bois<\/h3>\n<\/div>\n<\/div>\n<p><\/p>\n<div class=\"vce-button--style-basic-container vce-button--style-basic-container--align-center\"><span class=\"vce-button--style-basic-wrapper vce\" id=\"el-5c357839\" data-vce-do-apply=\"margin el-5c357839\"><a class=\"vce-button vce-button--style-basic vce-button--style-basic--border-round vce-button--style-basic--size-medium vce-button--style-basic--color-557cbf--fff\" href=\"https:\/\/www.facebook.com\/groups\/maderoterapiaonline\/\" title=\"\" target=\"_blank\" data-vce-do-apply=\"padding border background el-5c357839\" rel=\"noopener\">S'inscrire gratuitement<\/a><\/span><\/div>\n<p><\/div>\n<\/div>\n<\/div>\n<p><\/p>\n<div class=\"vce-col vce-col--md-25p vce-col--xs-1 vce-col--xs-last vce-col--xs-first vce-col--sm-last vce-col--sm-first vce-col--md-last vce-col--lg-last vce-col--xl-last\" id=\"el-01438ee6\">\n<div class=\"vce-col-inner\" data-vce-do-apply=\"border margin background el-01438ee6\">\n<div class=\"vce-col-content\" data-vce-element-content=\"true\" data-vce-do-apply=\"padding el-01438ee6\">\n<div><\/div><\/div>\n<\/div>\n<\/div>\n<p><\/div>\n<\/div>\n<\/div>\n<p><\/p>\n<div class=\"vce-row-container\" data-vce-boxed-width=\"true\">\n<div class=\"vce-row vce-row--col-gap-30 vce-row-equal-height vce-row-content--top\" id=\"el-6c5808b2\" data-vce-do-apply=\"all el-6c5808b2\">\n<div class=\"vce-row-content\" data-vce-element-content=\"true\"><\/p>\n<div class=\"vce-col vce-col--md-auto vce-col--xs-1 vce-col--xs-last vce-col--xs-first vce-col--sm-last vce-col--sm-first vce-col--md-last vce-col--lg-last vce-col--xl-last vce-col--md-first vce-col--lg-first vce-col--xl-first\" id=\"el-b14bb67e\">\n<div class=\"vce-col-inner\" data-vce-do-apply=\"border margin background el-b14bb67e\">\n<div class=\"vce-col-content\" data-vce-element-content=\"true\" data-vce-do-apply=\"padding el-b14bb67e\"><\/p>\n<div class=\"vce-row-container\" data-vce-boxed-width=\"true\">\n<div class=\"vce-row vce-row--col-gap-30 vce-row-equal-height vce-row-content--top\" id=\"el-199bbbae\" data-vce-do-apply=\"all el-199bbbae\">\n<div class=\"vce-row-content\" data-vce-element-content=\"true\"><\/p>\n<div class=\"vce-col vce-col--md-auto vce-col--xs-1 vce-col--xs-last vce-col--xs-first vce-col--sm-last vce-col--sm-first vce-col--md-last vce-col--lg-last vce-col--xl-last vce-col--md-first vce-col--lg-first vce-col--xl-first\" id=\"el-48f2b553\">\n<div class=\"vce-col-inner\" data-vce-do-apply=\"border margin background el-48f2b553\">\n<div class=\"vce-col-content\" data-vce-element-content=\"true\" data-vce-do-apply=\"padding el-48f2b553\"><\/p>\n<div class=\"vce-raw-html\">\n<div class=\"vce-raw-html-wrapper\" id=\"el-bf2a0002\" data-vce-do-apply=\"all el-bf2a0002\">\n<div class=\"espaciador\"><\/div>\n<\/div>\n<\/div>\n<p><\/div>\n<\/div>\n<\/div>\n<p><\/div>\n<\/div>\n<\/div>\n<p><\/div>\n<\/div>\n<\/div>\n<p><\/div>\n<\/div>\n<\/div>\n<p><\/p>\n<div class=\"vce-row-container\" data-vce-boxed-width=\"true\">\n<div class=\"vce-row vce-row--col-gap-30 vce-row-equal-height vce-row-content--top\" id=\"el-66eae975\" data-vce-do-apply=\"all el-66eae975\">\n<div class=\"vce-row-content\" data-vce-element-content=\"true\"><\/p>\n<div class=\"vce-col vce-col--md-auto vce-col--xs-1 vce-col--xs-last vce-col--xs-first vce-col--sm-last vce-col--sm-first vce-col--md-first vce-col--lg-first vce-col--xl-first\" id=\"el-d0ad6d99\">\n<div class=\"vce-col-inner\" data-vce-do-apply=\"border margin background el-d0ad6d99\">\n<div class=\"vce-col-content\" data-vce-element-content=\"true\" data-vce-do-apply=\"padding el-d0ad6d99\"><\/p>\n<div class=\"vce-text-block\">\n<div class=\"vce-text-block-wrapper vce\" id=\"el-7532150e\" data-vce-do-apply=\"all el-7532150e\">\n<h2>Le premier livre au monde sur la th\u00e9rapie esth\u00e9tique du bois<\/h2>\n<p>Si votre objectif est de tout savoir sur la technique de la th\u00e9rapie par le bois, vous le trouverez dans ce livre. Ax\u00e9 sur la th\u00e9rapie du bois appliqu\u00e9e \u00e0 l'esth\u00e9tique corporelle, faciale, anticellulite et mammaire.<\/p>\n<p>Destin\u00e9 aux professionnels du massage r\u00e9ducteur, aux esth\u00e9ticiennes ou aux personnes qui souhaitent apprendre une nouvelle fa\u00e7on de faire de l'esth\u00e9tique naturelle \u00e0 travers les \u00e9l\u00e9ments en bois que la nature nous offre.<\/p>\n<\/div>\n<\/div>\n<p><\/p>\n<div class=\"vce-text-block\">\n<div class=\"vce-text-block-wrapper vce\" id=\"el-5a812493\" data-vce-do-apply=\"all el-5a812493\">\n<p>Gr\u00e2ce \u00e0 sa grande exp\u00e9rience dans le domaine, \u00e0 sa formation, \u00e0 ses \u00e9tudes, \u00e0 ses recherches, \u00e0 ses essais et \u00e0 ses erreurs, l'auteur Dori L\u00f3pez a mis au point un syst\u00e8me d'application de la technique, \u00e9tape par \u00e9tape, afin d'obtenir les meilleurs r\u00e9sultats. Elle a r\u00e9ussi \u00e0 structurer le contenu de cet ouvrage de mani\u00e8re claire et facile \u00e0 lire, avec des photographies et des illustrations qui enrichissent l'exp\u00e9rience du lecteur.<\/p>\n<\/div>\n<\/div>\n<p><\/div>\n<\/div>\n<\/div>\n<p><\/p>\n<div class=\"vce-col vce-col--md-auto vce-col--xs-1 vce-col--xs-last vce-col--xs-first vce-col--sm-last vce-col--sm-first vce-col--md-last vce-col--lg-last vce-col--xl-last\" id=\"el-cbffdb40\">\n<div class=\"vce-col-inner\" data-vce-do-apply=\"border margin background el-cbffdb40\">\n<div class=\"vce-col-content\" data-vce-element-content=\"true\" data-vce-do-apply=\"padding el-cbffdb40\"><\/p>\n<div class=\"vce-single-image-container vce-single-image--align-center\">\n<div class=\"vce vce-single-image-wrapper\" id=\"el-f015fa63\" data-vce-do-apply=\"all el-f015fa63\">\n<figure>\n<div class=\"vce-single-image-figure-inner\" style=\"width: 631px;\">\n<div class=\"vce-single-image-inner vce-single-image--absolute\" style=\"width: 100%; padding-bottom: 123.93%;\"><img decoding=\"async\" class=\"vce-single-image\" src=\"https:\/\/maderoterapiaonline.org\/wp-content\/uploads\/2023\/04\/Group-837.png\" data-img-src=\"https:\/\/maderoterapiaonline.org\/wp-content\/uploads\/2023\/04\/Group-837.png\" data-attachment-id=\"180\" alt=\"\" title=\"Groupe-837\"><\/div>\n<\/div><figcaption hidden=\"\"><\/figcaption><\/figure>\n<\/div>\n<\/div>\n<p><\/div>\n<\/div>\n<\/div>\n<p><\/div>\n<\/div>\n<\/div>\n<p><\/p>\n<div class=\"vce-row-container\" data-vce-boxed-width=\"true\">\n<div class=\"vce-row vce-row--col-gap-30 vce-row-equal-height vce-row-content--top\" id=\"el-b3291967\" data-vce-do-apply=\"all el-b3291967\">\n<div class=\"vce-row-content\" data-vce-element-content=\"true\"><\/p>\n<div class=\"vce-col vce-col--md-auto vce-col--xs-1 vce-col--xs-last vce-col--xs-first vce-col--sm-last vce-col--sm-first vce-col--md-last vce-col--lg-last vce-col--xl-last vce-col--md-first vce-col--lg-first vce-col--xl-first\" id=\"el-54e9dad6\">\n<div class=\"vce-col-inner\" data-vce-do-apply=\"border margin background el-54e9dad6\">\n<div class=\"vce-col-content\" data-vce-element-content=\"true\" data-vce-do-apply=\"padding el-54e9dad6\"><\/p>\n<div class=\"vce-row-container\" data-vce-boxed-width=\"true\">\n<div class=\"vce-row vce-row--col-gap-30 vce-row-equal-height vce-row-content--top\" id=\"el-bc052ccc\" data-vce-do-apply=\"all el-bc052ccc\">\n<div class=\"vce-row-content\" data-vce-element-content=\"true\"><\/p>\n<div class=\"vce-col vce-col--md-auto vce-col--xs-1 vce-col--xs-last vce-col--xs-first vce-col--sm-last vce-col--sm-first vce-col--md-last vce-col--lg-last vce-col--xl-last vce-col--md-first vce-col--lg-first vce-col--xl-first\" id=\"el-2f823f99\">\n<div class=\"vce-col-inner\" data-vce-do-apply=\"border margin background el-2f823f99\">\n<div class=\"vce-col-content\" data-vce-element-content=\"true\" data-vce-do-apply=\"padding el-2f823f99\"><\/p>\n<div class=\"vce-raw-html\">\n<div class=\"vce-raw-html-wrapper\" id=\"el-b1b6007d\" data-vce-do-apply=\"all el-b1b6007d\">\n<div class=\"espaciador\"><\/div>\n<\/div>\n<\/div>\n<p><\/div>\n<\/div>\n<\/div>\n<p><\/div>\n<\/div>\n<\/div>\n<p><\/p>\n<div class=\"vce-text-block\">\n<div class=\"vce-text-block-wrapper vce\" id=\"el-d37d8c23\" data-vce-do-apply=\"all el-d37d8c23\">\n<h2>Qu'allez-vous apprendre dans le livre sur la th\u00e9rapie du bois ?<\/h2>\n<p>Dans ce livre, vous d\u00e9couvrirez l'origine, les contre-indications, la nomenclature des bois, l'anatomie et les fondements des r\u00e9sultats de la th\u00e9rapie par le bois, ainsi que les raisons pour lesquelles cette technique fonctionne.<\/p>\n<p>Nous expliquons en d\u00e9tail tous les aspects importants de la th\u00e9rapie par le bois pour le corps, la th\u00e9rapie par le bois anticellulite, la th\u00e9rapie par le bois pour le visage et la th\u00e9rapie par le bois pour le buste, ainsi que les avantages implicites de chaque technique.<\/p>\n<p>Vous apprendrez \u00e9galement quels types de produits naturels combiner lors d'une s\u00e9ance de th\u00e9rapie par le bois, la posturologie correcte pour ne pas surcharger le dos ou les bras, comment d\u00e9marrer l'activation circulatoire, l'application correcte de chaque \u00e9l\u00e9ment en bois sur le corps et la fin du traitement pour optimiser les r\u00e9sultats, le tout d\u00e9crit \u00e0 l'aide d'exemples pratiques.<\/p>\n<p>De plus, \u00e0 l'int\u00e9rieur du livre, vous pouvez acc\u00e9der \u00e0 un cadeau de l'auteur Dori L\u00f3pez qui vous aidera \u00e0 \u00e9largir vos connaissances et \u00e0 perfectionner votre technique.<\/p>\n<p>L'application de la th\u00e9rapie du bois est totalement naturelle, elle permet de vivre un v\u00e9ritable moment de d\u00e9tente avec des r\u00e9sultats \u00e0 la hauteur des meilleurs traitements esth\u00e9tiques qui existent aujourd'hui et qui font appel \u00e0 la technologie la plus innovante, mais dans ce cas \u00e0 travers les forces de la nature.<\/p>\n<p>Si vous \u00eates th\u00e9rapeute en chiromassage ou esth\u00e9ticienne sp\u00e9cialis\u00e9e dans les traitements de r\u00e9duction esth\u00e9tique ou si vous d\u00e9butez dans le monde des traitements corporels, ce livre ne vous d\u00e9cevra pas car il cache tous les secrets qui ont permis \u00e0 l'auteur de devenir une r\u00e9f\u00e9rence dans la technique de la Wood Therapy et ses applications esth\u00e9tiques et elle les partage avec vous dans cette compilation structur\u00e9e de contenus didactiques et frais avec un syst\u00e8me test\u00e9 \u00e0 travers les centaines de cours en ligne et en face-\u00e0-face qu'elle a donn\u00e9s au cours des 4 derni\u00e8res ann\u00e9es.<\/p>\n<p>En g\u00e9n\u00e9ral, si vous \u00eates int\u00e9ress\u00e9(e) par le monde de l'esth\u00e9tique corporelle, anticellulite, faciale et mammaire, nous vous invitons \u00e0 approfondir vos connaissances sur cette technique, vous ne le regretterez pas !<\/p>\n<\/div>\n<\/div>\n<p><\/p>\n<div class=\"vce-raw-html\">\n<div class=\"vce-raw-html-wrapper\" id=\"el-c69f62b6\" data-vce-do-apply=\"all el-c69f62b6\">\n<div class=\"espaciador\"><\/div>\n<\/div>\n<\/div>\n<p><\/div>\n<\/div>\n<\/div>\n<p><\/div>\n<\/div>\n<\/div>\n<p><\/p>\n","protected":false},"excerpt":{"rendered":"<p>Livre des th\u00e9rapies du bois Acc\u00e8s \u00e0 notre communaut\u00e9 priv\u00e9e de professionnels de la th\u00e9rapie par le bois S&rsquo;inscrire gratuitement Le premier livre au monde sur la th\u00e9rapie esth\u00e9tique du bois Si votre objectif est de tout savoir sur la technique de la th\u00e9rapie par le bois, vous le trouverez dans ce livre. Ax\u00e9 sur [&hellip;]<\/p>\n","protected":false},"author":1,"featured_media":0,"parent":0,"menu_order":0,"comment_status":"closed","ping_status":"closed","template":"","meta":{"content-type":"","footnotes":""},"class_list":["post-42359","page","type-page","status-publish","hentry"],"yoast_head":"<!-- This site is optimized with the Yoast SEO plugin v27.2 - https:\/\/yoast.com\/product\/yoast-seo-wordpress\/ -->\n<title>Livres - Maderoterapia Online<\/title>\n<meta name=\"robots\" content=\"index, follow, max-snippet:-1, max-image-preview:large, max-video-preview:-1\" \/>\n<link rel=\"canonical\" href=\"https:\/\/maderoterapiaonline.org\/fr\/livres\/\" \/>\n<meta property=\"og:locale\" content=\"fr_FR\" \/>\n<meta property=\"og:type\" content=\"article\" \/>\n<meta property=\"og:title\" content=\"Livres - Maderoterapia Online\" \/>\n<meta property=\"og:description\" content=\"Livre des th\u00e9rapies du bois Acc\u00e8s \u00e0 notre communaut\u00e9 priv\u00e9e de professionnels de la th\u00e9rapie par le bois S&#039;inscrire gratuitement Le premier livre au monde sur la th\u00e9rapie esth\u00e9tique du bois Si votre objectif est de tout savoir sur la technique de la th\u00e9rapie par le bois, vous le trouverez dans ce livre. Ax\u00e9 sur [&hellip;]\" \/>\n<meta property=\"og:url\" content=\"https:\/\/maderoterapiaonline.org\/fr\/livres\/\" \/>\n<meta property=\"og:site_name\" content=\"Maderoterapia Online\" \/>\n<meta property=\"article:modified_time\" content=\"2023-10-16T12:35:59+00:00\" \/>\n<meta name=\"twitter:card\" content=\"summary_large_image\" \/>\n<meta name=\"twitter:label1\" content=\"Dur\u00e9e de lecture estim\u00e9e\" \/>\n\t<meta name=\"twitter:data1\" content=\"3 minutes\" \/>\n<script type=\"application\/ld+json\" class=\"yoast-schema-graph\">{\"@context\":\"https:\/\/schema.org\",\"@graph\":[{\"@type\":\"WebPage\",\"@id\":\"https:\/\/maderoterapiaonline.org\/fr\/livres\/\",\"url\":\"https:\/\/maderoterapiaonline.org\/fr\/livres\/\",\"name\":\"Livres - Maderoterapia Online\",\"isPartOf\":{\"@id\":\"https:\/\/maderoterapiaonline.org\/fr\/#website\"},\"datePublished\":\"2023-04-28T05:50:23+00:00\",\"dateModified\":\"2023-10-16T12:35:59+00:00\",\"breadcrumb\":{\"@id\":\"https:\/\/maderoterapiaonline.org\/fr\/livres\/#breadcrumb\"},\"inLanguage\":\"fr-FR\",\"potentialAction\":[{\"@type\":\"ReadAction\",\"target\":[\"https:\/\/maderoterapiaonline.org\/fr\/livres\/\"]}]},{\"@type\":\"BreadcrumbList\",\"@id\":\"https:\/\/maderoterapiaonline.org\/fr\/livres\/#breadcrumb\",\"itemListElement\":[{\"@type\":\"ListItem\",\"position\":1,\"name\":\"Portada\",\"item\":\"https:\/\/maderoterapiaonline.org\/fr\/\"},{\"@type\":\"ListItem\",\"position\":2,\"name\":\"Livres\"}]},{\"@type\":\"WebSite\",\"@id\":\"https:\/\/maderoterapiaonline.org\/fr\/#website\",\"url\":\"https:\/\/maderoterapiaonline.org\/fr\/\",\"name\":\"Maderoterapia Online\",\"description\":\"Compra tu kit de Maderoterapia Profesional. Env\u00edos 24\/48h. Atenci\u00f3n al cliente por profesionales Maderoterapeutas\",\"publisher\":{\"@id\":\"https:\/\/maderoterapiaonline.org\/fr\/#organization\"},\"alternateName\":\"Maderoterapiaonline.org\",\"potentialAction\":[{\"@type\":\"SearchAction\",\"target\":{\"@type\":\"EntryPoint\",\"urlTemplate\":\"https:\/\/maderoterapiaonline.org\/fr\/?s={search_term_string}\"},\"query-input\":{\"@type\":\"PropertyValueSpecification\",\"valueRequired\":true,\"valueName\":\"search_term_string\"}}],\"inLanguage\":\"fr-FR\"},{\"@type\":\"Organization\",\"@id\":\"https:\/\/maderoterapiaonline.org\/fr\/#organization\",\"name\":\"Maderoterapia Est\u00e9tica Espa\u00f1a \u2013 Dori L\u00f3pez\u00ae y Escuela Profesional Maderoterapia Online\u00ae.\",\"url\":\"https:\/\/maderoterapiaonline.org\/fr\/\",\"logo\":{\"@type\":\"ImageObject\",\"inLanguage\":\"fr-FR\",\"@id\":\"https:\/\/maderoterapiaonline.org\/fr\/#\/schema\/logo\/image\/\",\"url\":\"https:\/\/maderoterapiaonline.org\/wp-content\/uploads\/2025\/03\/Logo-M-1.png\",\"contentUrl\":\"https:\/\/maderoterapiaonline.org\/wp-content\/uploads\/2025\/03\/Logo-M-1.png\",\"width\":1464,\"height\":1051,\"caption\":\"Maderoterapia Est\u00e9tica Espa\u00f1a \u2013 Dori L\u00f3pez\u00ae y Escuela Profesional Maderoterapia Online\u00ae.\"},\"image\":{\"@id\":\"https:\/\/maderoterapiaonline.org\/fr\/#\/schema\/logo\/image\/\"}}]}<\/script>\n<!-- \/ Yoast SEO plugin. -->","yoast_head_json":{"title":"Livres - Maderoterapia Online","robots":{"index":"index","follow":"follow","max-snippet":"max-snippet:-1","max-image-preview":"max-image-preview:large","max-video-preview":"max-video-preview:-1"},"canonical":"https:\/\/maderoterapiaonline.org\/fr\/livres\/","og_locale":"fr_FR","og_type":"article","og_title":"Livres - Maderoterapia Online","og_description":"Livre des th\u00e9rapies du bois Acc\u00e8s \u00e0 notre communaut\u00e9 priv\u00e9e de professionnels de la th\u00e9rapie par le bois S'inscrire gratuitement Le premier livre au monde sur la th\u00e9rapie esth\u00e9tique du bois Si votre objectif est de tout savoir sur la technique de la th\u00e9rapie par le bois, vous le trouverez dans ce livre. Ax\u00e9 sur [&hellip;]","og_url":"https:\/\/maderoterapiaonline.org\/fr\/livres\/","og_site_name":"Maderoterapia Online","article_modified_time":"2023-10-16T12:35:59+00:00","twitter_card":"summary_large_image","twitter_misc":{"Dur\u00e9e de lecture estim\u00e9e":"3 minutes"},"schema":{"@context":"https:\/\/schema.org","@graph":[{"@type":"WebPage","@id":"https:\/\/maderoterapiaonline.org\/fr\/livres\/","url":"https:\/\/maderoterapiaonline.org\/fr\/livres\/","name":"Livres - Maderoterapia Online","isPartOf":{"@id":"https:\/\/maderoterapiaonline.org\/fr\/#website"},"datePublished":"2023-04-28T05:50:23+00:00","dateModified":"2023-10-16T12:35:59+00:00","breadcrumb":{"@id":"https:\/\/maderoterapiaonline.org\/fr\/livres\/#breadcrumb"},"inLanguage":"fr-FR","potentialAction":[{"@type":"ReadAction","target":["https:\/\/maderoterapiaonline.org\/fr\/livres\/"]}]},{"@type":"BreadcrumbList","@id":"https:\/\/maderoterapiaonline.org\/fr\/livres\/#breadcrumb","itemListElement":[{"@type":"ListItem","position":1,"name":"Portada","item":"https:\/\/maderoterapiaonline.org\/fr\/"},{"@type":"ListItem","position":2,"name":"Livres"}]},{"@type":"WebSite","@id":"https:\/\/maderoterapiaonline.org\/fr\/#website","url":"https:\/\/maderoterapiaonline.org\/fr\/","name":"Maderoterapia Online","description":"Compra tu kit de Maderoterapia Profesional. Env\u00edos 24\/48h. Atenci\u00f3n al cliente por profesionales Maderoterapeutas","publisher":{"@id":"https:\/\/maderoterapiaonline.org\/fr\/#organization"},"alternateName":"Maderoterapiaonline.org","potentialAction":[{"@type":"SearchAction","target":{"@type":"EntryPoint","urlTemplate":"https:\/\/maderoterapiaonline.org\/fr\/?s={search_term_string}"},"query-input":{"@type":"PropertyValueSpecification","valueRequired":true,"valueName":"search_term_string"}}],"inLanguage":"fr-FR"},{"@type":"Organization","@id":"https:\/\/maderoterapiaonline.org\/fr\/#organization","name":"Maderoterapia Est\u00e9tica Espa\u00f1a \u2013 Dori L\u00f3pez\u00ae y Escuela Profesional Maderoterapia Online\u00ae.","url":"https:\/\/maderoterapiaonline.org\/fr\/","logo":{"@type":"ImageObject","inLanguage":"fr-FR","@id":"https:\/\/maderoterapiaonline.org\/fr\/#\/schema\/logo\/image\/","url":"https:\/\/maderoterapiaonline.org\/wp-content\/uploads\/2025\/03\/Logo-M-1.png","contentUrl":"https:\/\/maderoterapiaonline.org\/wp-content\/uploads\/2025\/03\/Logo-M-1.png","width":1464,"height":1051,"caption":"Maderoterapia Est\u00e9tica Espa\u00f1a \u2013 Dori L\u00f3pez\u00ae y Escuela Profesional Maderoterapia Online\u00ae."},"image":{"@id":"https:\/\/maderoterapiaonline.org\/fr\/#\/schema\/logo\/image\/"}}]}},"_links":{"self":[{"href":"https:\/\/maderoterapiaonline.org\/fr\/wp-json\/wp\/v2\/pages\/42359","targetHints":{"allow":["GET"]}}],"collection":[{"href":"https:\/\/maderoterapiaonline.org\/fr\/wp-json\/wp\/v2\/pages"}],"about":[{"href":"https:\/\/maderoterapiaonline.org\/fr\/wp-json\/wp\/v2\/types\/page"}],"author":[{"embeddable":true,"href":"https:\/\/maderoterapiaonline.org\/fr\/wp-json\/wp\/v2\/users\/1"}],"replies":[{"embeddable":true,"href":"https:\/\/maderoterapiaonline.org\/fr\/wp-json\/wp\/v2\/comments?post=42359"}],"version-history":[{"count":0,"href":"https:\/\/maderoterapiaonline.org\/fr\/wp-json\/wp\/v2\/pages\/42359\/revisions"}],"wp:attachment":[{"href":"https:\/\/maderoterapiaonline.org\/fr\/wp-json\/wp\/v2\/media?parent=42359"}],"curies":[{"name":"wp","href":"https:\/\/api.w.org\/{rel}","templated":true}]}}