{"id":42342,"date":"2023-04-27T18:57:02","date_gmt":"2023-04-27T16:57:02","guid":{"rendered":"https:\/\/maderoterapiaonline.org\/politique-de-confidentialite-et-de-protection-des-donnees\/"},"modified":"2025-07-22T15:07:34","modified_gmt":"2025-07-22T13:07:34","slug":"politique-de-confidentialite-et-de-protection-des-donnees","status":"publish","type":"page","link":"https:\/\/maderoterapiaonline.org\/fr\/politique-de-confidentialite-et-de-protection-des-donnees\/","title":{"rendered":"Politique de confidentialit\u00e9 et de protection des donn\u00e9es"},"content":{"rendered":"<div class=\"vce-row-container\" data-vce-boxed-width=\"true\"><div class=\"vce-row vce-row--col-gap-30 vce-row-equal-height vce-row-content--top\" id=\"el-afacd0c8\" data-vce-do-apply=\"all el-afacd0c8\"><div class=\"vce-row-content\" data-vce-element-content=\"true\"><div class=\"vce-col vce-col--md-auto vce-col--xs-1 vce-col--xs-last vce-col--xs-first vce-col--sm-last vce-col--sm-first vce-col--md-last vce-col--lg-last vce-col--xl-last vce-col--md-first vce-col--lg-first vce-col--xl-first\" id=\"el-51c83a3b\"><div class=\"vce-col-inner\" data-vce-do-apply=\"border margin background  el-51c83a3b\"><div class=\"vce-col-content\" data-vce-element-content=\"true\" data-vce-do-apply=\"padding el-51c83a3b\"><div class=\"vce-text-block\"><div class=\"vce-text-block-wrapper vce\" id=\"el-ace12a13\" data-vce-do-apply=\"all el-ace12a13\"><section class=\"elementor-section elementor-top-section elementor-element elementor-element-73c765cf elementor-section-boxed elementor-section-height-default elementor-section-height-default\" data-id=\"73c765cf\" data-element_type=\"section\"><div class=\"elementor-container elementor-column-gap-default\"><div class=\"elementor-row\"><div class=\"elementor-column elementor-col-100 elementor-top-column elementor-element elementor-element-2cbdf4c6\" data-id=\"2cbdf4c6\" data-element_type=\"column\"><div class=\"elementor-column-wrap elementor-element-populated\"><div class=\"elementor-widget-wrap\"><div class=\"elementor-element elementor-element-6567af72 elementor-widget elementor-widget-text-editor\" data-id=\"6567af72\" data-element_type=\"widget\" data-widget_type=\"text-editor.default\"><div class=\"elementor-widget-container\"><div class=\"elementor-text-editor elementor-clearfix\"><section class=\"elementor-section elementor-inner-section elementor-element elementor-element-681abf87 elementor-section-boxed elementor-section-height-default elementor-section-height-default\" data-id=\"681abf87\" data-element_type=\"section\"><div class=\"elementor-container elementor-column-gap-default\"><div class=\"elementor-row\"><div class=\"elementor-column elementor-col-100 elementor-inner-column elementor-element elementor-element-32be9d9f\" data-id=\"32be9d9f\" data-element_type=\"column\"><div class=\"elementor-column-wrap elementor-element-populated\"><div class=\"elementor-widget-wrap\"><div class=\"elementor-element elementor-element-36d32327 elementor-widget elementor-widget-heading\" data-id=\"36d32327\" data-element_type=\"widget\" data-widget_type=\"heading.default\"><div class=\"elementor-widget-container\"><h2 class=\"elementor-heading-title elementor-size-default\">POLITIQUE DE CONFIDENTIALIT\u00c9 ET DE PROTECTION DES DONN\u00c9ES<\/h2><\/div><\/div><\/div><\/div><\/div><\/div><\/div><\/section><p>En tant que responsables de \"Escuela Profesional de Maderoterapia\" et propri\u00e9taires de ce site Web, nous souhaitons vous informer que ce site Web et l'entreprise qui en est \u00e0 l'origine respectent les r\u00e9glementations espagnoles et europ\u00e9ennes en vigueur en mati\u00e8re de protection des donn\u00e9es. Si vous avez besoin de nous contacter, vous pouvez le faire en nous envoyant un courriel \u00e0 <a href=\"mailto:contacto@maderoterapiaonline.org\">contacto@maderoterapiaonline.org<\/a>.<\/p><\/div><\/div><\/div><\/div><\/div><\/div><\/div><\/div><\/section><section class=\"elementor-section elementor-top-section elementor-element elementor-element-1004a2ea elementor-section-boxed elementor-section-height-default elementor-section-height-default\" data-id=\"1004a2ea\" data-element_type=\"section\"><div class=\"elementor-container elementor-column-gap-default\"><div class=\"elementor-row\"><div class=\"elementor-column elementor-col-100 elementor-top-column elementor-element elementor-element-506af8e2\" data-id=\"506af8e2\" data-element_type=\"column\"><div class=\"elementor-column-wrap elementor-element-populated\"><div class=\"elementor-widget-wrap\"><div class=\"elementor-element elementor-element-385f4f0c elementor-widget elementor-widget-heading\" data-id=\"385f4f0c\" data-element_type=\"widget\" data-widget_type=\"heading.default\"><div class=\"elementor-widget-container\"><h3 class=\"elementor-heading-title elementor-size-default\">1- Responsable du traitement des donn\u00e9es personnelles :<\/h3><\/div><\/div><div class=\"elementor-element elementor-element-12539b8 elementor-widget elementor-widget-text-editor\" data-id=\"12539b8\" data-element_type=\"widget\" data-widget_type=\"text-editor.default\"><div class=\"elementor-widget-container\"><div class=\"elementor-text-editor elementor-clearfix\"><ul><li>Nom de l'entreprise : Mercury Investor S.L.<\/li><li>NUM\u00c9RO DE TVA : B42829184<\/li><li>Si\u00e8ge social : Partida de Matola Pol\u00edgono 2, 75, 03296, Elche, Alicante, Espagne<\/li><li>Courriel : <a href=\"mailto:contacto@maderoterapiaonline.org\">\n  <strong>contacto@maderoterapiaonline.org<\/strong>\n<\/a><\/li><li>Activit\u00e9 sociale : massages et commerce en ligne.<\/li><\/ul><\/div><\/div><\/div><\/div><\/div><\/div><\/div><\/div><\/section><section class=\"elementor-section elementor-top-section elementor-element elementor-element-6bf2bcfc elementor-section-boxed elementor-section-height-default elementor-section-height-default\" data-id=\"6bf2bcfc\" data-element_type=\"section\"><div class=\"elementor-container elementor-column-gap-default\"><div class=\"elementor-row\"><div class=\"elementor-column elementor-col-100 elementor-top-column elementor-element elementor-element-1f049e6c\" data-id=\"1f049e6c\" data-element_type=\"column\"><div class=\"elementor-column-wrap elementor-element-populated\"><div class=\"elementor-widget-wrap\"><div class=\"elementor-element elementor-element-5e3b3dac elementor-widget elementor-widget-heading\" data-id=\"5e3b3dac\" data-element_type=\"widget\" data-widget_type=\"heading.default\"><div class=\"elementor-widget-container\"><h3 class=\"elementor-heading-title elementor-size-default\">2- Finalit\u00e9 du traitement des donn\u00e9es \u00e0 caract\u00e8re personnel :<\/h3><\/div><\/div><div class=\"elementor-element elementor-element-31b0977e elementor-widget elementor-widget-text-editor\" data-id=\"31b0977e\" data-element_type=\"widget\" data-widget_type=\"text-editor.default\"><div class=\"elementor-widget-container\"><div class=\"elementor-text-editor elementor-clearfix\"><p>Pour naviguer sur notre site, vous n'avez pas besoin de nous fournir d'informations. Les cas dans lesquels vous nous communiquez vos coordonn\u00e9es sont les suivants :<\/p><ul><li>Lorsque vous vous inscrivez \u00e0 notre bulletin d'information ou sur la liste d'attente pour obtenir des informations sur un cours.<\/li><li>Lorsque vous nous \u00e9crivez via le formulaire de contact.<\/li><li>Lorsque vous nous envoyez un courrier \u00e9lectronique.<\/li><li>Lorsque vous achetez un de nos produits.<\/li><li>Lorsque vous \u00eates notre client, notre fournisseur ou notre partenaire.<\/li><\/ul><p>Dans chaque cas, vos donn\u00e9es peuvent \u00eatre incorpor\u00e9es dans un fichier, dont Mercury Investor S.L. est responsable de la gestion et du traitement. La s\u00e9curit\u00e9 de vos donn\u00e9es est garantie, car nous prenons toutes les mesures de s\u00e9curit\u00e9 n\u00e9cessaires. Nous n'utiliserons ces donn\u00e9es qu'aux fins pour lesquelles vous nous les avez communiqu\u00e9es.<\/p><p>En outre, nous utilisons Google Analytics et Google Ads pour mieux comprendre comment les visiteurs utilisent notre site web et pour am\u00e9liorer nos services. Ces outils peuvent collecter des informations telles que votre localisation g\u00e9ographique, l'appareil utilis\u00e9 pour acc\u00e9der \u00e0 notre site, le temps que vous passez sur notre site et les pages que vous visitez. Google utilise ces informations pour nous fournir des rapports et pour personnaliser la publicit\u00e9 qui vous est pr\u00e9sent\u00e9e sur d'autres sites web. Pour en savoir plus sur l'utilisation de vos donn\u00e9es par Google, <a href=\"https:\/\/policies.google.com\/technologies\/partner-sites\" target=\"_new\">cliquez ici<\/a>.<\/p><\/div><\/div><\/div><\/div><\/div><\/div><\/div><\/div><\/section><section class=\"elementor-section elementor-top-section elementor-element elementor-element-32b82854 elementor-section-boxed elementor-section-height-default elementor-section-height-default\" data-id=\"32b82854\" data-element_type=\"section\"><div class=\"elementor-container elementor-column-gap-default\"><div class=\"elementor-row\"><div class=\"elementor-column elementor-col-100 elementor-top-column elementor-element elementor-element-6f7bdcc7\" data-id=\"6f7bdcc7\" data-element_type=\"column\"><div class=\"elementor-column-wrap elementor-element-populated\"><div class=\"elementor-widget-wrap\"><div class=\"elementor-element elementor-element-2383e1ea elementor-widget elementor-widget-heading\" data-id=\"2383e1ea\" data-element_type=\"widget\" data-widget_type=\"heading.default\"><div class=\"elementor-widget-container\"><h3 class=\"elementor-heading-title elementor-size-default\">3- L\u00e9gitimation :<\/h3><\/div><\/div><div class=\"elementor-element elementor-element-2a31352 elementor-widget elementor-widget-text-editor\" data-id=\"2a31352\" data-element_type=\"widget\" data-widget_type=\"text-editor.default\"><div class=\"elementor-widget-container\"><div class=\"elementor-text-editor elementor-clearfix\"><p>La l\u00e9gitimit\u00e9 de l'utilisation de vos donn\u00e9es personnelles d\u00e9coule exclusivement de votre consentement libre, sp\u00e9cifique, \u00e9clair\u00e9 et sans ambigu\u00eft\u00e9.<\/p><p>Vous avez le droit de retirer votre consentement \u00e0 tout moment.<\/p><\/div><\/div><\/div><\/div><\/div><\/div><\/div><\/div><\/section><section class=\"elementor-section elementor-top-section elementor-element elementor-element-5bb6074 elementor-section-boxed elementor-section-height-default elementor-section-height-default\" data-id=\"5bb6074\" data-element_type=\"section\"><div class=\"elementor-container elementor-column-gap-default\"><div class=\"elementor-row\"><div class=\"elementor-column elementor-col-100 elementor-top-column elementor-element elementor-element-50a661c\" data-id=\"50a661c\" data-element_type=\"column\"><div class=\"elementor-column-wrap elementor-element-populated\"><div class=\"elementor-widget-wrap\"><div class=\"elementor-element elementor-element-1d2d282 elementor-widget elementor-widget-heading\" data-id=\"1d2d282\" data-element_type=\"widget\" data-widget_type=\"heading.default\"><div class=\"elementor-widget-container\"><h3 class=\"elementor-heading-title elementor-size-default\"><strong>4- Conservation des donn\u00e9es :<\/strong><\/h3><\/div><\/div><div class=\"elementor-element elementor-element-106808b elementor-widget elementor-widget-text-editor\" data-id=\"106808b\" data-element_type=\"widget\" data-widget_type=\"text-editor.default\"><div class=\"elementor-widget-container\"><div class=\"elementor-text-editor elementor-clearfix\"><p>Les donn\u00e9es personnelles fournies seront conserv\u00e9es aussi longtemps que durera la relation commerciale entre les deux parties ou jusqu'\u00e0 ce que vous nous demandiez de les supprimer.<\/p><\/div><\/div><\/div><\/div><\/div><\/div><\/div><\/div><\/section><section class=\"elementor-section elementor-top-section elementor-element elementor-element-3203339 elementor-section-boxed elementor-section-height-default elementor-section-height-default\" data-id=\"3203339\" data-element_type=\"section\"><div class=\"elementor-container elementor-column-gap-default\"><div class=\"elementor-row\"><div class=\"elementor-column elementor-col-100 elementor-top-column elementor-element elementor-element-50c42b1\" data-id=\"50c42b1\" data-element_type=\"column\"><div class=\"elementor-column-wrap elementor-element-populated\"><div class=\"elementor-widget-wrap\"><div class=\"elementor-element elementor-element-a4f2a38 elementor-widget elementor-widget-heading\" data-id=\"a4f2a38\" data-element_type=\"widget\" data-widget_type=\"heading.default\"><div class=\"elementor-widget-container\"><h3 class=\"elementor-heading-title elementor-size-default\"><strong>5- Droits :<\/strong><\/h3><\/div><\/div><div class=\"elementor-element elementor-element-f315340 elementor-widget elementor-widget-text-editor\" data-id=\"f315340\" data-element_type=\"widget\" data-widget_type=\"text-editor.default\"><div class=\"elementor-widget-container\"><div class=\"elementor-text-editor elementor-clearfix\"><p>  Vous disposez \u00e0 tout moment d'un droit d'acc\u00e8s, de rectification et de suppression de vos donn\u00e9es, ainsi que d'autres droits, comme expliqu\u00e9 dans les informations compl\u00e9mentaires. Vous pouvez retirer votre consentement \u00e0 tout moment.<\/p><\/div><\/div><\/div><\/div><\/div><\/div><\/div><\/div><\/section><\/div><\/div><\/div><\/div><\/div><\/div><\/div><\/div>\n","protected":false},"excerpt":{"rendered":"<p>POLITIQUE DE CONFIDENTIALIT\u00c9 ET DE PROTECTION DES DONN\u00c9ESEn tant que responsables de \u00ab\u00a0Escuela Profesional de Maderoterapia\u00a0\u00bb et propri\u00e9taires de ce site Web, nous souhaitons vous informer que ce site Web et l&rsquo;entreprise qui en est \u00e0 l&rsquo;origine respectent les r\u00e9glementations espagnoles et europ\u00e9ennes en vigueur en mati\u00e8re de protection des donn\u00e9es. Si vous avez besoin [&hellip;]<\/p>\n","protected":false},"author":1,"featured_media":0,"parent":0,"menu_order":0,"comment_status":"closed","ping_status":"closed","template":"","meta":{"content-type":"","footnotes":""},"class_list":["post-42342","page","type-page","status-publish","hentry"],"yoast_head":"<!-- This site is optimized with the Yoast SEO plugin v27.2 - https:\/\/yoast.com\/product\/yoast-seo-wordpress\/ -->\n<title>Politique de confidentialit\u00e9 et de protection des donn\u00e9es - Maderoterapia Online<\/title>\n<meta name=\"robots\" content=\"index, follow, max-snippet:-1, max-image-preview:large, max-video-preview:-1\" \/>\n<link rel=\"canonical\" href=\"https:\/\/maderoterapiaonline.org\/fr\/politique-de-confidentialite-et-de-protection-des-donnees\/\" \/>\n<meta property=\"og:locale\" content=\"fr_FR\" \/>\n<meta property=\"og:type\" content=\"article\" \/>\n<meta property=\"og:title\" content=\"Politique de confidentialit\u00e9 et de protection des donn\u00e9es - Maderoterapia Online\" \/>\n<meta property=\"og:description\" content=\"POLITIQUE DE CONFIDENTIALIT\u00c9 ET DE PROTECTION DES DONN\u00c9ESEn tant que responsables de &quot;Escuela Profesional de Maderoterapia&quot; et propri\u00e9taires de ce site Web, nous souhaitons vous informer que ce site Web et l&#039;entreprise qui en est \u00e0 l&#039;origine respectent les r\u00e9glementations espagnoles et europ\u00e9ennes en vigueur en mati\u00e8re de protection des donn\u00e9es. Si vous avez besoin [&hellip;]\" \/>\n<meta property=\"og:url\" content=\"https:\/\/maderoterapiaonline.org\/fr\/politique-de-confidentialite-et-de-protection-des-donnees\/\" \/>\n<meta property=\"og:site_name\" content=\"Maderoterapia Online\" \/>\n<meta property=\"article:modified_time\" content=\"2025-07-22T13:07:34+00:00\" \/>\n<meta name=\"twitter:card\" content=\"summary_large_image\" \/>\n<meta name=\"twitter:label1\" content=\"Dur\u00e9e de lecture estim\u00e9e\" \/>\n\t<meta name=\"twitter:data1\" content=\"2 minutes\" \/>\n<script type=\"application\/ld+json\" class=\"yoast-schema-graph\">{\"@context\":\"https:\/\/schema.org\",\"@graph\":[{\"@type\":\"WebPage\",\"@id\":\"https:\/\/maderoterapiaonline.org\/fr\/politique-de-confidentialite-et-de-protection-des-donnees\/\",\"url\":\"https:\/\/maderoterapiaonline.org\/fr\/politique-de-confidentialite-et-de-protection-des-donnees\/\",\"name\":\"Politique de confidentialit\u00e9 et de protection des donn\u00e9es - Maderoterapia Online\",\"isPartOf\":{\"@id\":\"https:\/\/maderoterapiaonline.org\/fr\/#website\"},\"datePublished\":\"2023-04-27T16:57:02+00:00\",\"dateModified\":\"2025-07-22T13:07:34+00:00\",\"breadcrumb\":{\"@id\":\"https:\/\/maderoterapiaonline.org\/fr\/politique-de-confidentialite-et-de-protection-des-donnees\/#breadcrumb\"},\"inLanguage\":\"fr-FR\",\"potentialAction\":[{\"@type\":\"ReadAction\",\"target\":[\"https:\/\/maderoterapiaonline.org\/fr\/politique-de-confidentialite-et-de-protection-des-donnees\/\"]}]},{\"@type\":\"BreadcrumbList\",\"@id\":\"https:\/\/maderoterapiaonline.org\/fr\/politique-de-confidentialite-et-de-protection-des-donnees\/#breadcrumb\",\"itemListElement\":[{\"@type\":\"ListItem\",\"position\":1,\"name\":\"Portada\",\"item\":\"https:\/\/maderoterapiaonline.org\/fr\/\"},{\"@type\":\"ListItem\",\"position\":2,\"name\":\"Politique de confidentialit\u00e9 et de protection des donn\u00e9es\"}]},{\"@type\":\"WebSite\",\"@id\":\"https:\/\/maderoterapiaonline.org\/fr\/#website\",\"url\":\"https:\/\/maderoterapiaonline.org\/fr\/\",\"name\":\"Maderoterapia Online\",\"description\":\"Compra tu kit de Maderoterapia Profesional. Env\u00edos 24\/48h. Atenci\u00f3n al cliente por profesionales Maderoterapeutas\",\"publisher\":{\"@id\":\"https:\/\/maderoterapiaonline.org\/fr\/#organization\"},\"alternateName\":\"Maderoterapiaonline.org\",\"potentialAction\":[{\"@type\":\"SearchAction\",\"target\":{\"@type\":\"EntryPoint\",\"urlTemplate\":\"https:\/\/maderoterapiaonline.org\/fr\/?s={search_term_string}\"},\"query-input\":{\"@type\":\"PropertyValueSpecification\",\"valueRequired\":true,\"valueName\":\"search_term_string\"}}],\"inLanguage\":\"fr-FR\"},{\"@type\":\"Organization\",\"@id\":\"https:\/\/maderoterapiaonline.org\/fr\/#organization\",\"name\":\"Maderoterapia Est\u00e9tica Espa\u00f1a \u2013 Dori L\u00f3pez\u00ae y Escuela Profesional Maderoterapia Online\u00ae.\",\"url\":\"https:\/\/maderoterapiaonline.org\/fr\/\",\"logo\":{\"@type\":\"ImageObject\",\"inLanguage\":\"fr-FR\",\"@id\":\"https:\/\/maderoterapiaonline.org\/fr\/#\/schema\/logo\/image\/\",\"url\":\"https:\/\/maderoterapiaonline.org\/wp-content\/uploads\/2025\/03\/Logo-M-1.png\",\"contentUrl\":\"https:\/\/maderoterapiaonline.org\/wp-content\/uploads\/2025\/03\/Logo-M-1.png\",\"width\":1464,\"height\":1051,\"caption\":\"Maderoterapia Est\u00e9tica Espa\u00f1a \u2013 Dori L\u00f3pez\u00ae y Escuela Profesional Maderoterapia Online\u00ae.\"},\"image\":{\"@id\":\"https:\/\/maderoterapiaonline.org\/fr\/#\/schema\/logo\/image\/\"}}]}<\/script>\n<!-- \/ Yoast SEO plugin. -->","yoast_head_json":{"title":"Politique de confidentialit\u00e9 et de protection des donn\u00e9es - Maderoterapia Online","robots":{"index":"index","follow":"follow","max-snippet":"max-snippet:-1","max-image-preview":"max-image-preview:large","max-video-preview":"max-video-preview:-1"},"canonical":"https:\/\/maderoterapiaonline.org\/fr\/politique-de-confidentialite-et-de-protection-des-donnees\/","og_locale":"fr_FR","og_type":"article","og_title":"Politique de confidentialit\u00e9 et de protection des donn\u00e9es - Maderoterapia Online","og_description":"POLITIQUE DE CONFIDENTIALIT\u00c9 ET DE PROTECTION DES DONN\u00c9ESEn tant que responsables de \"Escuela Profesional de Maderoterapia\" et propri\u00e9taires de ce site Web, nous souhaitons vous informer que ce site Web et l'entreprise qui en est \u00e0 l'origine respectent les r\u00e9glementations espagnoles et europ\u00e9ennes en vigueur en mati\u00e8re de protection des donn\u00e9es. Si vous avez besoin [&hellip;]","og_url":"https:\/\/maderoterapiaonline.org\/fr\/politique-de-confidentialite-et-de-protection-des-donnees\/","og_site_name":"Maderoterapia Online","article_modified_time":"2025-07-22T13:07:34+00:00","twitter_card":"summary_large_image","twitter_misc":{"Dur\u00e9e de lecture estim\u00e9e":"2 minutes"},"schema":{"@context":"https:\/\/schema.org","@graph":[{"@type":"WebPage","@id":"https:\/\/maderoterapiaonline.org\/fr\/politique-de-confidentialite-et-de-protection-des-donnees\/","url":"https:\/\/maderoterapiaonline.org\/fr\/politique-de-confidentialite-et-de-protection-des-donnees\/","name":"Politique de confidentialit\u00e9 et de protection des donn\u00e9es - Maderoterapia Online","isPartOf":{"@id":"https:\/\/maderoterapiaonline.org\/fr\/#website"},"datePublished":"2023-04-27T16:57:02+00:00","dateModified":"2025-07-22T13:07:34+00:00","breadcrumb":{"@id":"https:\/\/maderoterapiaonline.org\/fr\/politique-de-confidentialite-et-de-protection-des-donnees\/#breadcrumb"},"inLanguage":"fr-FR","potentialAction":[{"@type":"ReadAction","target":["https:\/\/maderoterapiaonline.org\/fr\/politique-de-confidentialite-et-de-protection-des-donnees\/"]}]},{"@type":"BreadcrumbList","@id":"https:\/\/maderoterapiaonline.org\/fr\/politique-de-confidentialite-et-de-protection-des-donnees\/#breadcrumb","itemListElement":[{"@type":"ListItem","position":1,"name":"Portada","item":"https:\/\/maderoterapiaonline.org\/fr\/"},{"@type":"ListItem","position":2,"name":"Politique de confidentialit\u00e9 et de protection des donn\u00e9es"}]},{"@type":"WebSite","@id":"https:\/\/maderoterapiaonline.org\/fr\/#website","url":"https:\/\/maderoterapiaonline.org\/fr\/","name":"Maderoterapia Online","description":"Compra tu kit de Maderoterapia Profesional. Env\u00edos 24\/48h. Atenci\u00f3n al cliente por profesionales Maderoterapeutas","publisher":{"@id":"https:\/\/maderoterapiaonline.org\/fr\/#organization"},"alternateName":"Maderoterapiaonline.org","potentialAction":[{"@type":"SearchAction","target":{"@type":"EntryPoint","urlTemplate":"https:\/\/maderoterapiaonline.org\/fr\/?s={search_term_string}"},"query-input":{"@type":"PropertyValueSpecification","valueRequired":true,"valueName":"search_term_string"}}],"inLanguage":"fr-FR"},{"@type":"Organization","@id":"https:\/\/maderoterapiaonline.org\/fr\/#organization","name":"Maderoterapia Est\u00e9tica Espa\u00f1a \u2013 Dori L\u00f3pez\u00ae y Escuela Profesional Maderoterapia Online\u00ae.","url":"https:\/\/maderoterapiaonline.org\/fr\/","logo":{"@type":"ImageObject","inLanguage":"fr-FR","@id":"https:\/\/maderoterapiaonline.org\/fr\/#\/schema\/logo\/image\/","url":"https:\/\/maderoterapiaonline.org\/wp-content\/uploads\/2025\/03\/Logo-M-1.png","contentUrl":"https:\/\/maderoterapiaonline.org\/wp-content\/uploads\/2025\/03\/Logo-M-1.png","width":1464,"height":1051,"caption":"Maderoterapia Est\u00e9tica Espa\u00f1a \u2013 Dori L\u00f3pez\u00ae y Escuela Profesional Maderoterapia Online\u00ae."},"image":{"@id":"https:\/\/maderoterapiaonline.org\/fr\/#\/schema\/logo\/image\/"}}]}},"_links":{"self":[{"href":"https:\/\/maderoterapiaonline.org\/fr\/wp-json\/wp\/v2\/pages\/42342","targetHints":{"allow":["GET"]}}],"collection":[{"href":"https:\/\/maderoterapiaonline.org\/fr\/wp-json\/wp\/v2\/pages"}],"about":[{"href":"https:\/\/maderoterapiaonline.org\/fr\/wp-json\/wp\/v2\/types\/page"}],"author":[{"embeddable":true,"href":"https:\/\/maderoterapiaonline.org\/fr\/wp-json\/wp\/v2\/users\/1"}],"replies":[{"embeddable":true,"href":"https:\/\/maderoterapiaonline.org\/fr\/wp-json\/wp\/v2\/comments?post=42342"}],"version-history":[{"count":2,"href":"https:\/\/maderoterapiaonline.org\/fr\/wp-json\/wp\/v2\/pages\/42342\/revisions"}],"predecessor-version":[{"id":49266,"href":"https:\/\/maderoterapiaonline.org\/fr\/wp-json\/wp\/v2\/pages\/42342\/revisions\/49266"}],"wp:attachment":[{"href":"https:\/\/maderoterapiaonline.org\/fr\/wp-json\/wp\/v2\/media?parent=42342"}],"curies":[{"name":"wp","href":"https:\/\/api.w.org\/{rel}","templated":true}]}}