{"id":42308,"date":"2023-05-17T15:45:41","date_gmt":"2023-05-17T13:45:41","guid":{"rendered":"https:\/\/maderoterapiaonline.org\/politique-en-matiere-de-cookies\/"},"modified":"2024-04-15T18:06:35","modified_gmt":"2024-04-15T16:06:35","slug":"politique-en-matiere-de-cookies","status":"publish","type":"page","link":"https:\/\/maderoterapiaonline.org\/fr\/politique-en-matiere-de-cookies\/","title":{"rendered":"Politique en mati\u00e8re de cookies"},"content":{"rendered":"<div class=\"vce-row-container\" data-vce-boxed-width=\"true\"><div class=\"vce-row vce-row--col-gap-30 vce-row-equal-height vce-row-content--top\" id=\"el-174fbdfa\" data-vce-do-apply=\"all el-174fbdfa\"><div class=\"vce-row-content\" data-vce-element-content=\"true\"><div class=\"vce-col vce-col--md-auto vce-col--xs-1 vce-col--xs-last vce-col--xs-first vce-col--sm-last vce-col--sm-first vce-col--md-last vce-col--lg-last vce-col--xl-last vce-col--md-first vce-col--lg-first vce-col--xl-first\" id=\"el-4576c9aa\"><div class=\"vce-col-inner\" data-vce-do-apply=\"border margin background  el-4576c9aa\"><div class=\"vce-col-content\" data-vce-element-content=\"true\" data-vce-do-apply=\"padding el-4576c9aa\"><div class=\"vce-text-block\"><div class=\"vce-text-block-wrapper vce\" id=\"el-abd7c1b0\" data-vce-do-apply=\"all el-abd7c1b0\"><h1>Politique en mati\u00e8re de cookies<\/h1>\n<section class=\"elementor-section elementor-top-section elementor-element elementor-element-2414b143 elementor-section-boxed elementor-section-height-default elementor-section-height-default\" data-id=\"2414b143\" data-element_type=\"section\">\n<div class=\"elementor-container elementor-column-gap-default\">\n<div class=\"elementor-row\">\n<div class=\"elementor-column elementor-col-100 elementor-top-column elementor-element elementor-element-7e0e3182\" data-id=\"7e0e3182\" data-element_type=\"column\">\n<div class=\"elementor-column-wrap elementor-element-populated\">\n<div class=\"elementor-widget-wrap\">\n<div class=\"elementor-element elementor-element-402392d7 elementor-widget elementor-widget-text-editor\" data-id=\"402392d7\" data-element_type=\"widget\" data-widget_type=\"text-editor.default\">\n<div class=\"elementor-widget-container\">\n<div class=\"elementor-text-editor elementor-clearfix\">\n\nBienvenue sur maderoterapiaonline.org\n\nComme je vous l'ai indiqu\u00e9 lors de votre inscription, j'utilise des cookies propres et de tiers sur ce site web. Si vous avez acc\u00e9d\u00e9 et continuez \u00e0 naviguer, vous acceptez l'installation de ces cookies. Si vous ne les acceptez pas, je vous expliquerai ci-dessous comment les d\u00e9sactiver.\n\nLes cookies sont d\u00e9finis comme de petits fichiers texte qu'un site web stocke dans le navigateur de l'utilisateur et dont la fonction est de faciliter l'utilisation et la navigation sur ce site web, en \u00e9tant dans certains cas essentiels \u00e0 son fonctionnement. Pour ce faire, les habitudes de navigation de l'utilisateur sur ce site web particulier sont stock\u00e9es.\n\nLes cookies ne stockent pas vos informations personnelles, vos coordonn\u00e9es, vos coordonn\u00e9es bancaires ou toute autre donn\u00e9e. Vous pouvez \u00eatre assur\u00e9 que votre vie priv\u00e9e est prot\u00e9g\u00e9e.\n\nDans le cas de ce site web, les cookies utilis\u00e9s sont les suivants :\n\n<\/div>\n<\/div>\n<\/div>\n<\/div>\n<\/div>\n<\/div>\n<\/div>\n<\/div>\n<\/section><section class=\"elementor-section elementor-top-section elementor-element elementor-element-4f877e54 elementor-section-boxed elementor-section-height-default elementor-section-height-default\" data-id=\"4f877e54\" data-element_type=\"section\">\n<div class=\"elementor-container elementor-column-gap-default\">\n<div class=\"elementor-row\">\n<div class=\"elementor-column elementor-col-100 elementor-top-column elementor-element elementor-element-30374546\" data-id=\"30374546\" data-element_type=\"column\">\n<div class=\"elementor-column-wrap elementor-element-populated\">\n<div class=\"elementor-widget-wrap\">\n<div class=\"elementor-element elementor-element-44e41acb elementor-widget elementor-widget-image\" data-id=\"44e41acb\" data-element_type=\"widget\" data-widget_type=\"image.default\">\n<div class=\"elementor-widget-container\">\n<div class=\"elementor-image\"><img loading=\"lazy\" decoding=\"async\" class=\"alignnone size-medium wp-image-38084\" src=\"https:\/\/maderoterapiaonline.org\/wp-content\/uploads\/2023\/05\/Cookies-Google-300x50.png\" alt=\"\" width=\"300\" height=\"50\"><\/div>\n<\/div>\n<\/div>\n<\/div>\n<\/div>\n<\/div>\n<\/div>\n<\/div>\n<\/section><section class=\"elementor-section elementor-top-section elementor-element elementor-element-257c81a1 elementor-section-boxed elementor-section-height-default elementor-section-height-default\" data-id=\"257c81a1\" data-element_type=\"section\">\n<div class=\"elementor-container elementor-column-gap-default\">\n<div class=\"elementor-row\">\n<div class=\"elementor-column elementor-col-100 elementor-top-column elementor-element elementor-element-3f3cdf1b\" data-id=\"3f3cdf1b\" data-element_type=\"column\">\n<div class=\"elementor-column-wrap elementor-element-populated\">\n<div class=\"elementor-widget-wrap\">\n<div class=\"elementor-element elementor-element-49955da6 elementor-widget elementor-widget-text-editor\" data-id=\"49955da6\" data-element_type=\"widget\" data-widget_type=\"text-editor.default\">\n<div class=\"elementor-widget-container\">\n<div class=\"elementor-text-editor elementor-clearfix\">\n<p class=\"p1\"><span class=\"s1\">Occasionnellement, je peux utiliser des plug-ins pour faciliter le partage de contenu sur les r\u00e9seaux sociaux. Dans ces cas, les cookies qui peuvent \u00eatre install\u00e9s auront cette seule finalit\u00e9.<\/span><\/p>\n<p class=\"p1\"><span class=\"s1\">Vous pouvez \u00e9viter tout cela en acc\u00e9dant \u00e0 la navigation priv\u00e9e ou en la d\u00e9sactivant \u00e0 tout moment \u00e0 partir de votre navigateur. Voici les liens qui expliquent comment le faire \u00e0 partir des navigateurs les plus courants.<\/span><\/p>\n\n<ul>\n \t<li class=\"p2\"><span class=\"s2\">Firefox : <span class=\"s3\"><a href=\"http:\/\/support.mozilla.org\/es\/kb\/habilitar-y-deshabilitar-cookies-que-los-sitios-we\">http:\/\/support.mozilla.org\/es\/kb\/habilitar-y-deshabilitar-cookies-que-los-sitios-we<\/a><\/span><\/span><\/li>\n<\/ul>\n<ul>\n \t<li class=\"p2\"><span class=\"s2\">Safari : <span class=\"s3\"><a href=\"http:\/\/support.apple.com\/kb\/HT1677?viewlocale=es_ES\">http:\/\/support.apple.com\/kb\/HT1677?viewlocale=es_ES<\/a><\/span><\/span><\/li>\n<\/ul>\n<ul>\n \t<li class=\"p2\"><span class=\"s2\">Google Chrome : <span class=\"s3\"><a href=\"https:\/\/support.google.com\/chrome\/answer\/95647?hl=es\">https:\/\/support.google.com\/chrome\/answer\/95647?hl=es<\/a><\/span><\/span><\/li>\n<\/ul>\n<ul>\n \t<li class=\"p2\"><span class=\"s2\">Internet Explorer <a href=\"http:\/\/windows.microsoft.com\/es-ES\/windows-vista\/Block-or-allow-cookies\" rel=\"nofollow\">: http:\/\/windows.microsoft.com\/es-ES\/windows-vista\/Block-or-allow-cookies<\/a><\/span><\/li>\n<\/ul>\n<p class=\"p1\"><span class=\"s1\">Si vous avez des questions que vous souhaitez que je clarifie, \u00e9crivez-moi et nous en parlerons.<\/span><\/p>\n\n<\/div>\n<\/div>\n<\/div>\n<\/div>\n<\/div>\n<\/div>\n<\/div>\n<\/div>\n<\/section><\/div><\/div><\/div><\/div><\/div><\/div><\/div><\/div>\n","protected":false},"excerpt":{"rendered":"<p>Politique en mati\u00e8re de cookies Bienvenue sur maderoterapiaonline.org Comme je vous l&rsquo;ai indiqu\u00e9 lors de votre inscription, j&rsquo;utilise des cookies propres et de tiers sur ce site web. Si vous avez acc\u00e9d\u00e9 et continuez \u00e0 naviguer, vous acceptez l&rsquo;installation de ces cookies. Si vous ne les acceptez pas, je vous expliquerai ci-dessous comment les d\u00e9sactiver. [&hellip;]<\/p>\n","protected":false},"author":1,"featured_media":0,"parent":0,"menu_order":0,"comment_status":"closed","ping_status":"closed","template":"","meta":{"content-type":"","footnotes":""},"class_list":["post-42308","page","type-page","status-publish","hentry"],"yoast_head":"<!-- This site is optimized with the Yoast SEO plugin v27.2 - https:\/\/yoast.com\/product\/yoast-seo-wordpress\/ -->\n<title>Politique en mati\u00e8re de cookies - Maderoterapia Online<\/title>\n<meta name=\"robots\" content=\"index, follow, max-snippet:-1, max-image-preview:large, max-video-preview:-1\" \/>\n<link rel=\"canonical\" href=\"https:\/\/maderoterapiaonline.org\/fr\/politique-en-matiere-de-cookies\/\" \/>\n<meta property=\"og:locale\" content=\"fr_FR\" \/>\n<meta property=\"og:type\" content=\"article\" \/>\n<meta property=\"og:title\" content=\"Politique en mati\u00e8re de cookies - Maderoterapia Online\" \/>\n<meta property=\"og:description\" content=\"Politique en mati\u00e8re de cookies Bienvenue sur maderoterapiaonline.org Comme je vous l&#039;ai indiqu\u00e9 lors de votre inscription, j&#039;utilise des cookies propres et de tiers sur ce site web. Si vous avez acc\u00e9d\u00e9 et continuez \u00e0 naviguer, vous acceptez l&#039;installation de ces cookies. Si vous ne les acceptez pas, je vous expliquerai ci-dessous comment les d\u00e9sactiver. [&hellip;]\" \/>\n<meta property=\"og:url\" content=\"https:\/\/maderoterapiaonline.org\/fr\/politique-en-matiere-de-cookies\/\" \/>\n<meta property=\"og:site_name\" content=\"Maderoterapia Online\" \/>\n<meta property=\"article:modified_time\" content=\"2024-04-15T16:06:35+00:00\" \/>\n<meta name=\"twitter:card\" content=\"summary_large_image\" \/>\n<meta name=\"twitter:label1\" content=\"Dur\u00e9e de lecture estim\u00e9e\" \/>\n\t<meta name=\"twitter:data1\" content=\"1 minute\" \/>\n<script type=\"application\/ld+json\" class=\"yoast-schema-graph\">{\"@context\":\"https:\/\/schema.org\",\"@graph\":[{\"@type\":\"WebPage\",\"@id\":\"https:\/\/maderoterapiaonline.org\/fr\/politique-en-matiere-de-cookies\/\",\"url\":\"https:\/\/maderoterapiaonline.org\/fr\/politique-en-matiere-de-cookies\/\",\"name\":\"Politique en mati\u00e8re de cookies - Maderoterapia Online\",\"isPartOf\":{\"@id\":\"https:\/\/maderoterapiaonline.org\/fr\/#website\"},\"datePublished\":\"2023-05-17T13:45:41+00:00\",\"dateModified\":\"2024-04-15T16:06:35+00:00\",\"breadcrumb\":{\"@id\":\"https:\/\/maderoterapiaonline.org\/fr\/politique-en-matiere-de-cookies\/#breadcrumb\"},\"inLanguage\":\"fr-FR\",\"potentialAction\":[{\"@type\":\"ReadAction\",\"target\":[\"https:\/\/maderoterapiaonline.org\/fr\/politique-en-matiere-de-cookies\/\"]}]},{\"@type\":\"BreadcrumbList\",\"@id\":\"https:\/\/maderoterapiaonline.org\/fr\/politique-en-matiere-de-cookies\/#breadcrumb\",\"itemListElement\":[{\"@type\":\"ListItem\",\"position\":1,\"name\":\"Portada\",\"item\":\"https:\/\/maderoterapiaonline.org\/fr\/\"},{\"@type\":\"ListItem\",\"position\":2,\"name\":\"Politique en mati\u00e8re de cookies\"}]},{\"@type\":\"WebSite\",\"@id\":\"https:\/\/maderoterapiaonline.org\/fr\/#website\",\"url\":\"https:\/\/maderoterapiaonline.org\/fr\/\",\"name\":\"Maderoterapia Online\",\"description\":\"Compra tu kit de Maderoterapia Profesional. Env\u00edos 24\/48h. Atenci\u00f3n al cliente por profesionales Maderoterapeutas\",\"publisher\":{\"@id\":\"https:\/\/maderoterapiaonline.org\/fr\/#organization\"},\"alternateName\":\"Maderoterapiaonline.org\",\"potentialAction\":[{\"@type\":\"SearchAction\",\"target\":{\"@type\":\"EntryPoint\",\"urlTemplate\":\"https:\/\/maderoterapiaonline.org\/fr\/?s={search_term_string}\"},\"query-input\":{\"@type\":\"PropertyValueSpecification\",\"valueRequired\":true,\"valueName\":\"search_term_string\"}}],\"inLanguage\":\"fr-FR\"},{\"@type\":\"Organization\",\"@id\":\"https:\/\/maderoterapiaonline.org\/fr\/#organization\",\"name\":\"Maderoterapia Est\u00e9tica Espa\u00f1a \u2013 Dori L\u00f3pez\u00ae y Escuela Profesional Maderoterapia Online\u00ae.\",\"url\":\"https:\/\/maderoterapiaonline.org\/fr\/\",\"logo\":{\"@type\":\"ImageObject\",\"inLanguage\":\"fr-FR\",\"@id\":\"https:\/\/maderoterapiaonline.org\/fr\/#\/schema\/logo\/image\/\",\"url\":\"https:\/\/maderoterapiaonline.org\/wp-content\/uploads\/2025\/03\/Logo-M-1.png\",\"contentUrl\":\"https:\/\/maderoterapiaonline.org\/wp-content\/uploads\/2025\/03\/Logo-M-1.png\",\"width\":1464,\"height\":1051,\"caption\":\"Maderoterapia Est\u00e9tica Espa\u00f1a \u2013 Dori L\u00f3pez\u00ae y Escuela Profesional Maderoterapia Online\u00ae.\"},\"image\":{\"@id\":\"https:\/\/maderoterapiaonline.org\/fr\/#\/schema\/logo\/image\/\"}}]}<\/script>\n<!-- \/ Yoast SEO plugin. -->","yoast_head_json":{"title":"Politique en mati\u00e8re de cookies - Maderoterapia Online","robots":{"index":"index","follow":"follow","max-snippet":"max-snippet:-1","max-image-preview":"max-image-preview:large","max-video-preview":"max-video-preview:-1"},"canonical":"https:\/\/maderoterapiaonline.org\/fr\/politique-en-matiere-de-cookies\/","og_locale":"fr_FR","og_type":"article","og_title":"Politique en mati\u00e8re de cookies - Maderoterapia Online","og_description":"Politique en mati\u00e8re de cookies Bienvenue sur maderoterapiaonline.org Comme je vous l'ai indiqu\u00e9 lors de votre inscription, j'utilise des cookies propres et de tiers sur ce site web. Si vous avez acc\u00e9d\u00e9 et continuez \u00e0 naviguer, vous acceptez l'installation de ces cookies. Si vous ne les acceptez pas, je vous expliquerai ci-dessous comment les d\u00e9sactiver. [&hellip;]","og_url":"https:\/\/maderoterapiaonline.org\/fr\/politique-en-matiere-de-cookies\/","og_site_name":"Maderoterapia Online","article_modified_time":"2024-04-15T16:06:35+00:00","twitter_card":"summary_large_image","twitter_misc":{"Dur\u00e9e de lecture estim\u00e9e":"1 minute"},"schema":{"@context":"https:\/\/schema.org","@graph":[{"@type":"WebPage","@id":"https:\/\/maderoterapiaonline.org\/fr\/politique-en-matiere-de-cookies\/","url":"https:\/\/maderoterapiaonline.org\/fr\/politique-en-matiere-de-cookies\/","name":"Politique en mati\u00e8re de cookies - Maderoterapia Online","isPartOf":{"@id":"https:\/\/maderoterapiaonline.org\/fr\/#website"},"datePublished":"2023-05-17T13:45:41+00:00","dateModified":"2024-04-15T16:06:35+00:00","breadcrumb":{"@id":"https:\/\/maderoterapiaonline.org\/fr\/politique-en-matiere-de-cookies\/#breadcrumb"},"inLanguage":"fr-FR","potentialAction":[{"@type":"ReadAction","target":["https:\/\/maderoterapiaonline.org\/fr\/politique-en-matiere-de-cookies\/"]}]},{"@type":"BreadcrumbList","@id":"https:\/\/maderoterapiaonline.org\/fr\/politique-en-matiere-de-cookies\/#breadcrumb","itemListElement":[{"@type":"ListItem","position":1,"name":"Portada","item":"https:\/\/maderoterapiaonline.org\/fr\/"},{"@type":"ListItem","position":2,"name":"Politique en mati\u00e8re de cookies"}]},{"@type":"WebSite","@id":"https:\/\/maderoterapiaonline.org\/fr\/#website","url":"https:\/\/maderoterapiaonline.org\/fr\/","name":"Maderoterapia Online","description":"Compra tu kit de Maderoterapia Profesional. Env\u00edos 24\/48h. Atenci\u00f3n al cliente por profesionales Maderoterapeutas","publisher":{"@id":"https:\/\/maderoterapiaonline.org\/fr\/#organization"},"alternateName":"Maderoterapiaonline.org","potentialAction":[{"@type":"SearchAction","target":{"@type":"EntryPoint","urlTemplate":"https:\/\/maderoterapiaonline.org\/fr\/?s={search_term_string}"},"query-input":{"@type":"PropertyValueSpecification","valueRequired":true,"valueName":"search_term_string"}}],"inLanguage":"fr-FR"},{"@type":"Organization","@id":"https:\/\/maderoterapiaonline.org\/fr\/#organization","name":"Maderoterapia Est\u00e9tica Espa\u00f1a \u2013 Dori L\u00f3pez\u00ae y Escuela Profesional Maderoterapia Online\u00ae.","url":"https:\/\/maderoterapiaonline.org\/fr\/","logo":{"@type":"ImageObject","inLanguage":"fr-FR","@id":"https:\/\/maderoterapiaonline.org\/fr\/#\/schema\/logo\/image\/","url":"https:\/\/maderoterapiaonline.org\/wp-content\/uploads\/2025\/03\/Logo-M-1.png","contentUrl":"https:\/\/maderoterapiaonline.org\/wp-content\/uploads\/2025\/03\/Logo-M-1.png","width":1464,"height":1051,"caption":"Maderoterapia Est\u00e9tica Espa\u00f1a \u2013 Dori L\u00f3pez\u00ae y Escuela Profesional Maderoterapia Online\u00ae."},"image":{"@id":"https:\/\/maderoterapiaonline.org\/fr\/#\/schema\/logo\/image\/"}}]}},"_links":{"self":[{"href":"https:\/\/maderoterapiaonline.org\/fr\/wp-json\/wp\/v2\/pages\/42308","targetHints":{"allow":["GET"]}}],"collection":[{"href":"https:\/\/maderoterapiaonline.org\/fr\/wp-json\/wp\/v2\/pages"}],"about":[{"href":"https:\/\/maderoterapiaonline.org\/fr\/wp-json\/wp\/v2\/types\/page"}],"author":[{"embeddable":true,"href":"https:\/\/maderoterapiaonline.org\/fr\/wp-json\/wp\/v2\/users\/1"}],"replies":[{"embeddable":true,"href":"https:\/\/maderoterapiaonline.org\/fr\/wp-json\/wp\/v2\/comments?post=42308"}],"version-history":[{"count":0,"href":"https:\/\/maderoterapiaonline.org\/fr\/wp-json\/wp\/v2\/pages\/42308\/revisions"}],"wp:attachment":[{"href":"https:\/\/maderoterapiaonline.org\/fr\/wp-json\/wp\/v2\/media?parent=42308"}],"curies":[{"name":"wp","href":"https:\/\/api.w.org\/{rel}","templated":true}]}}